{"id":3865,"date":"2017-04-24T00:00:00","date_gmt":"2017-05-03T09:53:09","guid":{"rendered":"http:\/\/backs.ocue.de\/?post_type=product&#038;p=3865\/"},"modified":"2017-06-01T13:10:16","modified_gmt":"2017-06-01T11:10:16","slug":"backs-taubentee-fluessig-mieszanka-belgijska-w-plynie","status":"publish","type":"product","link":"https:\/\/www.tauben-backs.de\/pl\/golebie\/naturalne-produkty-budulcowe-i-wzmacniajace\/backs-taubentee-fluessig-mieszanka-belgijska-w-plynie\/","title":{"rendered":"Backs Taubentee, fl\u00fcssig &#8211; mieszanka belgijska w p\u0142ynie"},"content":{"rendered":"<p>Nasza znana herbata teraz r\u00f3wnie\u017c jako p\u0142ynny koncentrat. \u0141atwa do zaaplikowania poprzez poid\u0142o lub z karm\u0105. Dzi\u0119ki szczeg\u00f3lnemu procesowi produkcji wszystkie substancje czynne, tak\u017ce te rozpuszczalne w t\u0142uszczach, zosta\u0142y optymalnie zachowane. <span class=\"auto-style1\"><br \/>\n<strong>Spos\u00f3b u\u017cycia:<\/strong> 20ml Backs Fl\u00fcssig Tee podajemy go\u0142\u0119biom raz dziennie na litr wody lub, je\u017celi podajemy mieszaj\u0105c z karm\u0105, na dwadzie\u015bcia pi\u0119\u0107 go\u0142\u0119bi.<\/span><\/p>\n","protected":false},"excerpt":{"rendered":"<p>Nasza znana herbata teraz r\u00f3wnie\u017c jako p\u0142ynny koncentrat. \u0141atwa do zaaplikowania poprzez poid\u0142o lub z karm\u0105. Dzi\u0119ki szczeg\u00f3lnemu procesowi produkcji wszystkie substancje czynne, tak\u017ce te rozpuszczalne w t\u0142uszczach, zosta\u0142y optymalnie zachowane.<br \/>\nSpos\u00f3b u\u017cycia: 20ml Backs Fl\u00fcssig Tee podajemy go\u0142\u0119biom raz dziennie na litr wody lub, je\u017celi podajemy mieszaj\u0105c z karm\u0105, na dwadzie\u015bcia pi\u0119\u0107 go\u0142\u0119bi.<\/p>\n","protected":false},"featured_media":5737,"comment_status":"closed","ping_status":"closed","template":"","meta":[],"product_brand":[],"product_cat":[240,244],"product_tag":[],"class_list":{"0":"post-3865","1":"product","2":"type-product","3":"status-publish","4":"has-post-thumbnail","6":"product_cat-golebie","7":"product_cat-naturalne-produkty-budulcowe-i-wzmacniajace","9":"first","10":"instock","11":"product-type-variable"},"_links":{"self":[{"href":"https:\/\/www.tauben-backs.de\/pl\/wp-json\/wp\/v2\/product\/3865","targetHints":{"allow":["GET"]}}],"collection":[{"href":"https:\/\/www.tauben-backs.de\/pl\/wp-json\/wp\/v2\/product"}],"about":[{"href":"https:\/\/www.tauben-backs.de\/pl\/wp-json\/wp\/v2\/types\/product"}],"replies":[{"embeddable":true,"href":"https:\/\/www.tauben-backs.de\/pl\/wp-json\/wp\/v2\/comments?post=3865"}],"wp:featuredmedia":[{"embeddable":true,"href":"https:\/\/www.tauben-backs.de\/pl\/wp-json\/wp\/v2\/media\/5737"}],"wp:attachment":[{"href":"https:\/\/www.tauben-backs.de\/pl\/wp-json\/wp\/v2\/media?parent=3865"}],"wp:term":[{"taxonomy":"product_brand","embeddable":true,"href":"https:\/\/www.tauben-backs.de\/pl\/wp-json\/wp\/v2\/product_brand?post=3865"},{"taxonomy":"product_cat","embeddable":true,"href":"https:\/\/www.tauben-backs.de\/pl\/wp-json\/wp\/v2\/product_cat?post=3865"},{"taxonomy":"product_tag","embeddable":true,"href":"https:\/\/www.tauben-backs.de\/pl\/wp-json\/wp\/v2\/product_tag?post=3865"}],"curies":[{"name":"wp","href":"https:\/\/api.w.org\/{rel}","templated":true}]}}