{"id":3864,"date":"2017-04-24T00:00:00","date_gmt":"2017-05-03T09:52:34","guid":{"rendered":"http:\/\/backs.ocue.de\/?post_type=product&#038;p=3864\/"},"modified":"2017-06-01T13:09:03","modified_gmt":"2017-06-01T11:09:03","slug":"backs-taubentee-belgijska-mieszanka","status":"publish","type":"product","link":"https:\/\/www.tauben-backs.de\/pl\/golebie\/naturalne-produkty-budulcowe-i-wzmacniajace\/backs-taubentee-belgijska-mieszanka\/","title":{"rendered":"Backs Taubentee &#8211; Belgijska mieszanka"},"content":{"rendered":"<p>sk\u0142ada si\u0119 z 20 wyselekcjonowanych r\u00f3\u017cych ro\u015blin zielnych, ich li\u015bci, korzeni i kwiat\u00f3w. Niestety nie mo\u017cemy ju\u017c pisa\u0107, do czego nasza herbata s\u0142u\u017cy, ale jest to prawdziwy produkt ca\u0142oroczny.<br \/>\n<span class=\"auto-style1\"><strong>Zastosowanie<\/strong>: Do litra wody nale\u017cy wsypa\u0107 \u0142y\u017ck\u0119 sto\u0142ow\u0105 herbaty Backs Tee, gotowa\u0107 trzy minuty, nast\u0119pnie zakry\u0107 pokrywk\u0105 i odstawi\u0107 na pi\u0119tna\u015bcie minut, po czym przela\u0107 przez sitko i ostudzi\u0107. W celu przygotowania go\u0142\u0119bi do chowu b\u0105d\u017a do lot\u00f3w, zaleca si\u0119 przeprowadzenie pi\u0119ciodniowej kuracji Backs Tee przed sparowaniem b\u0105d\u017a przed pierwszymi lotami treningowymi. Podczas sezonu lotowego, Backs Tee nale\u017cy poda\u0107 raz w tygodniu po locie, a w okresie pierzenia dwa razy tygodniowo. <\/span><\/p>\n","protected":false},"excerpt":{"rendered":"<p>sk\u0142ada si\u0119 z 20 wyselekcjonowanych r\u00f3\u017cych ro\u015blin zielnych, ich li\u015bci, korzeni i kwiat\u00f3w. Niestety nie mo\u017cemy ju\u017c pisa\u0107, do czego nasza herbata s\u0142u\u017cy, ale jest to prawdziwy produkt ca\u0142oroczny.<br \/>\nZastosowanie: Do litra wody nale\u017cy wsypa\u0107 \u0142y\u017ck\u0119 sto\u0142ow\u0105 herbaty Backs Tee, gotowa\u0107 trzy minuty, nast\u0119pnie zakry\u0107 pokrywk\u0105 i odstawi\u0107 na pi\u0119tna\u015bcie minut, po czym przela\u0107 przez sitko i ostudzi\u0107. W celu przygotowania go\u0142\u0119bi do chowu b\u0105d\u017a do lot\u00f3w, zaleca si\u0119 przeprowadzenie pi\u0119ciodniowej kuracji Backs Tee przed sparowaniem b\u0105d\u017a przed pierwszymi lotami treningowymi. Podczas sezonu lotowego, Backs Tee nale\u017cy poda\u0107 raz w tygodniu po locie, a w okresie pierzenia dwa razy tygodniowo. <\/p>\n<p>300 g<\/p>\n","protected":false},"featured_media":5719,"comment_status":"closed","ping_status":"closed","template":"","meta":[],"product_brand":[],"product_cat":[240,244],"product_tag":[],"class_list":{"0":"post-3864","1":"product","2":"type-product","3":"status-publish","4":"has-post-thumbnail","6":"product_cat-golebie","7":"product_cat-naturalne-produkty-budulcowe-i-wzmacniajace","9":"first","10":"instock","11":"product-type-simple"},"_links":{"self":[{"href":"https:\/\/www.tauben-backs.de\/pl\/wp-json\/wp\/v2\/product\/3864","targetHints":{"allow":["GET"]}}],"collection":[{"href":"https:\/\/www.tauben-backs.de\/pl\/wp-json\/wp\/v2\/product"}],"about":[{"href":"https:\/\/www.tauben-backs.de\/pl\/wp-json\/wp\/v2\/types\/product"}],"replies":[{"embeddable":true,"href":"https:\/\/www.tauben-backs.de\/pl\/wp-json\/wp\/v2\/comments?post=3864"}],"wp:featuredmedia":[{"embeddable":true,"href":"https:\/\/www.tauben-backs.de\/pl\/wp-json\/wp\/v2\/media\/5719"}],"wp:attachment":[{"href":"https:\/\/www.tauben-backs.de\/pl\/wp-json\/wp\/v2\/media?parent=3864"}],"wp:term":[{"taxonomy":"product_brand","embeddable":true,"href":"https:\/\/www.tauben-backs.de\/pl\/wp-json\/wp\/v2\/product_brand?post=3864"},{"taxonomy":"product_cat","embeddable":true,"href":"https:\/\/www.tauben-backs.de\/pl\/wp-json\/wp\/v2\/product_cat?post=3864"},{"taxonomy":"product_tag","embeddable":true,"href":"https:\/\/www.tauben-backs.de\/pl\/wp-json\/wp\/v2\/product_tag?post=3864"}],"curies":[{"name":"wp","href":"https:\/\/api.w.org\/{rel}","templated":true}]}}