{"id":3858,"date":"2017-04-24T00:00:00","date_gmt":"2017-05-03T09:51:20","guid":{"rendered":"http:\/\/backs.ocue.de\/?post_type=product&#038;p=3858\/"},"modified":"2017-06-01T13:05:54","modified_gmt":"2017-06-01T11:05:54","slug":"backs-meister-mix","status":"publish","type":"product","link":"https:\/\/www.tauben-backs.de\/pl\/drob-ozdobny\/produkty-budulcowe-i-wzmacniajace-dla-drobiu\/backs-meister-mix\/","title":{"rendered":"Backs Meister-Mix"},"content":{"rendered":"<p>Zawiera wiele naturalnych sk\u0142adnik\u00f3w, takich jak: czosnek, cebula, marchew, buraczki, nasiona czarnuszki, py\u0142ki kwiatowe, spirulina, ziemia okrzemkowa itp. Daje to mo\u017cliwo\u015b\u0107 naturalnego zaopatrzenia go\u0142\u0119bi w pierwiastki \u015bladowe, minera\u0142y aminokwasy i wiatminy. <strong>Backs Meister-Mix<\/strong>nale\u017cy podawa\u0107 2 x w tygodniu przez ca\u0142y rok.<br \/>\n<strong><span class=\"auto-style2\">Dawkowanie<\/span><\/strong><span class=\"auto-style2\">: do karmy 2 miarki na 20 go\u0142\u0119bi. <\/span><\/p>\n","protected":false},"excerpt":{"rendered":"<p>Zawiera wiele naturalnych sk\u0142adnik\u00f3w, takich jak: czosnek, cebula, marchew, buraczki, nasiona czarnuszki, py\u0142ki kwiatowe, spirulina, ziemia okrzemkowa itp. Daje to mo\u017cliwo\u015b\u0107 naturalnego zaopatrzenia go\u0142\u0119bi w pierwiastki \u015bladowe, minera\u0142y aminokwasy i wiatminy. Backs Meister-Mix nale\u017cy podawa\u0107 2 x w tygodniu przez ca\u0142y rok.<br \/>\nDawkowanie: do karmy 2 miarki na 20 go\u0142\u0119bi.<\/p>\n<p>500 g<br \/>\n1000 g<\/p>\n","protected":false},"featured_media":2578,"comment_status":"closed","ping_status":"closed","template":"","meta":[],"product_brand":[],"product_cat":[240,244,248,250],"product_tag":[],"class_list":{"0":"post-3858","1":"product","2":"type-product","3":"status-publish","4":"has-post-thumbnail","6":"product_cat-golebie","7":"product_cat-naturalne-produkty-budulcowe-i-wzmacniajace","8":"product_cat-drob-ozdobny","9":"product_cat-produkty-budulcowe-i-wzmacniajace-dla-drobiu","11":"first","12":"instock","13":"product-type-variable"},"_links":{"self":[{"href":"https:\/\/www.tauben-backs.de\/pl\/wp-json\/wp\/v2\/product\/3858","targetHints":{"allow":["GET"]}}],"collection":[{"href":"https:\/\/www.tauben-backs.de\/pl\/wp-json\/wp\/v2\/product"}],"about":[{"href":"https:\/\/www.tauben-backs.de\/pl\/wp-json\/wp\/v2\/types\/product"}],"replies":[{"embeddable":true,"href":"https:\/\/www.tauben-backs.de\/pl\/wp-json\/wp\/v2\/comments?post=3858"}],"wp:featuredmedia":[{"embeddable":true,"href":"https:\/\/www.tauben-backs.de\/pl\/wp-json\/wp\/v2\/media\/2578"}],"wp:attachment":[{"href":"https:\/\/www.tauben-backs.de\/pl\/wp-json\/wp\/v2\/media?parent=3858"}],"wp:term":[{"taxonomy":"product_brand","embeddable":true,"href":"https:\/\/www.tauben-backs.de\/pl\/wp-json\/wp\/v2\/product_brand?post=3858"},{"taxonomy":"product_cat","embeddable":true,"href":"https:\/\/www.tauben-backs.de\/pl\/wp-json\/wp\/v2\/product_cat?post=3858"},{"taxonomy":"product_tag","embeddable":true,"href":"https:\/\/www.tauben-backs.de\/pl\/wp-json\/wp\/v2\/product_tag?post=3858"}],"curies":[{"name":"wp","href":"https:\/\/api.w.org\/{rel}","templated":true}]}}