{"id":3857,"date":"2017-04-24T00:00:00","date_gmt":"2017-05-03T09:50:57","guid":{"rendered":"http:\/\/backs.ocue.de\/?post_type=product&#038;p=3857\/"},"modified":"2017-06-01T13:04:30","modified_gmt":"2017-06-01T11:04:30","slug":"backs-knoblauchoel-olej-czosnkowy","status":"publish","type":"product","link":"https:\/\/www.tauben-backs.de\/pl\/drob-ozdobny\/produkty-budulcowe-i-wzmacniajace-dla-drobiu\/backs-knoblauchoel-olej-czosnkowy\/","title":{"rendered":"Backs Knoblauch\u00f6l &#8211; olej czosnkowy"},"content":{"rendered":"<p>To natralny produkt dla go\u0142\u0119bi. Czosnek zawiera naturaln\u0105 substancj\u0119 czynn\u0105 &#8211; allicyn\u0119 oraz wiele innych substancji czynnych, zawieraj\u0105cych siark\u0119. Czosnek zawiera ponadto witaminy grupy B, bia\u0142ka, to znaczy aminokwasy, jak rwnie\u017c wap\u0144, fosfor selen i cynk. Czyni to <strong>Backs Kloblauch\u00f6l<\/strong> prawdziwym produktem ca\u0142orocznym.<br \/>\n<strong><span class=\"auto-style2\">Dawkowanie<\/span><\/strong><span class=\"auto-style2\">: do karmy 5 ml na 20 go\u0142\u0119bi na dzie\u0144 <\/span><\/p>\n","protected":false},"excerpt":{"rendered":"<p>To natralny produkt dla go\u0142\u0119bi. Czosnek zawiera naturaln\u0105 substancj\u0119 czynn\u0105 &#8211; allicyn\u0119 oraz wiele innych substancji czynnych, zawieraj\u0105cych siark\u0119. Czosnek zawiera ponadto witaminy grupy B, bia\u0142ka, to znaczy aminokwasy, jak rwnie\u017c wap\u0144, fosfor selen i cynk. Czyni to Backs Kloblauch\u00f6l prawdziwym produktem ca\u0142orocznym.<br \/>\nDawkowanie: do karmy 5 ml na 20 go\u0142\u0119bi na dzie\u0144.<\/p>\n<p>250 ml<\/p>\n","protected":false},"featured_media":8772,"comment_status":"closed","ping_status":"closed","template":"","meta":[],"product_brand":[],"product_cat":[240,244,248,250],"product_tag":[],"class_list":{"0":"post-3857","1":"product","2":"type-product","3":"status-publish","4":"has-post-thumbnail","6":"product_cat-golebie","7":"product_cat-naturalne-produkty-budulcowe-i-wzmacniajace","8":"product_cat-drob-ozdobny","9":"product_cat-produkty-budulcowe-i-wzmacniajace-dla-drobiu","11":"first","12":"instock","13":"product-type-simple"},"_links":{"self":[{"href":"https:\/\/www.tauben-backs.de\/pl\/wp-json\/wp\/v2\/product\/3857","targetHints":{"allow":["GET"]}}],"collection":[{"href":"https:\/\/www.tauben-backs.de\/pl\/wp-json\/wp\/v2\/product"}],"about":[{"href":"https:\/\/www.tauben-backs.de\/pl\/wp-json\/wp\/v2\/types\/product"}],"replies":[{"embeddable":true,"href":"https:\/\/www.tauben-backs.de\/pl\/wp-json\/wp\/v2\/comments?post=3857"}],"wp:featuredmedia":[{"embeddable":true,"href":"https:\/\/www.tauben-backs.de\/pl\/wp-json\/wp\/v2\/media\/8772"}],"wp:attachment":[{"href":"https:\/\/www.tauben-backs.de\/pl\/wp-json\/wp\/v2\/media?parent=3857"}],"wp:term":[{"taxonomy":"product_brand","embeddable":true,"href":"https:\/\/www.tauben-backs.de\/pl\/wp-json\/wp\/v2\/product_brand?post=3857"},{"taxonomy":"product_cat","embeddable":true,"href":"https:\/\/www.tauben-backs.de\/pl\/wp-json\/wp\/v2\/product_cat?post=3857"},{"taxonomy":"product_tag","embeddable":true,"href":"https:\/\/www.tauben-backs.de\/pl\/wp-json\/wp\/v2\/product_tag?post=3857"}],"curies":[{"name":"wp","href":"https:\/\/api.w.org\/{rel}","templated":true}]}}