{"id":3856,"date":"2017-04-24T00:00:00","date_gmt":"2017-05-03T09:50:29","guid":{"rendered":"http:\/\/backs.ocue.de\/?post_type=product&#038;p=3856\/"},"modified":"2021-03-27T09:38:15","modified_gmt":"2021-03-27T08:38:15","slug":"backs-maiskeimoel-olej-z-kielkow-kukurydzy","status":"publish","type":"product","link":"https:\/\/www.tauben-backs.de\/pl\/drob-ozdobny\/produkty-budulcowe-i-wzmacniajace-dla-drobiu\/backs-maiskeimoel-olej-z-kielkow-kukurydzy\/","title":{"rendered":"Backs Maiskeim\u00f6l &#8211; olej z kie\u0142k\u00f3w kukurydzy"},"content":{"rendered":"<p>Zawiera bardzo du\u017co witaminy E i niezb\u0119dnych kwas\u00f3w t\u0142uszczowych. Dlatego w sezonie lotowym powinno si\u0119 podawa\u0107 <strong>Backs Maiskeim\u00f6l<\/strong>mieszaj\u0105c z karm\u0105 i dodawaj\u0105c <strong>Backs Extra Energie<\/strong>.<br \/>\n<strong><span class=\"auto-style2\">Dawkowanie<\/span><\/strong><span class=\"auto-style2\">: do karmy 5 ml na 20 go\u0142\u0119bi na dzie\u0144. <\/span><\/p>\n","protected":false},"excerpt":{"rendered":"<p>naturalny preparat witaminy E<\/p>\n<p>Wyr\u00f3\u017cnia si\u0119 szczeg\u00f3lnie du\u017c\u0105 zawarto\u015bci\u0105 naturalnej witaminy E. Z tego powodu jest szczeg\u00f3lnie wskazany jako domieszka do paszy przed \u0142\u0105czeniem w pary.<br \/>\nDawkowanie: do karmy 5 ml na 20 go\u0142\u0119bi na dzie\u0144.<\/p>\n<p>100 ml<br \/>\n250 ml<\/p>\n","protected":false},"featured_media":8784,"comment_status":"closed","ping_status":"closed","template":"","meta":[],"product_brand":[],"product_cat":[240,244,248,250],"product_tag":[],"class_list":{"0":"post-3856","1":"product","2":"type-product","3":"status-publish","4":"has-post-thumbnail","6":"product_cat-golebie","7":"product_cat-naturalne-produkty-budulcowe-i-wzmacniajace","8":"product_cat-drob-ozdobny","9":"product_cat-produkty-budulcowe-i-wzmacniajace-dla-drobiu","11":"first","12":"instock","13":"product-type-variable"},"_links":{"self":[{"href":"https:\/\/www.tauben-backs.de\/pl\/wp-json\/wp\/v2\/product\/3856","targetHints":{"allow":["GET"]}}],"collection":[{"href":"https:\/\/www.tauben-backs.de\/pl\/wp-json\/wp\/v2\/product"}],"about":[{"href":"https:\/\/www.tauben-backs.de\/pl\/wp-json\/wp\/v2\/types\/product"}],"replies":[{"embeddable":true,"href":"https:\/\/www.tauben-backs.de\/pl\/wp-json\/wp\/v2\/comments?post=3856"}],"wp:featuredmedia":[{"embeddable":true,"href":"https:\/\/www.tauben-backs.de\/pl\/wp-json\/wp\/v2\/media\/8784"}],"wp:attachment":[{"href":"https:\/\/www.tauben-backs.de\/pl\/wp-json\/wp\/v2\/media?parent=3856"}],"wp:term":[{"taxonomy":"product_brand","embeddable":true,"href":"https:\/\/www.tauben-backs.de\/pl\/wp-json\/wp\/v2\/product_brand?post=3856"},{"taxonomy":"product_cat","embeddable":true,"href":"https:\/\/www.tauben-backs.de\/pl\/wp-json\/wp\/v2\/product_cat?post=3856"},{"taxonomy":"product_tag","embeddable":true,"href":"https:\/\/www.tauben-backs.de\/pl\/wp-json\/wp\/v2\/product_tag?post=3856"}],"curies":[{"name":"wp","href":"https:\/\/api.w.org\/{rel}","templated":true}]}}