{"id":3852,"date":"2017-04-24T00:00:00","date_gmt":"2017-05-03T09:49:38","guid":{"rendered":"http:\/\/backs.ocue.de\/?post_type=product&#038;p=3852\/"},"modified":"2017-06-01T12:59:22","modified_gmt":"2017-06-01T10:59:22","slug":"backs-hanfoel","status":"publish","type":"product","link":"https:\/\/www.tauben-backs.de\/pl\/golebie\/naturalne-produkty-budulcowe-i-wzmacniajace\/backs-hanfoel\/","title":{"rendered":"Backs Hanf\u00f6l"},"content":{"rendered":"<p>Zawiera oko\u0142o 90% nienasyconych kwas\u00f3w t\u0142uszczowych, w tym omega-3, omega-6 i rzadki omega-9. Przez swoj\u0105 zawarto\u015b\u0107 t\u0142uszczy jest on doskona\u0142ym dostawc\u0105 energii dla go\u0142\u0119bi na loty. W okresie lot\u00f3w zaleca si\u0119 podawanie Backs Hanf\u00f6l przez 3 dni przed wk\u0142adaniem.<br \/>\n<span class=\"auto-style2\"><strong>Dawkowanie<\/strong>: do karmy 5 ml na 20 go\u0142\u0119bi. <\/span><\/p>\n","protected":false},"excerpt":{"rendered":"<p>Zawiera oko\u0142o 90% nienasyconych kwas\u00f3w t\u0142uszczowych, w tym omega-3, omega-6 i rzadki omega-9. Przez swoj\u0105 zawarto\u015b\u0107 t\u0142uszczy jest on doskona\u0142ym dostawc\u0105 energii dla go\u0142\u0119bi na loty. W okresie lot\u00f3w zaleca si\u0119 podawanie Backs Hanf\u00f6l przez 3 dni przed wk\u0142adaniem.<br \/>\nDawkowanie: do karmy 5 ml na 20 go\u0142\u0119bi. <\/p>\n<p>250 ml<\/p>\n","protected":false},"featured_media":8780,"comment_status":"closed","ping_status":"closed","template":"","meta":[],"product_brand":[],"product_cat":[240,244],"product_tag":[],"class_list":{"0":"post-3852","1":"product","2":"type-product","3":"status-publish","4":"has-post-thumbnail","6":"product_cat-golebie","7":"product_cat-naturalne-produkty-budulcowe-i-wzmacniajace","9":"first","10":"instock","11":"product-type-simple"},"_links":{"self":[{"href":"https:\/\/www.tauben-backs.de\/pl\/wp-json\/wp\/v2\/product\/3852","targetHints":{"allow":["GET"]}}],"collection":[{"href":"https:\/\/www.tauben-backs.de\/pl\/wp-json\/wp\/v2\/product"}],"about":[{"href":"https:\/\/www.tauben-backs.de\/pl\/wp-json\/wp\/v2\/types\/product"}],"replies":[{"embeddable":true,"href":"https:\/\/www.tauben-backs.de\/pl\/wp-json\/wp\/v2\/comments?post=3852"}],"wp:featuredmedia":[{"embeddable":true,"href":"https:\/\/www.tauben-backs.de\/pl\/wp-json\/wp\/v2\/media\/8780"}],"wp:attachment":[{"href":"https:\/\/www.tauben-backs.de\/pl\/wp-json\/wp\/v2\/media?parent=3852"}],"wp:term":[{"taxonomy":"product_brand","embeddable":true,"href":"https:\/\/www.tauben-backs.de\/pl\/wp-json\/wp\/v2\/product_brand?post=3852"},{"taxonomy":"product_cat","embeddable":true,"href":"https:\/\/www.tauben-backs.de\/pl\/wp-json\/wp\/v2\/product_cat?post=3852"},{"taxonomy":"product_tag","embeddable":true,"href":"https:\/\/www.tauben-backs.de\/pl\/wp-json\/wp\/v2\/product_tag?post=3852"}],"curies":[{"name":"wp","href":"https:\/\/api.w.org\/{rel}","templated":true}]}}