{"id":3850,"date":"2017-04-24T00:00:00","date_gmt":"2017-05-03T09:48:46","guid":{"rendered":"http:\/\/backs.ocue.de\/?post_type=product&#038;p=3850\/"},"modified":"2017-06-01T12:57:33","modified_gmt":"2017-06-01T10:57:33","slug":"backs-sojaoel-oregano","status":"publish","type":"product","link":"https:\/\/www.tauben-backs.de\/pl\/drob-ozdobny\/produkty-budulcowe-i-wzmacniajace-dla-drobiu\/backs-sojaoel-oregano\/","title":{"rendered":"Backs Soja\u00f6l &#038; Oregano &#8211; olej sojowy z oregano"},"content":{"rendered":"<p>Backs Soja\u00f6l &amp; Oregano zawiera olejki eteryczne.<\/p>\n","protected":false},"excerpt":{"rendered":"<p>Zawiera eteryczne oleje, wykazuj\u0105ce dzia\u0142anie wspomagaj\u0105ce trawienie i pobudzaj\u0105 wydzielanie \u017c\u00f3\u0142ci i enzym\u00f3w jelicie. Pozwala to zoptymalizowa\u0107 przebieg trawienia i polepszy\u0107 wykorzystanie karmy. Zak\u0142\u00f3cenia trawienne stanowi\u0105 po\u017cywk\u0119 dla licznych szkodliwych mikroorganizm\u00f3w oraz paso\u017cyt\u00f3w jelit. Do zak\u0142\u00f3ce\u0144 trawienia objawiaj\u0105cych si\u0119 bardziej lub mniej intensywnymi biegunkami mo\u017ce dochodzi\u0107 szczeg\u00f3lnie w sytuacjach wzmo\u017conego wysi\u0142ku organizmu. Biegunki takie s\u0105 wywo\u0142ywane mi\u0119dzy innymi przez nast\u0119puj\u0105ce bakterie i paso\u017cyty:<br \/>\nBakterie: salmonelle, E-coli, r\u00f3\u017cne kultury typu Pasteurella i Campylobacter, paciorkowce i pa\u0142eczki.<br \/>\nRobaki: glisty i w\u0142osienie,<br \/>\nGrzyby: kropidlaki, dro\u017cd\u017ce i promieniowce,<br \/>\nKokcydia: eimeria ssp<\/p>\n<p>Zastosowanie:<br \/>\nBacks Soja\u00f6l &#038; Oregano powinno si\u0119 podawa\u0107 przez okres tygodnia w celu przygotowania do okresu chowu. Odsadzone m\u0142ode go\u0142\u0119bie powinny otrzyma\u0107 Backs Soja\u00f6l &#038; Oregano przez dwa kolejne dni w tygodniu. Tak samo stosujemy preparat w okresie pierzenia W okresie lotowym zaleca si\u0119 podanie preparatu przez 1-2 dni na pocz\u0105tku tygodnia. Backs Soja\u00f6l &#038; Oreganonale\u017cy podawa\u0107 mieszaj\u0105c z karm\u0105.<\/p>\n<p>500 ml<\/p>\n","protected":false},"featured_media":5341,"comment_status":"closed","ping_status":"closed","template":"","meta":[],"product_brand":[],"product_cat":[240,244,248,250],"product_tag":[],"class_list":{"0":"post-3850","1":"product","2":"type-product","3":"status-publish","4":"has-post-thumbnail","6":"product_cat-golebie","7":"product_cat-naturalne-produkty-budulcowe-i-wzmacniajace","8":"product_cat-drob-ozdobny","9":"product_cat-produkty-budulcowe-i-wzmacniajace-dla-drobiu","11":"first","12":"instock","13":"product-type-simple"},"_links":{"self":[{"href":"https:\/\/www.tauben-backs.de\/pl\/wp-json\/wp\/v2\/product\/3850","targetHints":{"allow":["GET"]}}],"collection":[{"href":"https:\/\/www.tauben-backs.de\/pl\/wp-json\/wp\/v2\/product"}],"about":[{"href":"https:\/\/www.tauben-backs.de\/pl\/wp-json\/wp\/v2\/types\/product"}],"replies":[{"embeddable":true,"href":"https:\/\/www.tauben-backs.de\/pl\/wp-json\/wp\/v2\/comments?post=3850"}],"wp:featuredmedia":[{"embeddable":true,"href":"https:\/\/www.tauben-backs.de\/pl\/wp-json\/wp\/v2\/media\/5341"}],"wp:attachment":[{"href":"https:\/\/www.tauben-backs.de\/pl\/wp-json\/wp\/v2\/media?parent=3850"}],"wp:term":[{"taxonomy":"product_brand","embeddable":true,"href":"https:\/\/www.tauben-backs.de\/pl\/wp-json\/wp\/v2\/product_brand?post=3850"},{"taxonomy":"product_cat","embeddable":true,"href":"https:\/\/www.tauben-backs.de\/pl\/wp-json\/wp\/v2\/product_cat?post=3850"},{"taxonomy":"product_tag","embeddable":true,"href":"https:\/\/www.tauben-backs.de\/pl\/wp-json\/wp\/v2\/product_tag?post=3850"}],"curies":[{"name":"wp","href":"https:\/\/api.w.org\/{rel}","templated":true}]}}