{"id":3847,"date":"2017-04-24T00:00:00","date_gmt":"2017-05-03T09:48:18","guid":{"rendered":"http:\/\/backs.ocue.de\/?post_type=product&#038;p=3847\/"},"modified":"2021-03-27T09:37:46","modified_gmt":"2021-03-27T08:37:46","slug":"backs-lecithin-lecytyna","status":"publish","type":"product","link":"https:\/\/www.tauben-backs.de\/pl\/drob-ozdobny\/produkty-budulcowe-i-wzmacniajace-dla-drobiu\/backs-lecithin-lecytyna\/","title":{"rendered":"Backs Lecithin &#8211; lecytyna"},"content":{"rendered":"<p>Sta\u0142e obci\u0105\u017cenie podczas l\u0119g\u00f3w, lot\u00f3w lub pierzenia stawia przed organizmem go\u0142\u0119bia wysokie wymagania.<\/p>\n","protected":false},"excerpt":{"rendered":"<p>Sta\u0142e obci\u0105\u017cenie podczas l\u0119g\u00f3w, lot\u00f3w lub pierzenia stawia organizmowi go\u0142\u0119bia wysokie wymagania. St\u0105d bierze si\u0119 konieczno\u015b\u0107 zaopatrzenia wszystkich kom\u00f3rek cia\u0142a w niezb\u0119dne do \u017cycia sk\u0142adniki. Lecytyna jest istotn\u0105 cz\u0119\u015bci\u0105 \u017c\u00f3\u0142tka jaja. Znajduje si\u0119 nieomal we wszystkich cz\u0119\u015bciach cia\u0142a, przede wszystkim za\u015b w m\u00f3zgu i rdzeniu kr\u0119gowym. Tote\u017c lecytyna ma pierwszorz\u0119dne znaczenie dla ca\u0142ego organizmu. Dawno ju\u017c stwierdzono naukowo, \u017ce bez lecytyny \u017cadna kom\u00f3rka cia\u0142a nie mo\u017ce egzystowa\u0107, a tym samym niemo\u017cliwe jest \u017cycie bez niej. Ro\u015blinna lecytyna jest warto\u015bciow\u0105 substancj\u0105 czynn\u0105, kt\u00f3rej go\u0142\u0119bie niezwykle i stale potrzebuj\u0105. Dlatego jest wi\u0119c wskazanym dostarczanie go\u0142\u0119biom do dyspozycji Backs-Lecithin dwa lub trzy razy tygodniowo, w ci\u0105gu ca\u0142ego roku. <\/p>\n<p>100 ml<br \/>\n250 ml<\/p>\n","protected":false},"featured_media":8788,"comment_status":"closed","ping_status":"closed","template":"","meta":[],"product_brand":[],"product_cat":[240,244,248,250],"product_tag":[],"class_list":{"0":"post-3847","1":"product","2":"type-product","3":"status-publish","4":"has-post-thumbnail","6":"product_cat-golebie","7":"product_cat-naturalne-produkty-budulcowe-i-wzmacniajace","8":"product_cat-drob-ozdobny","9":"product_cat-produkty-budulcowe-i-wzmacniajace-dla-drobiu","11":"first","12":"instock","13":"product-type-variable"},"_links":{"self":[{"href":"https:\/\/www.tauben-backs.de\/pl\/wp-json\/wp\/v2\/product\/3847","targetHints":{"allow":["GET"]}}],"collection":[{"href":"https:\/\/www.tauben-backs.de\/pl\/wp-json\/wp\/v2\/product"}],"about":[{"href":"https:\/\/www.tauben-backs.de\/pl\/wp-json\/wp\/v2\/types\/product"}],"replies":[{"embeddable":true,"href":"https:\/\/www.tauben-backs.de\/pl\/wp-json\/wp\/v2\/comments?post=3847"}],"wp:featuredmedia":[{"embeddable":true,"href":"https:\/\/www.tauben-backs.de\/pl\/wp-json\/wp\/v2\/media\/8788"}],"wp:attachment":[{"href":"https:\/\/www.tauben-backs.de\/pl\/wp-json\/wp\/v2\/media?parent=3847"}],"wp:term":[{"taxonomy":"product_brand","embeddable":true,"href":"https:\/\/www.tauben-backs.de\/pl\/wp-json\/wp\/v2\/product_brand?post=3847"},{"taxonomy":"product_cat","embeddable":true,"href":"https:\/\/www.tauben-backs.de\/pl\/wp-json\/wp\/v2\/product_cat?post=3847"},{"taxonomy":"product_tag","embeddable":true,"href":"https:\/\/www.tauben-backs.de\/pl\/wp-json\/wp\/v2\/product_tag?post=3847"}],"curies":[{"name":"wp","href":"https:\/\/api.w.org\/{rel}","templated":true}]}}