{"id":3839,"date":"2017-04-24T00:00:00","date_gmt":"2017-05-03T09:46:59","guid":{"rendered":"http:\/\/backs.ocue.de\/?post_type=product&#038;p=3839\/"},"modified":"2017-06-01T12:52:34","modified_gmt":"2017-06-01T10:52:34","slug":"backs-omega-plus-oel","status":"publish","type":"product","link":"https:\/\/www.tauben-backs.de\/pl\/golebie\/naturalne-produkty-budulcowe-i-wzmacniajace\/backs-omega-plus-oel\/","title":{"rendered":"Backs Omega-Plus-\u00d6l"},"content":{"rendered":"<p>Olej <strong>Backs Omega-Plus-\u00d6l<\/strong> stworzono wed\u0142ug najnowszych bada\u0144 naukowych w dziedzinie od\u017cywiania go\u0142\u0119bi pocztowych. Poprzez optymaln\u0105 kombinacj\u0119 kwas\u00f3w t\u0142uszczowych omega osi\u0105ga si\u0119 zwi\u0119kszone wydobycie pok\u0142ad\u00f3w energii u go\u0142\u0119bi. Dzi\u0119ki zawarto\u015bci lecytyny poprawia przemian\u0119 materii, magazynowanie i transport kwas\u00f3w t\u0142uszczowych w organizmie. Dlatego te\u017c produkt zaleca si\u0119 stosowa\u0107 przez ca\u0142y rok, 2-3 razy w tygodniu.<br \/>\n<span class=\"auto-style1\"><strong>Dawkowanie<\/strong>: 5 ml na 20 go\u0142\u0119bi poda\u0107 raz dziennie, podawa\u0107 przez karm\u0119. <\/span><\/p>\n","protected":false},"excerpt":{"rendered":"<p>Olej Backs Omega-Plus-\u00d6l stworzono wed\u0142ug najnowszych bada\u0144 naukowych w dziedzinie od\u017cywiania go\u0142\u0119bi pocztowych. Poprzez optymaln\u0105 kombinacj\u0119 kwas\u00f3w t\u0142uszczowych omega osi\u0105ga si\u0119 zwi\u0119kszone wydobycie pok\u0142ad\u00f3w energii u go\u0142\u0119bi. Dzi\u0119ki zawarto\u015bci lecytyny poprawia przemian\u0119 materii, magazynowanie i transport kwas\u00f3w t\u0142uszczowych w organizmie. Dlatego te\u017c produkt zaleca si\u0119 stosowa\u0107 przez ca\u0142y rok, 2-3 razy w tygodniu.<br \/>\nDawkowanie: 5 ml na 20 go\u0142\u0119bi poda\u0107 raz dziennie, podawa\u0107 przez karm\u0119. <\/p>\n<p>250 ml<br \/>\n500 ml<\/p>\n","protected":false},"featured_media":5652,"comment_status":"closed","ping_status":"closed","template":"","meta":[],"product_brand":[],"product_cat":[240,244],"product_tag":[],"class_list":{"0":"post-3839","1":"product","2":"type-product","3":"status-publish","4":"has-post-thumbnail","6":"product_cat-golebie","7":"product_cat-naturalne-produkty-budulcowe-i-wzmacniajace","9":"first","10":"instock","11":"product-type-variable"},"_links":{"self":[{"href":"https:\/\/www.tauben-backs.de\/pl\/wp-json\/wp\/v2\/product\/3839","targetHints":{"allow":["GET"]}}],"collection":[{"href":"https:\/\/www.tauben-backs.de\/pl\/wp-json\/wp\/v2\/product"}],"about":[{"href":"https:\/\/www.tauben-backs.de\/pl\/wp-json\/wp\/v2\/types\/product"}],"replies":[{"embeddable":true,"href":"https:\/\/www.tauben-backs.de\/pl\/wp-json\/wp\/v2\/comments?post=3839"}],"wp:featuredmedia":[{"embeddable":true,"href":"https:\/\/www.tauben-backs.de\/pl\/wp-json\/wp\/v2\/media\/5652"}],"wp:attachment":[{"href":"https:\/\/www.tauben-backs.de\/pl\/wp-json\/wp\/v2\/media?parent=3839"}],"wp:term":[{"taxonomy":"product_brand","embeddable":true,"href":"https:\/\/www.tauben-backs.de\/pl\/wp-json\/wp\/v2\/product_brand?post=3839"},{"taxonomy":"product_cat","embeddable":true,"href":"https:\/\/www.tauben-backs.de\/pl\/wp-json\/wp\/v2\/product_cat?post=3839"},{"taxonomy":"product_tag","embeddable":true,"href":"https:\/\/www.tauben-backs.de\/pl\/wp-json\/wp\/v2\/product_tag?post=3839"}],"curies":[{"name":"wp","href":"https:\/\/api.w.org\/{rel}","templated":true}]}}