{"id":3838,"date":"2017-04-24T00:00:00","date_gmt":"2017-05-03T09:46:34","guid":{"rendered":"http:\/\/backs.ocue.de\/?post_type=product&#038;p=3838\/"},"modified":"2017-06-01T12:51:18","modified_gmt":"2017-06-01T10:51:18","slug":"backs-extra-energie","status":"publish","type":"product","link":"https:\/\/www.tauben-backs.de\/pl\/golebie\/naturalne-produkty-budulcowe-i-wzmacniajace\/backs-extra-energie\/","title":{"rendered":"Backs Extra Energie"},"content":{"rendered":"<p>Backs Extra Energie zawiera wysokowarto\u015bciowe w\u0119glowodany, witamin\u0119 B12, witamin\u0119 C i elektrolity. Starannie dobrane w\u0119glowodany gwarantuj\u0105 r\u00f3wnomiern\u0105 przemian\u0119 w glikogen. Ze wzgl\u0119du na sk\u0142ad produktu mo\u017cliwe jest d\u0142u\u017csze korzystanie z energii pochodz\u0105cej z w\u0119glowodan\u00f3w przez go\u0142\u0119bia. Witamina C chroni kom\u00f3rki go\u0142\u0119bia, a elektrolity reguluj\u0105 gospodark\u0119 wodn\u0105 organizmu. Zapewniaj\u0105 one dostateczne nawodnienie, co ma szczeg\u00f3lnie du\u017ce znaczenie w czasie trudnych lot\u00f3w i wysokich temperatur. <strong>Backs Extra Energie<\/strong> to kompletny produkt do stosowania na dwa dni przed koszowaniem. <span class=\"auto-style1\"><strong>Dawkowanie<\/strong>: do karmy 10g (2 miarki) na 20 go\u0142\u0119bi na 1 dzie\u0144. <\/span><\/p>\n","protected":false},"excerpt":{"rendered":"<p>Backs Extra Energie zawiera wysokowarto\u015bciowe w\u0119glowodany, witamin\u0119 B12, witamin\u0119 C i elektrolity. Starannie dobrane w\u0119glowodany gwarantuj\u0105 r\u00f3wnomiern\u0105 przemian\u0119 w glikogen. Ze wzgl\u0119du na sk\u0142ad produktu mo\u017cliwe jest d\u0142u\u017csze korzystanie z energii pochodz\u0105cej z w\u0119glowodan\u00f3w przez go\u0142\u0119bia. Witamina C chroni kom\u00f3rki go\u0142\u0119bia, a elektrolity reguluj\u0105 gospodark\u0119 wodn\u0105 organizmu. Zapewniaj\u0105 one dostateczne nawodnienie, co ma szczeg\u00f3lnie du\u017ce znaczenie w czasie trudnych lot\u00f3w i wysokich temperatur. Backs Extra Energie to kompletny produkt do stosowania na dwa dni przed koszowaniem. Dawkowanie: do karmy 10g (2 miarki) na 20 go\u0142\u0119bi na 1 dzie\u0144. <\/p>\n<p>400 g<\/p>\n","protected":false},"featured_media":5655,"comment_status":"closed","ping_status":"closed","template":"","meta":[],"product_brand":[],"product_cat":[240,244],"product_tag":[],"class_list":{"0":"post-3838","1":"product","2":"type-product","3":"status-publish","4":"has-post-thumbnail","6":"product_cat-golebie","7":"product_cat-naturalne-produkty-budulcowe-i-wzmacniajace","9":"first","10":"instock","11":"product-type-simple"},"_links":{"self":[{"href":"https:\/\/www.tauben-backs.de\/pl\/wp-json\/wp\/v2\/product\/3838","targetHints":{"allow":["GET"]}}],"collection":[{"href":"https:\/\/www.tauben-backs.de\/pl\/wp-json\/wp\/v2\/product"}],"about":[{"href":"https:\/\/www.tauben-backs.de\/pl\/wp-json\/wp\/v2\/types\/product"}],"replies":[{"embeddable":true,"href":"https:\/\/www.tauben-backs.de\/pl\/wp-json\/wp\/v2\/comments?post=3838"}],"wp:featuredmedia":[{"embeddable":true,"href":"https:\/\/www.tauben-backs.de\/pl\/wp-json\/wp\/v2\/media\/5655"}],"wp:attachment":[{"href":"https:\/\/www.tauben-backs.de\/pl\/wp-json\/wp\/v2\/media?parent=3838"}],"wp:term":[{"taxonomy":"product_brand","embeddable":true,"href":"https:\/\/www.tauben-backs.de\/pl\/wp-json\/wp\/v2\/product_brand?post=3838"},{"taxonomy":"product_cat","embeddable":true,"href":"https:\/\/www.tauben-backs.de\/pl\/wp-json\/wp\/v2\/product_cat?post=3838"},{"taxonomy":"product_tag","embeddable":true,"href":"https:\/\/www.tauben-backs.de\/pl\/wp-json\/wp\/v2\/product_tag?post=3838"}],"curies":[{"name":"wp","href":"https:\/\/api.w.org\/{rel}","templated":true}]}}