{"id":3832,"date":"2017-04-24T00:00:00","date_gmt":"2017-05-03T09:43:50","guid":{"rendered":"http:\/\/backs.ocue.de\/?post_type=product&#038;p=3832\/"},"modified":"2017-06-01T12:45:03","modified_gmt":"2017-06-01T10:45:03","slug":"backs-vitamin-e-selen","status":"publish","type":"product","link":"https:\/\/www.tauben-backs.de\/pl\/golebie\/naturalne-produkty-budulcowe-i-wzmacniajace\/backs-vitamin-e-selen\/","title":{"rendered":"Backs Vitamin E + Selen"},"content":{"rendered":"<p>Witamina E steruje przemian\u0105 w\u0119glowodan\u00f3w i substancji zawartych w mi\u0119\u015bniach, reguluje zawarto\u015b\u0107 glikogenu i wspiera czynno\u015bci gruczo\u0142\u00f3w.<br \/>\n<span class=\"auto-style1\"><strong>Dawkowanie<\/strong>: do wody \u2013 2 ml na 1l wody; do karmy \u2013 2 ml na 25 go\u0142\u0119bi. <\/span><\/p>\n","protected":false},"excerpt":{"rendered":"<p>Witamina E steruje przemian\u0105 w\u0119glowodan\u00f3w i substancji zawartych w mi\u0119\u015bniach, reguluje zawarto\u015b\u0107 glikogenu i wspiera czynno\u015bci gruczo\u0142\u00f3w.<br \/>\nDawkowanie: do wody \u2013 2 ml na 1l wody; do karmy \u2013 2 ml na 25 go\u0142\u0119bi. <\/p>\n<p>100 ml<\/p>\n","protected":false},"featured_media":8768,"comment_status":"closed","ping_status":"closed","template":"","meta":[],"product_brand":[],"product_cat":[240,244,248],"product_tag":[],"class_list":{"0":"post-3832","1":"product","2":"type-product","3":"status-publish","4":"has-post-thumbnail","6":"product_cat-golebie","7":"product_cat-naturalne-produkty-budulcowe-i-wzmacniajace","8":"product_cat-drob-ozdobny","10":"first","11":"instock","12":"product-type-simple"},"_links":{"self":[{"href":"https:\/\/www.tauben-backs.de\/pl\/wp-json\/wp\/v2\/product\/3832","targetHints":{"allow":["GET"]}}],"collection":[{"href":"https:\/\/www.tauben-backs.de\/pl\/wp-json\/wp\/v2\/product"}],"about":[{"href":"https:\/\/www.tauben-backs.de\/pl\/wp-json\/wp\/v2\/types\/product"}],"replies":[{"embeddable":true,"href":"https:\/\/www.tauben-backs.de\/pl\/wp-json\/wp\/v2\/comments?post=3832"}],"wp:featuredmedia":[{"embeddable":true,"href":"https:\/\/www.tauben-backs.de\/pl\/wp-json\/wp\/v2\/media\/8768"}],"wp:attachment":[{"href":"https:\/\/www.tauben-backs.de\/pl\/wp-json\/wp\/v2\/media?parent=3832"}],"wp:term":[{"taxonomy":"product_brand","embeddable":true,"href":"https:\/\/www.tauben-backs.de\/pl\/wp-json\/wp\/v2\/product_brand?post=3832"},{"taxonomy":"product_cat","embeddable":true,"href":"https:\/\/www.tauben-backs.de\/pl\/wp-json\/wp\/v2\/product_cat?post=3832"},{"taxonomy":"product_tag","embeddable":true,"href":"https:\/\/www.tauben-backs.de\/pl\/wp-json\/wp\/v2\/product_tag?post=3832"}],"curies":[{"name":"wp","href":"https:\/\/api.w.org\/{rel}","templated":true}]}}