{"id":3831,"date":"2017-04-24T00:00:00","date_gmt":"2017-05-03T09:43:20","guid":{"rendered":"http:\/\/backs.ocue.de\/?post_type=product&#038;p=3831\/"},"modified":"2017-06-01T12:43:45","modified_gmt":"2017-06-01T10:43:45","slug":"backs-vitamin-b-komplex-kompleks-witamin-b","status":"publish","type":"product","link":"https:\/\/www.tauben-backs.de\/pl\/drob-ozdobny\/produkty-budulcowe-i-wzmacniajace-dla-drobiu\/backs-vitamin-b-komplex-kompleks-witamin-b\/","title":{"rendered":"Backs Vitamin-B-Komplex &#8211; Kompleks witamin B"},"content":{"rendered":"<p>Jest rozpuszczalnym w wodzie koncentrantem. Witaminy grupy B spe\u0142niaj\u0105 w przemianie materii wielorakie zadania. Jako wa\u017cne elementy budulcowe ferment\u00f3w (enzym\u00f3w) witaminy grupy B maj\u0105 centralne znaczenie w przemianie w\u0119glowodan\u00f3w (cukrowc\u00f3w), bia\u0142ek i zwi\u0105zk\u00f3w t\u0142uszczowych. <strong>Backs Vitamin-B-Komplex<\/strong> nadaje si\u0119 przede wszystkim do uzupe\u0142niaj\u0105cego leczenia podczas zastosowania sulfonamid\u00f3w, antybiotyk\u00f3w jak i po szczepieniach.<br \/>\n<span class=\"auto-style1\"><strong>Dawkowanie<\/strong>: do wody \u2013 5 ml na 1l wody; do karmy \u2013 5 ml na 25 go\u0142\u0119bi. <\/span><\/p>\n","protected":false},"excerpt":{"rendered":"<p>Jest rozpuszczalnym w wodzie koncentrantem. Witaminy grupy B spe\u0142niaj\u0105 w przemianie materii wielorakie zadania. Jako wa\u017cne elementy budulcowe ferment\u00f3w (enzym\u00f3w) witaminy grupy B maj\u0105 centralne znaczenie w przemianie w\u0119glowodan\u00f3w (cukrowc\u00f3w), bia\u0142ek i zwi\u0105zk\u00f3w t\u0142uszczowych. Backs Vitamin-B-Komplex nadaje si\u0119 przede wszystkim do uzupe\u0142niaj\u0105cego leczenia podczas zastosowania sulfonamid\u00f3w, antybiotyk\u00f3w jak i po szczepieniach.<br \/>\nDawkowanie: do wody \u2013 5 ml na 1l wody; do karmy \u2013 5 ml na 25 go\u0142\u0119bi.<\/p>\n<p>100 ml<\/p>\n","protected":false},"featured_media":8764,"comment_status":"closed","ping_status":"closed","template":"","meta":[],"product_brand":[],"product_cat":[240,244,248,250],"product_tag":[],"class_list":{"0":"post-3831","1":"product","2":"type-product","3":"status-publish","4":"has-post-thumbnail","6":"product_cat-golebie","7":"product_cat-naturalne-produkty-budulcowe-i-wzmacniajace","8":"product_cat-drob-ozdobny","9":"product_cat-produkty-budulcowe-i-wzmacniajace-dla-drobiu","11":"first","12":"instock","13":"product-type-simple"},"_links":{"self":[{"href":"https:\/\/www.tauben-backs.de\/pl\/wp-json\/wp\/v2\/product\/3831","targetHints":{"allow":["GET"]}}],"collection":[{"href":"https:\/\/www.tauben-backs.de\/pl\/wp-json\/wp\/v2\/product"}],"about":[{"href":"https:\/\/www.tauben-backs.de\/pl\/wp-json\/wp\/v2\/types\/product"}],"replies":[{"embeddable":true,"href":"https:\/\/www.tauben-backs.de\/pl\/wp-json\/wp\/v2\/comments?post=3831"}],"wp:featuredmedia":[{"embeddable":true,"href":"https:\/\/www.tauben-backs.de\/pl\/wp-json\/wp\/v2\/media\/8764"}],"wp:attachment":[{"href":"https:\/\/www.tauben-backs.de\/pl\/wp-json\/wp\/v2\/media?parent=3831"}],"wp:term":[{"taxonomy":"product_brand","embeddable":true,"href":"https:\/\/www.tauben-backs.de\/pl\/wp-json\/wp\/v2\/product_brand?post=3831"},{"taxonomy":"product_cat","embeddable":true,"href":"https:\/\/www.tauben-backs.de\/pl\/wp-json\/wp\/v2\/product_cat?post=3831"},{"taxonomy":"product_tag","embeddable":true,"href":"https:\/\/www.tauben-backs.de\/pl\/wp-json\/wp\/v2\/product_tag?post=3831"}],"curies":[{"name":"wp","href":"https:\/\/api.w.org\/{rel}","templated":true}]}}