{"id":3825,"date":"2017-04-24T00:00:00","date_gmt":"2017-05-03T09:42:23","guid":{"rendered":"http:\/\/backs.ocue.de\/?post_type=product&#038;p=3825\/"},"modified":"2020-02-10T14:49:26","modified_gmt":"2020-02-10T13:49:26","slug":"super-backsin-multivitamina","status":"publish","type":"product","link":"https:\/\/www.tauben-backs.de\/pl\/golebie\/naturalne-produkty-budulcowe-i-wzmacniajace\/super-backsin-multivitamina\/","title":{"rendered":"Super-Backsin &#8211; multivitamina"},"content":{"rendered":"<p><strong>Super Backsin<\/strong> stosuje si\u0119 do kr\u00f3tkoterminowego dodatkowego zaopatrzenia w witaminy. W okresie lot\u00f3w <strong>Super Backsin<\/strong> regeneruje zu\u017cyte zapasy witamin. Godna uwagi jest du\u017ca zawarto\u015b\u0107 witaminy D w <strong>Super Backsin<\/strong>. Gwarantuje ona wysoki poziom odk\u0142adania si\u0119 wapnia, a jak wiemy, dobre zaopatrzenie w wapno wp\u0142ywa pozytywnie na umi\u0119\u015bnienie go\u0142\u0119bi. <strong>Super Backsin<\/strong> powinien mie\u0107 pod r\u0119k\u0105 ka\u017cdy hodowca, je\u017celi zachodzi potrzeba przezwyci\u0119\u017cenia sytuacji stresowych i chorobowych.<br \/>\n<span class=\"auto-style1\"><strong>Dawkowanie<\/strong>: do wody \u2013 10ml na 1l wody na dzie\u0144; do karmy \u2013 10 ml na 25 go\u0142\u0119bi na dzie\u0144<\/span><\/p>\n","protected":false},"excerpt":{"rendered":"<p>Super Backsin stosuje si\u0119 do kr\u00f3tkoterminowego dodatkowego zaopatrzenia w witaminy. W okresie lot\u00f3w Super Backsin regeneruje zu\u017cyte zapasy witamin. Godna uwagi jest du\u017ca zawarto\u015b\u0107 witaminy D w Super Backsin. Gwarantuje ona wysoki poziom odk\u0142adania si\u0119 wapnia, a jak wiemy, dobre zaopatrzenie w wapno wp\u0142ywa pozytywnie na umi\u0119\u015bnienie go\u0142\u0119bi. Super Backsin powinien mie\u0107 pod r\u0119k\u0105 ka\u017cdy hodowca, je\u017celi zachodzi potrzeba przezwyci\u0119\u017cenia sytuacji stresowych i chorobowych.<br \/>\nDawkowanie: do wody \u2013 10ml na 1l wody na dzie\u0144; do karmy \u2013 10 ml na 25 go\u0142\u0119bi na dzie\u0144<\/p>\n<p>250 ml<br \/>\n500 ml<\/p>\n","protected":false},"featured_media":8796,"comment_status":"closed","ping_status":"closed","template":"","meta":[],"product_brand":[],"product_cat":[240,244],"product_tag":[],"class_list":{"0":"post-3825","1":"product","2":"type-product","3":"status-publish","4":"has-post-thumbnail","6":"product_cat-golebie","7":"product_cat-naturalne-produkty-budulcowe-i-wzmacniajace","9":"first","10":"instock","11":"product-type-variable"},"_links":{"self":[{"href":"https:\/\/www.tauben-backs.de\/pl\/wp-json\/wp\/v2\/product\/3825","targetHints":{"allow":["GET"]}}],"collection":[{"href":"https:\/\/www.tauben-backs.de\/pl\/wp-json\/wp\/v2\/product"}],"about":[{"href":"https:\/\/www.tauben-backs.de\/pl\/wp-json\/wp\/v2\/types\/product"}],"replies":[{"embeddable":true,"href":"https:\/\/www.tauben-backs.de\/pl\/wp-json\/wp\/v2\/comments?post=3825"}],"wp:featuredmedia":[{"embeddable":true,"href":"https:\/\/www.tauben-backs.de\/pl\/wp-json\/wp\/v2\/media\/8796"}],"wp:attachment":[{"href":"https:\/\/www.tauben-backs.de\/pl\/wp-json\/wp\/v2\/media?parent=3825"}],"wp:term":[{"taxonomy":"product_brand","embeddable":true,"href":"https:\/\/www.tauben-backs.de\/pl\/wp-json\/wp\/v2\/product_brand?post=3825"},{"taxonomy":"product_cat","embeddable":true,"href":"https:\/\/www.tauben-backs.de\/pl\/wp-json\/wp\/v2\/product_cat?post=3825"},{"taxonomy":"product_tag","embeddable":true,"href":"https:\/\/www.tauben-backs.de\/pl\/wp-json\/wp\/v2\/product_tag?post=3825"}],"curies":[{"name":"wp","href":"https:\/\/api.w.org\/{rel}","templated":true}]}}