{"id":3824,"date":"2017-04-24T00:00:00","date_gmt":"2017-05-03T09:40:33","guid":{"rendered":"http:\/\/backs.ocue.de\/?post_type=product&#038;p=3824\/"},"modified":"2020-02-10T14:47:15","modified_gmt":"2020-02-10T13:47:15","slug":"backs-schwefelbluete-kwiat-siarczany-na-pierzenie","status":"publish","type":"product","link":"https:\/\/www.tauben-backs.de\/pl\/drob-ozdobny\/produkty-budulcowe-i-wzmacniajace-dla-drobiu\/backs-schwefelbluete-kwiat-siarczany-na-pierzenie\/","title":{"rendered":"Backs Schwefelbl\u00fcte &#8211; kwiat siarczany, NA PIERZENIE!"},"content":{"rendered":"<p>Zaleca si\u0119 skarmianie <strong>Backs Schwefelbl\u00fcte<\/strong> przede wszystkim w okresie pierzenia. Siarka wchodzi w sk\u0142ad wielu zwi\u0105zk\u00f3w bia\u0142kowych w organi\u017amie go\u0142\u0119bia i odgrywa szczeg\u00f3ln\u0105 rol\u0119 w tworzeniu si\u0119 nowego upierzenia.<br \/>\n<span class=\"auto-style1\"><strong>Zalecenia prawid\u0142owego stosowania:<\/strong> 5g (1 p\u0142aska miarka) na 30 go\u0142\u0119bi, zmiesza\u0107 ze zwil\u017con\u0105 karm\u0105. Do zwil\u017cenia karmy zalecamy <strong>Backs Glut-Amin <\/strong>lub <strong>Backs Omega-Plus-\u00d6l <\/strong><\/span><\/p>\n","protected":false},"excerpt":{"rendered":"<p>Zaleca si\u0119 skarmianie Backs Schwefelbl\u00fcte przede wszystkim w okresie pierzenia. Siarka wchodzi w sk\u0142ad wielu zwi\u0105zk\u00f3w bia\u0142kowych w organi\u017amie go\u0142\u0119bia i odgrywa szczeg\u00f3ln\u0105 rol\u0119 w tworzeniu si\u0119 nowego upierzenia.<br \/>\nZalecenia prawid\u0142owego stosowania: 5g (1 p\u0142aska miarka) na 30 go\u0142\u0119bi, zmiesza\u0107 ze zwil\u017con\u0105 karm\u0105. Do zwil\u017cenia karmy zalecamy Backs Glut-Amin lub Backs Omega-Plus-\u00d6l <\/p>\n<p>600 g<\/p>\n","protected":false},"featured_media":5626,"comment_status":"closed","ping_status":"closed","template":"","meta":[],"product_brand":[],"product_cat":[240,244,248,250],"product_tag":[],"class_list":{"0":"post-3824","1":"product","2":"type-product","3":"status-publish","4":"has-post-thumbnail","6":"product_cat-golebie","7":"product_cat-naturalne-produkty-budulcowe-i-wzmacniajace","8":"product_cat-drob-ozdobny","9":"product_cat-produkty-budulcowe-i-wzmacniajace-dla-drobiu","11":"first","12":"instock","13":"product-type-simple"},"_links":{"self":[{"href":"https:\/\/www.tauben-backs.de\/pl\/wp-json\/wp\/v2\/product\/3824","targetHints":{"allow":["GET"]}}],"collection":[{"href":"https:\/\/www.tauben-backs.de\/pl\/wp-json\/wp\/v2\/product"}],"about":[{"href":"https:\/\/www.tauben-backs.de\/pl\/wp-json\/wp\/v2\/types\/product"}],"replies":[{"embeddable":true,"href":"https:\/\/www.tauben-backs.de\/pl\/wp-json\/wp\/v2\/comments?post=3824"}],"wp:featuredmedia":[{"embeddable":true,"href":"https:\/\/www.tauben-backs.de\/pl\/wp-json\/wp\/v2\/media\/5626"}],"wp:attachment":[{"href":"https:\/\/www.tauben-backs.de\/pl\/wp-json\/wp\/v2\/media?parent=3824"}],"wp:term":[{"taxonomy":"product_brand","embeddable":true,"href":"https:\/\/www.tauben-backs.de\/pl\/wp-json\/wp\/v2\/product_brand?post=3824"},{"taxonomy":"product_cat","embeddable":true,"href":"https:\/\/www.tauben-backs.de\/pl\/wp-json\/wp\/v2\/product_cat?post=3824"},{"taxonomy":"product_tag","embeddable":true,"href":"https:\/\/www.tauben-backs.de\/pl\/wp-json\/wp\/v2\/product_tag?post=3824"}],"curies":[{"name":"wp","href":"https:\/\/api.w.org\/{rel}","templated":true}]}}