{"id":3821,"date":"2017-04-24T00:00:00","date_gmt":"2017-05-03T09:40:08","guid":{"rendered":"http:\/\/backs.ocue.de\/?post_type=product&#038;p=3821\/"},"modified":"2018-09-03T11:50:46","modified_gmt":"2018-09-03T09:50:46","slug":"backs-glut-amin","status":"publish","type":"product","link":"https:\/\/www.tauben-backs.de\/pl\/golebie\/naturalne-produkty-budulcowe-i-wzmacniajace\/backs-glut-amin\/","title":{"rendered":"Backs GLUT-AMIN"},"content":{"rendered":"<p>(roztw\u00f3r aminokwas\u00f3w)<\/p>\n<p>Zawiera wszystkie niezb\u0119dne do \u017cycia aminokwasy.<\/p>\n","protected":false},"excerpt":{"rendered":"<p>Mieszanka paszowa uzupe\u0142niaj\u0105ca dla go\u0142\u0119bi<\/p>\n<p>Backs Glut-Amin zawiera niezb\u0119dne do \u017cycia aminokwasy. Aminokwasy s\u0105 niezb\u0119dne dla wzrostu oraz pierzenia go\u0142\u0119bia. Glut- Amin zawiera r\u00f3wnie\u017c witaminy grupy B, glukoz\u0119 oraz elektrolity. Dlatego zaleca si\u0119 podawanie Glut- Amin po szczepieniach, kuracjach antybiotykowych, jak r\u00f3wnie\u017c przed i po lotach konkursowych.<br \/>\nSk\u0142ad:<br \/>\ncukier gronowy, kazeinian wapnia, chlorek wapnia, chlorek magnezu, chlorek potasu <\/p>\n<p>Wskazania prawid\u0142owego zastosowania:<br \/>\nBacks Glut- Amin najlepiej podawa\u0107 przez pi\u0119\u0107 dni przed sparowaniem, po kuracjach antybiotykowych i szczepieniach. W czasie chowu oraz w okresie pierzenia Glut- Amin podajemy dwa razy w tygodniu. W sezonie lotowym zaleca si\u0119 podawanie Glut- Amin zar\u00f3wno przed jak te\u017c i po locie. <\/p>\n<p>Dawkowanie:<br \/>\nje\u017celi Glut- Amin jest stosowane regularnie, podaje si\u0119 go 10 ml na 1 litr wody lub podaj\u0105c przez karm\u0119, 10 ml na 25 go\u0142\u0119bi. Je\u017celi Glut- Amin jest jedynie okazjonalnie stosowany, zaleca si\u0119 podwojenie dawki. <\/p>\n<p>500 ml<br \/>\n1000 ml<\/p>\n","protected":false},"featured_media":5623,"comment_status":"closed","ping_status":"closed","template":"","meta":[],"product_brand":[],"product_cat":[240,244],"product_tag":[],"class_list":{"0":"post-3821","1":"product","2":"type-product","3":"status-publish","4":"has-post-thumbnail","6":"product_cat-golebie","7":"product_cat-naturalne-produkty-budulcowe-i-wzmacniajace","9":"first","10":"instock","11":"featured","12":"product-type-variable"},"_links":{"self":[{"href":"https:\/\/www.tauben-backs.de\/pl\/wp-json\/wp\/v2\/product\/3821","targetHints":{"allow":["GET"]}}],"collection":[{"href":"https:\/\/www.tauben-backs.de\/pl\/wp-json\/wp\/v2\/product"}],"about":[{"href":"https:\/\/www.tauben-backs.de\/pl\/wp-json\/wp\/v2\/types\/product"}],"replies":[{"embeddable":true,"href":"https:\/\/www.tauben-backs.de\/pl\/wp-json\/wp\/v2\/comments?post=3821"}],"wp:featuredmedia":[{"embeddable":true,"href":"https:\/\/www.tauben-backs.de\/pl\/wp-json\/wp\/v2\/media\/5623"}],"wp:attachment":[{"href":"https:\/\/www.tauben-backs.de\/pl\/wp-json\/wp\/v2\/media?parent=3821"}],"wp:term":[{"taxonomy":"product_brand","embeddable":true,"href":"https:\/\/www.tauben-backs.de\/pl\/wp-json\/wp\/v2\/product_brand?post=3821"},{"taxonomy":"product_cat","embeddable":true,"href":"https:\/\/www.tauben-backs.de\/pl\/wp-json\/wp\/v2\/product_cat?post=3821"},{"taxonomy":"product_tag","embeddable":true,"href":"https:\/\/www.tauben-backs.de\/pl\/wp-json\/wp\/v2\/product_tag?post=3821"}],"curies":[{"name":"wp","href":"https:\/\/api.w.org\/{rel}","templated":true}]}}