{"id":3816,"date":"2017-04-24T00:00:00","date_gmt":"2017-05-03T09:38:30","guid":{"rendered":"http:\/\/backs.ocue.de\/?post_type=product&#038;p=3816\/"},"modified":"2018-11-22T14:04:56","modified_gmt":"2018-11-22T13:04:56","slug":"backsi-gen-drozdze-piwne-w-plynie","status":"publish","type":"product","link":"https:\/\/www.tauben-backs.de\/pl\/golebie\/naturalne-produkty-budulcowe-i-wzmacniajace\/backsi-gen-drozdze-piwne-w-plynie\/","title":{"rendered":"Backsi-Gen &#8211; dro\u017cd\u017ce piwne w p\u0142ynie"},"content":{"rendered":"<p>Backsi-Gen to Dro\u017cd\u017ce p\u0142ynne zdobyte w zupe\u0142nie naturalny spos\u00f3b.<\/p>\n","protected":false},"excerpt":{"rendered":"<p>Backsi-Gen to Dro\u017cd\u017ce p\u0142ynne zdobyte w zupe\u0142nie naturalny spos\u00f3b.<\/p>\n","protected":false},"featured_media":8800,"comment_status":"closed","ping_status":"closed","template":"","meta":[],"product_brand":[],"product_cat":[240,244],"product_tag":[],"class_list":{"0":"post-3816","1":"product","2":"type-product","3":"status-publish","4":"has-post-thumbnail","6":"product_cat-golebie","7":"product_cat-naturalne-produkty-budulcowe-i-wzmacniajace","9":"first","10":"instock","11":"product-type-variable"},"_links":{"self":[{"href":"https:\/\/www.tauben-backs.de\/pl\/wp-json\/wp\/v2\/product\/3816","targetHints":{"allow":["GET"]}}],"collection":[{"href":"https:\/\/www.tauben-backs.de\/pl\/wp-json\/wp\/v2\/product"}],"about":[{"href":"https:\/\/www.tauben-backs.de\/pl\/wp-json\/wp\/v2\/types\/product"}],"replies":[{"embeddable":true,"href":"https:\/\/www.tauben-backs.de\/pl\/wp-json\/wp\/v2\/comments?post=3816"}],"wp:featuredmedia":[{"embeddable":true,"href":"https:\/\/www.tauben-backs.de\/pl\/wp-json\/wp\/v2\/media\/8800"}],"wp:attachment":[{"href":"https:\/\/www.tauben-backs.de\/pl\/wp-json\/wp\/v2\/media?parent=3816"}],"wp:term":[{"taxonomy":"product_brand","embeddable":true,"href":"https:\/\/www.tauben-backs.de\/pl\/wp-json\/wp\/v2\/product_brand?post=3816"},{"taxonomy":"product_cat","embeddable":true,"href":"https:\/\/www.tauben-backs.de\/pl\/wp-json\/wp\/v2\/product_cat?post=3816"},{"taxonomy":"product_tag","embeddable":true,"href":"https:\/\/www.tauben-backs.de\/pl\/wp-json\/wp\/v2\/product_tag?post=3816"}],"curies":[{"name":"wp","href":"https:\/\/api.w.org\/{rel}","templated":true}]}}