{"id":3792,"date":"2017-04-24T00:00:00","date_gmt":"2017-05-03T09:28:55","guid":{"rendered":"http:\/\/backs.ocue.de\/?post_type=product&#038;p=3792\/"},"modified":"2017-06-01T12:05:21","modified_gmt":"2017-06-01T10:05:21","slug":"backs-bambino","status":"publish","type":"product","link":"https:\/\/www.tauben-backs.de\/pl\/drob-ozdobny\/produkty-budulcowe-i-wzmacniajace-dla-drobiu\/backs-bambino\/","title":{"rendered":"Backs Bambino"},"content":{"rendered":"<p>zawiera wysokiej jako\u015bci bia\u0142ko niezb\u0119dne do budowy umi\u0119\u015bnienia i upierzenia u m\u0142odych go\u0142\u0119bi. Poza tym Backs Bambino zawiera wysokiej jako\u015bci nasiona oraz mi\u00f3d.<\/p>\n","protected":false},"excerpt":{"rendered":"<p>to pasza jajeczna z krewetkami i mr\u00f3wczymi jajami, zawiera wysokiej jako\u015bci bia\u0142ko niezb\u0119dne do budowy umi\u0119\u015bnienia i upierzenia u m\u0142odych go\u0142\u0119bi. Poza tym Backs Bambino zawiera wysokiej jako\u015bci nasiona oraz mi\u00f3d. <\/p>\n<p>Mieszanka paszowa uzupe\u0142niaj\u0105ca dla go\u0142\u0119bi<\/p>\n<p>Sk\u0142ad: Biszkopt, sucharki, m\u0105ka sojowa, krewetki, mr\u00f3wcze jaja, konopia, nasiona ro\u015blin zielnych, siemi\u0119 lniane, mi\u00f3d, milo, dari, siemi\u0119 olejarki abisy\u0144skiej, kardi.<br \/>\nZastosowanie: Backs Bambino mo\u017cna lekko zwil\u017cy\u0107 i podawa\u0107 w osobnym karmidle. Do zwil\u017cenia karmy zalecamy Backs Omega Plus \u00d6l lub Lecithin, r\u00f3wnie\u017c zastosowanie Backs Moorkonzentrat dobrze si\u0119 sprawdzi\u0142o. W okresie chowu m\u0142odych Backs Bambino powinno by\u0107 podawane codziennie. Zalecamy zacz\u0105\u0107 podawanie po 8 dniu \u017cycia go\u0142\u0119bi. Po odsadzeniu Backs Bambino powinno by\u0107 podawane codziennie przez okres oko\u0142o 3 tygodni a\u017c do pe\u0142nego upierzenia. Potem Backs Bambino wystarczy podawa\u0107 przez dwa dni w tygodniu.<\/p>\n<p>Dawkowanie: 250g na 20 go\u0142\u0119bi. Po odsadzeniu, 250g na 40 go\u0142\u0119bi.<\/p>\n<p>Zalecenie skarmiania: Z powodu zwi\u0119kszonej, w por\u00f3wnaniu do zwyk\u0142ej karmy, zawarto\u015bci witamin, Backs Bambino mo\u017cna podawa\u0107 maksymalnie do 25% dziennej dawki karmy zwyk\u0142ej.<\/p>\n<p>Przechowywa\u0107 w suchym miejscu, w temperaturze pokojowej.<\/p>\n<p>5 x 1 kg<\/p>\n","protected":false},"featured_media":10163,"comment_status":"closed","ping_status":"closed","template":"","meta":[],"product_brand":[],"product_cat":[240,244,248,250],"product_tag":[],"class_list":{"0":"post-3792","1":"product","2":"type-product","3":"status-publish","4":"has-post-thumbnail","6":"product_cat-golebie","7":"product_cat-naturalne-produkty-budulcowe-i-wzmacniajace","8":"product_cat-drob-ozdobny","9":"product_cat-produkty-budulcowe-i-wzmacniajace-dla-drobiu","11":"first","12":"instock","13":"product-type-simple"},"_links":{"self":[{"href":"https:\/\/www.tauben-backs.de\/pl\/wp-json\/wp\/v2\/product\/3792","targetHints":{"allow":["GET"]}}],"collection":[{"href":"https:\/\/www.tauben-backs.de\/pl\/wp-json\/wp\/v2\/product"}],"about":[{"href":"https:\/\/www.tauben-backs.de\/pl\/wp-json\/wp\/v2\/types\/product"}],"replies":[{"embeddable":true,"href":"https:\/\/www.tauben-backs.de\/pl\/wp-json\/wp\/v2\/comments?post=3792"}],"wp:featuredmedia":[{"embeddable":true,"href":"https:\/\/www.tauben-backs.de\/pl\/wp-json\/wp\/v2\/media\/10163"}],"wp:attachment":[{"href":"https:\/\/www.tauben-backs.de\/pl\/wp-json\/wp\/v2\/media?parent=3792"}],"wp:term":[{"taxonomy":"product_brand","embeddable":true,"href":"https:\/\/www.tauben-backs.de\/pl\/wp-json\/wp\/v2\/product_brand?post=3792"},{"taxonomy":"product_cat","embeddable":true,"href":"https:\/\/www.tauben-backs.de\/pl\/wp-json\/wp\/v2\/product_cat?post=3792"},{"taxonomy":"product_tag","embeddable":true,"href":"https:\/\/www.tauben-backs.de\/pl\/wp-json\/wp\/v2\/product_tag?post=3792"}],"curies":[{"name":"wp","href":"https:\/\/api.w.org\/{rel}","templated":true}]}}