{"id":3791,"date":"2017-04-24T00:00:00","date_gmt":"2017-05-03T09:28:00","guid":{"rendered":"http:\/\/backs.ocue.de\/?post_type=product&#038;p=3791\/"},"modified":"2019-12-03T08:34:33","modified_gmt":"2019-12-03T07:34:33","slug":"backs-magensteinchen-kamienie-zoladkowe","status":"publish","type":"product","link":"https:\/\/www.tauben-backs.de\/pl\/golebie\/mieszanki-grytow-backs\/backs-magensteinchen-kamienie-zoladkowe\/","title":{"rendered":"Backs Magensteinchen &#8211; kamienie \u017co\u0142\u0105dkowe"},"content":{"rendered":"<p>P\u0142ukane i suszone w ogniu kamienie \u017co\u0142\u0105dkowe, zast\u0119puj\u0105 go\u0142\u0119biom z\u0119by.<\/p>\n","protected":false},"excerpt":{"rendered":"<p>P\u0142ukane i suszone w ogniu kamienie \u017co\u0142\u0105dkowe, zast\u0119puj\u0105 go\u0142\u0119biom z\u0119by.<\/p>\n<p>1 kg<\/p>\n","protected":false},"featured_media":8822,"comment_status":"closed","ping_status":"closed","template":"","meta":[],"product_brand":[],"product_cat":[240,243],"product_tag":[],"class_list":{"0":"post-3791","1":"product","2":"type-product","3":"status-publish","4":"has-post-thumbnail","6":"product_cat-golebie","7":"product_cat-mieszanki-grytow-backs","9":"first","10":"instock","11":"product-type-simple"},"_links":{"self":[{"href":"https:\/\/www.tauben-backs.de\/pl\/wp-json\/wp\/v2\/product\/3791","targetHints":{"allow":["GET"]}}],"collection":[{"href":"https:\/\/www.tauben-backs.de\/pl\/wp-json\/wp\/v2\/product"}],"about":[{"href":"https:\/\/www.tauben-backs.de\/pl\/wp-json\/wp\/v2\/types\/product"}],"replies":[{"embeddable":true,"href":"https:\/\/www.tauben-backs.de\/pl\/wp-json\/wp\/v2\/comments?post=3791"}],"wp:featuredmedia":[{"embeddable":true,"href":"https:\/\/www.tauben-backs.de\/pl\/wp-json\/wp\/v2\/media\/8822"}],"wp:attachment":[{"href":"https:\/\/www.tauben-backs.de\/pl\/wp-json\/wp\/v2\/media?parent=3791"}],"wp:term":[{"taxonomy":"product_brand","embeddable":true,"href":"https:\/\/www.tauben-backs.de\/pl\/wp-json\/wp\/v2\/product_brand?post=3791"},{"taxonomy":"product_cat","embeddable":true,"href":"https:\/\/www.tauben-backs.de\/pl\/wp-json\/wp\/v2\/product_cat?post=3791"},{"taxonomy":"product_tag","embeddable":true,"href":"https:\/\/www.tauben-backs.de\/pl\/wp-json\/wp\/v2\/product_tag?post=3791"}],"curies":[{"name":"wp","href":"https:\/\/api.w.org\/{rel}","templated":true}]}}