{"id":3786,"date":"2017-04-24T00:00:00","date_gmt":"2017-05-03T09:26:33","guid":{"rendered":"http:\/\/backs.ocue.de\/?post_type=product&#038;p=3786\/"},"modified":"2018-05-31T12:53:57","modified_gmt":"2018-05-31T10:53:57","slug":"backs-rotsteingrit-gryt-z-kamieniem-czerwonym","status":"publish","type":"product","link":"https:\/\/www.tauben-backs.de\/pl\/golebie\/mieszanki-grytow-backs\/backs-rotsteingrit-gryt-z-kamieniem-czerwonym\/","title":{"rendered":"Backs Rotsteingrit &#8211; gryt z kamieniem czerwonym"},"content":{"rendered":"<p>Go\u0142\u0119bie wprost szalej\u0105 za wypalanym kamieniem czerwonym.<\/p>\n","protected":false},"excerpt":{"rendered":"<p>Go\u0142\u0119bie wprost szalej\u0105 za wypalanym kamieniem czerwonym.<\/p>\n<p>2,5 kg<br \/>\n20-kg-worek<\/p>\n","protected":false},"featured_media":2516,"comment_status":"closed","ping_status":"closed","template":"","meta":[],"product_brand":[],"product_cat":[240,243],"product_tag":[],"class_list":{"0":"post-3786","1":"product","2":"type-product","3":"status-publish","4":"has-post-thumbnail","6":"product_cat-golebie","7":"product_cat-mieszanki-grytow-backs","9":"first","10":"instock","11":"product-type-variable"},"_links":{"self":[{"href":"https:\/\/www.tauben-backs.de\/pl\/wp-json\/wp\/v2\/product\/3786","targetHints":{"allow":["GET"]}}],"collection":[{"href":"https:\/\/www.tauben-backs.de\/pl\/wp-json\/wp\/v2\/product"}],"about":[{"href":"https:\/\/www.tauben-backs.de\/pl\/wp-json\/wp\/v2\/types\/product"}],"replies":[{"embeddable":true,"href":"https:\/\/www.tauben-backs.de\/pl\/wp-json\/wp\/v2\/comments?post=3786"}],"wp:featuredmedia":[{"embeddable":true,"href":"https:\/\/www.tauben-backs.de\/pl\/wp-json\/wp\/v2\/media\/2516"}],"wp:attachment":[{"href":"https:\/\/www.tauben-backs.de\/pl\/wp-json\/wp\/v2\/media?parent=3786"}],"wp:term":[{"taxonomy":"product_brand","embeddable":true,"href":"https:\/\/www.tauben-backs.de\/pl\/wp-json\/wp\/v2\/product_brand?post=3786"},{"taxonomy":"product_cat","embeddable":true,"href":"https:\/\/www.tauben-backs.de\/pl\/wp-json\/wp\/v2\/product_cat?post=3786"},{"taxonomy":"product_tag","embeddable":true,"href":"https:\/\/www.tauben-backs.de\/pl\/wp-json\/wp\/v2\/product_tag?post=3786"}],"curies":[{"name":"wp","href":"https:\/\/api.w.org\/{rel}","templated":true}]}}