{"id":3780,"date":"2017-04-24T00:00:00","date_gmt":"2017-05-03T09:25:32","guid":{"rendered":"http:\/\/backs.ocue.de\/?post_type=product&#038;p=3780\/"},"modified":"2017-06-01T11:41:57","modified_gmt":"2017-06-01T09:41:57","slug":"backs-normgrit","status":"publish","type":"product","link":"https:\/\/www.tauben-backs.de\/pl\/golebie\/mieszanki-grytow-backs\/backs-normgrit\/","title":{"rendered":"Backs Normgrit"},"content":{"rendered":"<p>Niedroga, a zarazem pe\u0142nowarto\u015bciowa mieszanka grytu do pokrycia zapotrzebowania go\u0142\u0119bi w wap\u0144, wzbogacona wypalanym kamieniem czerwonym.<\/p>\n","protected":false},"excerpt":{"rendered":"<p>Niedroga, a zarazem pe\u0142nowarto\u015bciowa mieszanka grytu do pokrycia zapotrzebowania go\u0142\u0119bi w wap\u0144, wzbogacona wypalanym kamieniem czerwonym.<\/p>\n<p>2,5 kg<br \/>\n25-kg-worek<\/p>\n","protected":false},"featured_media":5580,"comment_status":"closed","ping_status":"closed","template":"","meta":[],"product_brand":[],"product_cat":[240,243],"product_tag":[],"class_list":{"0":"post-3780","1":"product","2":"type-product","3":"status-publish","4":"has-post-thumbnail","6":"product_cat-golebie","7":"product_cat-mieszanki-grytow-backs","9":"first","10":"instock","11":"product-type-variable"},"_links":{"self":[{"href":"https:\/\/www.tauben-backs.de\/pl\/wp-json\/wp\/v2\/product\/3780","targetHints":{"allow":["GET"]}}],"collection":[{"href":"https:\/\/www.tauben-backs.de\/pl\/wp-json\/wp\/v2\/product"}],"about":[{"href":"https:\/\/www.tauben-backs.de\/pl\/wp-json\/wp\/v2\/types\/product"}],"replies":[{"embeddable":true,"href":"https:\/\/www.tauben-backs.de\/pl\/wp-json\/wp\/v2\/comments?post=3780"}],"wp:featuredmedia":[{"embeddable":true,"href":"https:\/\/www.tauben-backs.de\/pl\/wp-json\/wp\/v2\/media\/5580"}],"wp:attachment":[{"href":"https:\/\/www.tauben-backs.de\/pl\/wp-json\/wp\/v2\/media?parent=3780"}],"wp:term":[{"taxonomy":"product_brand","embeddable":true,"href":"https:\/\/www.tauben-backs.de\/pl\/wp-json\/wp\/v2\/product_brand?post=3780"},{"taxonomy":"product_cat","embeddable":true,"href":"https:\/\/www.tauben-backs.de\/pl\/wp-json\/wp\/v2\/product_cat?post=3780"},{"taxonomy":"product_tag","embeddable":true,"href":"https:\/\/www.tauben-backs.de\/pl\/wp-json\/wp\/v2\/product_tag?post=3780"}],"curies":[{"name":"wp","href":"https:\/\/api.w.org\/{rel}","templated":true}]}}