{"id":3767,"date":"2017-04-24T00:00:00","date_gmt":"2017-05-03T09:24:35","guid":{"rendered":"http:\/\/backs.ocue.de\/?post_type=product&#038;p=3767\/"},"modified":"2017-06-01T11:36:32","modified_gmt":"2017-06-01T09:36:32","slug":"backs-siegergrit-pojecie-znane-wsrod-hodowcow-golebi","status":"publish","type":"product","link":"https:\/\/www.tauben-backs.de\/pl\/golebie\/mieszanki-grytow-backs\/backs-siegergrit-pojecie-znane-wsrod-hodowcow-golebi\/","title":{"rendered":"Backs Siegergrit &#8211;  poj\u0119cie znane w\u015br\u00f3d hodowc\u00f3w go\u0142\u0119bi!"},"content":{"rendered":"<p>W tym grycie zawarte jest ca\u0142e bogactwo pierwiastk\u00f3w \u015bladowych wyst\u0119puj\u0105cych w morzu. Pierwiastki \u015bladowe s\u0105 niezb\u0119dne do prawid\u0142owego funkcjonowania przemiany materii go\u0142\u0119bia. Mineralne zwi\u0105zki jodu, \u017celaza, manganu i siarki to najbardziej znane s\u0142adniki spo\u015br\u00f3d oko\u0142o 70 r\u00f3\u017cnych pierwiastk\u00f3w \u015bladowych zawartych w <strong>Backs Siegergrit<\/strong>! <strong>Poza tym:<\/strong> <strong>Backs Siegergrit<\/strong> zawiera a\u017c 40% glon\u00f3w morskich.<\/p>\n","protected":false},"excerpt":{"rendered":"<p>W tym grycie zawarte jest ca\u0142e bogactwo pierwiastk\u00f3w \u015bladowych wyst\u0119puj\u0105cych w morzu. Pierwiastki \u015bladowe s\u0105 niezb\u0119dne do prawid\u0142owego funkcjonowania przemiany materii go\u0142\u0119bia. Mineralne zwi\u0105zki jodu, \u017celaza, manganu i siarki to najbardziej znane s\u0142adniki spo\u015br\u00f3d oko\u0142o 70 r\u00f3\u017cnych pierwiastk\u00f3w \u015bladowych zawartych w Backs Siegergrit! Poza tym: Backs Siegergrit zawiera a\u017c 40% glon\u00f3w morskich. <\/p>\n<p>1 kg<br \/>\n2,5 kg<br \/>\n5-kg-wiadro<br \/>\n10-kg-worek<br \/>\n25-kg-worek<\/p>\n","protected":false},"featured_media":5586,"comment_status":"closed","ping_status":"closed","template":"","meta":[],"product_brand":[],"product_cat":[240,243],"product_tag":[],"class_list":{"0":"post-3767","1":"product","2":"type-product","3":"status-publish","4":"has-post-thumbnail","6":"product_cat-golebie","7":"product_cat-mieszanki-grytow-backs","9":"first","10":"instock","11":"product-type-variable"},"_links":{"self":[{"href":"https:\/\/www.tauben-backs.de\/pl\/wp-json\/wp\/v2\/product\/3767","targetHints":{"allow":["GET"]}}],"collection":[{"href":"https:\/\/www.tauben-backs.de\/pl\/wp-json\/wp\/v2\/product"}],"about":[{"href":"https:\/\/www.tauben-backs.de\/pl\/wp-json\/wp\/v2\/types\/product"}],"replies":[{"embeddable":true,"href":"https:\/\/www.tauben-backs.de\/pl\/wp-json\/wp\/v2\/comments?post=3767"}],"wp:featuredmedia":[{"embeddable":true,"href":"https:\/\/www.tauben-backs.de\/pl\/wp-json\/wp\/v2\/media\/5586"}],"wp:attachment":[{"href":"https:\/\/www.tauben-backs.de\/pl\/wp-json\/wp\/v2\/media?parent=3767"}],"wp:term":[{"taxonomy":"product_brand","embeddable":true,"href":"https:\/\/www.tauben-backs.de\/pl\/wp-json\/wp\/v2\/product_brand?post=3767"},{"taxonomy":"product_cat","embeddable":true,"href":"https:\/\/www.tauben-backs.de\/pl\/wp-json\/wp\/v2\/product_cat?post=3767"},{"taxonomy":"product_tag","embeddable":true,"href":"https:\/\/www.tauben-backs.de\/pl\/wp-json\/wp\/v2\/product_tag?post=3767"}],"curies":[{"name":"wp","href":"https:\/\/api.w.org\/{rel}","templated":true}]}}