{"id":3763,"date":"2017-04-24T00:00:00","date_gmt":"2017-05-03T09:23:27","guid":{"rendered":"http:\/\/backs.ocue.de\/?post_type=product&#038;p=3763\/"},"modified":"2021-07-21T09:56:14","modified_gmt":"2021-07-21T07:56:14","slug":"backs-terra-mineral","status":"publish","type":"product","link":"https:\/\/www.tauben-backs.de\/pl\/drob-ozdobny\/mineraly-dla-drobiu\/backs-terra-mineral\/","title":{"rendered":"Backs Terra Mineral"},"content":{"rendered":"<p>Jest wy\u015bmienitym, naturalnym produktem z wieloma pierwiastkami \u015bladowymi oraz kwasem krzemowym. <strong>Backs Terra Mineral<\/strong> powinno by\u0107 podawane przez ca\u0142y rok. Wy\u015bmienicie nadaje si\u0119 do osuszenia uprzednio, za pomoc\u0105 Moorkonzentrat, Glut-Amin, Backsi-Gen lub innych preparat\u00f3w, zwil\u017conej karmy.<br \/>\n<span class=\"auto-style4\">Dawkowanie: 1\u0142y\u017cka sto\u0142owa na 1 kg karmy <\/span><\/p>\n","protected":false},"excerpt":{"rendered":"<p>Jest wy\u015bmienitym, naturalnym produktem z wieloma pierwiastkami \u015bladowymi oraz kwasem krzemowym. Backs Terra Mineral powinno by\u0107 podawane przez ca\u0142y rok. Wy\u015bmienicie nadaje si\u0119 do osuszenia uprzednio, za pomoc\u0105 Moorkonzentrat, Glut-Amin, Backsi-Gen lub innych preparat\u00f3w, zwil\u017conej karmy.<br \/>\nDawkowanie: 1\u0142y\u017cka sto\u0142owa na 1 kg karmy <\/p>\n<p>1,5 Kg<br \/>\n5 kg<\/p>\n","protected":false},"featured_media":9249,"comment_status":"closed","ping_status":"closed","template":"","meta":[],"product_brand":[],"product_cat":[240,242,248,251],"product_tag":[],"class_list":{"0":"post-3763","1":"product","2":"type-product","3":"status-publish","4":"has-post-thumbnail","6":"product_cat-golebie","7":"product_cat-caloroczne-zaopatrzenie-w-mineraly","8":"product_cat-drob-ozdobny","9":"product_cat-mineraly-dla-drobiu","11":"first","12":"instock","13":"product-type-variable"},"_links":{"self":[{"href":"https:\/\/www.tauben-backs.de\/pl\/wp-json\/wp\/v2\/product\/3763","targetHints":{"allow":["GET"]}}],"collection":[{"href":"https:\/\/www.tauben-backs.de\/pl\/wp-json\/wp\/v2\/product"}],"about":[{"href":"https:\/\/www.tauben-backs.de\/pl\/wp-json\/wp\/v2\/types\/product"}],"replies":[{"embeddable":true,"href":"https:\/\/www.tauben-backs.de\/pl\/wp-json\/wp\/v2\/comments?post=3763"}],"wp:featuredmedia":[{"embeddable":true,"href":"https:\/\/www.tauben-backs.de\/pl\/wp-json\/wp\/v2\/media\/9249"}],"wp:attachment":[{"href":"https:\/\/www.tauben-backs.de\/pl\/wp-json\/wp\/v2\/media?parent=3763"}],"wp:term":[{"taxonomy":"product_brand","embeddable":true,"href":"https:\/\/www.tauben-backs.de\/pl\/wp-json\/wp\/v2\/product_brand?post=3763"},{"taxonomy":"product_cat","embeddable":true,"href":"https:\/\/www.tauben-backs.de\/pl\/wp-json\/wp\/v2\/product_cat?post=3763"},{"taxonomy":"product_tag","embeddable":true,"href":"https:\/\/www.tauben-backs.de\/pl\/wp-json\/wp\/v2\/product_tag?post=3763"}],"curies":[{"name":"wp","href":"https:\/\/api.w.org\/{rel}","templated":true}]}}