{"id":3762,"date":"2017-04-24T00:00:00","date_gmt":"2017-05-03T09:23:03","guid":{"rendered":"http:\/\/backs.ocue.de\/?post_type=product&#038;p=3762\/"},"modified":"2017-06-01T11:25:51","modified_gmt":"2017-06-01T09:25:51","slug":"backs-fluessig-mineral-mineraly-w-plynie","status":"publish","type":"product","link":"https:\/\/www.tauben-backs.de\/pl\/golebie\/caloroczne-zaopatrzenie-w-mineraly\/backs-fluessig-mineral-mineraly-w-plynie\/","title":{"rendered":"Backs Fl\u00fcssig-Mineral &#8211; minera\u0142y w p\u0142ynie"},"content":{"rendered":"<p>Zawiera minera\u0142y i pierwiastki \u015bladowe w wysokiej koncentracji.<\/p>\n","protected":false},"excerpt":{"rendered":"<p>Zawiera minera\u0142y i pierwiastki \u015bladowe w wysokiej koncentracji.<\/p>\n<p>500 ml<\/p>\n","protected":false},"featured_media":5324,"comment_status":"closed","ping_status":"closed","template":"","meta":[],"product_brand":[],"product_cat":[240,242],"product_tag":[],"class_list":{"0":"post-3762","1":"product","2":"type-product","3":"status-publish","4":"has-post-thumbnail","6":"product_cat-golebie","7":"product_cat-caloroczne-zaopatrzenie-w-mineraly","9":"first","10":"instock","11":"product-type-simple"},"_links":{"self":[{"href":"https:\/\/www.tauben-backs.de\/pl\/wp-json\/wp\/v2\/product\/3762","targetHints":{"allow":["GET"]}}],"collection":[{"href":"https:\/\/www.tauben-backs.de\/pl\/wp-json\/wp\/v2\/product"}],"about":[{"href":"https:\/\/www.tauben-backs.de\/pl\/wp-json\/wp\/v2\/types\/product"}],"replies":[{"embeddable":true,"href":"https:\/\/www.tauben-backs.de\/pl\/wp-json\/wp\/v2\/comments?post=3762"}],"wp:featuredmedia":[{"embeddable":true,"href":"https:\/\/www.tauben-backs.de\/pl\/wp-json\/wp\/v2\/media\/5324"}],"wp:attachment":[{"href":"https:\/\/www.tauben-backs.de\/pl\/wp-json\/wp\/v2\/media?parent=3762"}],"wp:term":[{"taxonomy":"product_brand","embeddable":true,"href":"https:\/\/www.tauben-backs.de\/pl\/wp-json\/wp\/v2\/product_brand?post=3762"},{"taxonomy":"product_cat","embeddable":true,"href":"https:\/\/www.tauben-backs.de\/pl\/wp-json\/wp\/v2\/product_cat?post=3762"},{"taxonomy":"product_tag","embeddable":true,"href":"https:\/\/www.tauben-backs.de\/pl\/wp-json\/wp\/v2\/product_tag?post=3762"}],"curies":[{"name":"wp","href":"https:\/\/api.w.org\/{rel}","templated":true}]}}