{"id":3750,"date":"2017-04-24T00:00:00","date_gmt":"2017-05-03T09:18:19","guid":{"rendered":"http:\/\/backs.ocue.de\/?post_type=product&#038;p=3750\/"},"modified":"2021-08-04T13:28:55","modified_gmt":"2021-08-04T11:28:55","slug":"der-rote-taubenstein-czerwony-kamien-dla-golebi","status":"publish","type":"product","link":"https:\/\/www.tauben-backs.de\/pl\/golebie\/backs-taubenkuchen-kolacz-dla-golebi\/der-rote-taubenstein-czerwony-kamien-dla-golebi\/","title":{"rendered":"&#8222;Der rote Taubenstein &#8211; czerwony kamie\u0144 dla go\u0142\u0119bi&#8221;"},"content":{"rendered":"<p>Odpowiednie zaopatrzenie w r\u00f3\u017cnorodne minera\u0142y ma bardzo wielkie znaczenie dla Pa\u0144stwa go\u0142\u0119bi. Podaj\u0105c swym go\u0142\u0119biom nasz czerwony Taubenstein oferuj\u0105 im Pa\u0144stwo szerokie spektrum minera\u0142\u00f3w i pierwiastk\u00f3w \u015bladowych.<\/p>\n","protected":false},"excerpt":{"rendered":"<p>Minera\u0142y oraz pierwiastki \u015bladowe s\u0105 bardzo wa\u017cne dla zdrowia oraz przemiany materii go\u0142\u0119bia. Podaj\u0105c Backs Taubenkuchen zapobiega si\u0119 schorzeniom go\u0142\u0119bi, spowodowanych niedoborem minera\u0142\u00f3w.<\/p>\n<p><strong>Backs Taubenkuchen <\/strong><br \/>\n<strong>Mieszanka mineralna dla go\u0142\u0119bi<\/strong><\/p>\n<p><strong>Sk\u0142ad<\/strong>: Wapienne muszle morskie, w\u0119glan wapnia, gryt z kamienia czerwonego, kwarc, fosforan dwuwapniowy, chlorek sodu, dwuw\u0119glan sodu<\/p>\n<p><strong>Sk\u0142adniki analityczne:<\/strong><br \/>\n44,8 % popi\u00f3\u0142 nierozpuszczalny w kwasie chlorowodorowym<br \/>\n20,9 % wap\u0144<br \/>\n  1,2 % s\u00f3d<br \/>\n  0,6 % fosfor<br \/>\n  0,0 % lizyna<br \/>\n  0,0 % metionina<\/p>\n<p><strong>Spos\u00f3b podawania:<\/strong> Backs Taubenkuchen powinien by\u0107 stale dost\u0119pny dla go\u0142\u0119bi. W celu \u0142atwiejszego pobierania przez go\u0142\u0119bie Backs Taubenkuchen nale\u017cy po\u0142ama\u0107 oraz troch\u0119 rozdrobni\u0107.<br \/>\n<strong>Przechowywa\u0107 w suchym miejscu!<\/p>\n<p>Ilo\u015b\u0107 netto: 850g<\/strong><\/p>\n","protected":false},"featured_media":9209,"comment_status":"closed","ping_status":"closed","template":"","meta":[],"product_brand":[],"product_cat":[240,241],"product_tag":[],"class_list":{"0":"post-3750","1":"product","2":"type-product","3":"status-publish","4":"has-post-thumbnail","6":"product_cat-golebie","7":"product_cat-backs-taubenkuchen-kolacz-dla-golebi","9":"first","10":"instock","11":"product-type-simple"},"_links":{"self":[{"href":"https:\/\/www.tauben-backs.de\/pl\/wp-json\/wp\/v2\/product\/3750","targetHints":{"allow":["GET"]}}],"collection":[{"href":"https:\/\/www.tauben-backs.de\/pl\/wp-json\/wp\/v2\/product"}],"about":[{"href":"https:\/\/www.tauben-backs.de\/pl\/wp-json\/wp\/v2\/types\/product"}],"replies":[{"embeddable":true,"href":"https:\/\/www.tauben-backs.de\/pl\/wp-json\/wp\/v2\/comments?post=3750"}],"wp:featuredmedia":[{"embeddable":true,"href":"https:\/\/www.tauben-backs.de\/pl\/wp-json\/wp\/v2\/media\/9209"}],"wp:attachment":[{"href":"https:\/\/www.tauben-backs.de\/pl\/wp-json\/wp\/v2\/media?parent=3750"}],"wp:term":[{"taxonomy":"product_brand","embeddable":true,"href":"https:\/\/www.tauben-backs.de\/pl\/wp-json\/wp\/v2\/product_brand?post=3750"},{"taxonomy":"product_cat","embeddable":true,"href":"https:\/\/www.tauben-backs.de\/pl\/wp-json\/wp\/v2\/product_cat?post=3750"},{"taxonomy":"product_tag","embeddable":true,"href":"https:\/\/www.tauben-backs.de\/pl\/wp-json\/wp\/v2\/product_tag?post=3750"}],"curies":[{"name":"wp","href":"https:\/\/api.w.org\/{rel}","templated":true}]}}