{"id":10796,"date":"2017-05-22T10:45:22","date_gmt":"2017-05-22T08:45:22","guid":{"rendered":"https:\/\/www.tauben-backs.de\/bez-kategorii\/interkokask-spray-roztwor-gotowy-do-uzycia\/"},"modified":"2017-05-22T10:45:22","modified_gmt":"2017-05-22T08:45:22","slug":"interkokask-spray-roztwor-gotowy-do-uzycia","status":"publish","type":"product","link":"https:\/\/www.tauben-backs.de\/pl\/drob-ozdobny\/dezynfekcja-i-pielegnacja\/interkokask-spray-roztwor-gotowy-do-uzycia\/","title":{"rendered":"Interkokask Spray \u2013 roztw\u00f3r gotowy do u\u017cycia"},"content":{"rendered":"","protected":false},"excerpt":{"rendered":"<p>Zwyk\u0142e \u015brodki dezynfekuj\u0105ce cz\u0119sto nie s\u0105 w stanie zabi\u0107 trwa\u0142ych postaci paso\u017cyt\u00f3w wewn\u0119trznych. Dlatego spray Interkokask stosuje si\u0119 wsz\u0119dzie tam, gdzie szczeg\u00f3lnie wa\u017cne jest zwalczanie oocyst kokcydi\u00f3w, jaj robak\u00f3w i larw robak\u00f3w. Interkokask Spray doskonale nadaje si\u0119 do stosowania na powierzchniach w hodowli ma\u0142ych zwierz\u0105t, np. w go\u0142\u0119bnikach i wolierach, kurnikach oraz klatkach dla kr\u00f3lik\u00f3w, chomik\u00f3w i \u015bwinek morskich, a tak\u017ce w budach dla ps\u00f3w.<br \/>\n<strong>Stosowa\u0107 \u015brodki biob\u00f3jcze w bezpieczny spos\u00f3b. Przed u\u017cyciem zawsze przeczyta\u0107 etykiet\u0119 i informacje o produkcie.<\/strong><\/p>\n<p><strong>500 ml<\/strong><\/p>\n","protected":false},"featured_media":5347,"comment_status":"open","ping_status":"closed","template":"","meta":[],"product_brand":[],"product_cat":[240,245,248,252],"product_tag":[],"class_list":{"0":"post-10796","1":"product","2":"type-product","3":"status-publish","4":"has-post-thumbnail","6":"product_cat-golebie","7":"product_cat-desinfektcja-i-pielegnacja","8":"product_cat-drob-ozdobny","9":"product_cat-dezynfekcja-i-pielegnacja","11":"first","12":"instock","13":"shipping-taxable","14":"product-type-simple"},"_links":{"self":[{"href":"https:\/\/www.tauben-backs.de\/pl\/wp-json\/wp\/v2\/product\/10796","targetHints":{"allow":["GET"]}}],"collection":[{"href":"https:\/\/www.tauben-backs.de\/pl\/wp-json\/wp\/v2\/product"}],"about":[{"href":"https:\/\/www.tauben-backs.de\/pl\/wp-json\/wp\/v2\/types\/product"}],"replies":[{"embeddable":true,"href":"https:\/\/www.tauben-backs.de\/pl\/wp-json\/wp\/v2\/comments?post=10796"}],"wp:featuredmedia":[{"embeddable":true,"href":"https:\/\/www.tauben-backs.de\/pl\/wp-json\/wp\/v2\/media\/5347"}],"wp:attachment":[{"href":"https:\/\/www.tauben-backs.de\/pl\/wp-json\/wp\/v2\/media?parent=10796"}],"wp:term":[{"taxonomy":"product_brand","embeddable":true,"href":"https:\/\/www.tauben-backs.de\/pl\/wp-json\/wp\/v2\/product_brand?post=10796"},{"taxonomy":"product_cat","embeddable":true,"href":"https:\/\/www.tauben-backs.de\/pl\/wp-json\/wp\/v2\/product_cat?post=10796"},{"taxonomy":"product_tag","embeddable":true,"href":"https:\/\/www.tauben-backs.de\/pl\/wp-json\/wp\/v2\/product_tag?post=10796"}],"curies":[{"name":"wp","href":"https:\/\/api.w.org\/{rel}","templated":true}]}}