{"id":10754,"date":"2018-10-12T11:31:29","date_gmt":"2018-10-12T09:31:29","guid":{"rendered":"https:\/\/www.tauben-backs.de\/bez-kategorii\/podkladka-pod-poidlo-i-do-automatu-do-karmy\/"},"modified":"2026-04-24T14:18:19","modified_gmt":"2026-04-24T12:18:19","slug":"podkladka-pod-poidlo-i-do-automatu-do-karmy","status":"publish","type":"product","link":"https:\/\/www.tauben-backs.de\/pl\/ptaki\/akcesoria-ptaki\/podkladka-pod-poidlo-i-do-automatu-do-karmy\/","title":{"rendered":"Podk\u0142adka pod poid\u0142o i do automatu do karmy"},"content":{"rendered":"","protected":false},"excerpt":{"rendered":"<p>Podk\u0142adka do poid\u0142a z pokryw\u0105 o pojemno\u015bci 1,5 l oraz do automatu do karmy o pojemno\u015bci 1 kg<\/p>\n","protected":false},"featured_media":6527,"comment_status":"open","ping_status":"closed","template":"","meta":[],"product_brand":[],"product_cat":[248,253,329,256,531],"product_tag":[],"class_list":{"0":"post-10754","1":"product","2":"type-product","3":"status-publish","4":"has-post-thumbnail","6":"product_cat-drob-ozdobny","7":"product_cat-akcesoria-pl","8":"product_cat-zielona-linia","9":"product_cat-ptaki","10":"product_cat-akcesoria-ptaki","12":"first","13":"instock","14":"shipping-taxable","15":"product-type-simple"},"_links":{"self":[{"href":"https:\/\/www.tauben-backs.de\/pl\/wp-json\/wp\/v2\/product\/10754","targetHints":{"allow":["GET"]}}],"collection":[{"href":"https:\/\/www.tauben-backs.de\/pl\/wp-json\/wp\/v2\/product"}],"about":[{"href":"https:\/\/www.tauben-backs.de\/pl\/wp-json\/wp\/v2\/types\/product"}],"replies":[{"embeddable":true,"href":"https:\/\/www.tauben-backs.de\/pl\/wp-json\/wp\/v2\/comments?post=10754"}],"wp:featuredmedia":[{"embeddable":true,"href":"https:\/\/www.tauben-backs.de\/pl\/wp-json\/wp\/v2\/media\/6527"}],"wp:attachment":[{"href":"https:\/\/www.tauben-backs.de\/pl\/wp-json\/wp\/v2\/media?parent=10754"}],"wp:term":[{"taxonomy":"product_brand","embeddable":true,"href":"https:\/\/www.tauben-backs.de\/pl\/wp-json\/wp\/v2\/product_brand?post=10754"},{"taxonomy":"product_cat","embeddable":true,"href":"https:\/\/www.tauben-backs.de\/pl\/wp-json\/wp\/v2\/product_cat?post=10754"},{"taxonomy":"product_tag","embeddable":true,"href":"https:\/\/www.tauben-backs.de\/pl\/wp-json\/wp\/v2\/product_tag?post=10754"}],"curies":[{"name":"wp","href":"https:\/\/api.w.org\/{rel}","templated":true}]}}