{"id":10752,"date":"2020-01-21T14:36:33","date_gmt":"2020-01-21T13:36:33","guid":{"rendered":"https:\/\/www.tauben-backs.de\/bez-kategorii\/backs-tran-z-watroby-dorsza-dla-psow\/"},"modified":"2020-01-21T14:36:33","modified_gmt":"2020-01-21T13:36:33","slug":"backs-tran-z-watroby-dorsza-dla-psow","status":"publish","type":"product","link":"https:\/\/www.tauben-backs.de\/pl\/psy-i-koty\/backs-tran-z-watroby-dorsza-dla-psow\/","title":{"rendered":"Backs \u2013 tran z w\u0105troby dorsza dla ps\u00f3w"},"content":{"rendered":"","protected":false},"excerpt":{"rendered":"<p>Dzi\u0119ki wysokiej zawarto\u015bci witaminy D3 wspomaga wzrost i rozw\u00f3j ko\u015bci u m\u0142odych zwierz\u0105t, takich jak szczeni\u0119ta. U doros\u0142ych zwierz\u0105t preparat Backs z w\u0105tr\u00f3bki dorsza zapobiega chorobom krzywicy uk\u0142adu kostnego. Dzi\u0119ki wysokiemu st\u0119\u017ceniu naturalnej witaminy A wzmacnia odporno\u015b\u0107 b\u0142on \u015bluzowych na zarazki chorobotw\u00f3rcze, poprawiaj\u0105c w ten spos\u00f3b funkcjonowanie ca\u0142ego uk\u0142adu odporno\u015bciowego.<\/p>\n<p>500 ml<\/p>\n","protected":false},"featured_media":8886,"comment_status":"open","ping_status":"closed","template":"","meta":[],"product_brand":[],"product_cat":[255],"product_tag":[],"class_list":{"0":"post-10752","1":"product","2":"type-product","3":"status-publish","4":"has-post-thumbnail","6":"product_cat-psy-i-koty","8":"first","9":"instock","10":"shipping-taxable","11":"product-type-simple"},"_links":{"self":[{"href":"https:\/\/www.tauben-backs.de\/pl\/wp-json\/wp\/v2\/product\/10752","targetHints":{"allow":["GET"]}}],"collection":[{"href":"https:\/\/www.tauben-backs.de\/pl\/wp-json\/wp\/v2\/product"}],"about":[{"href":"https:\/\/www.tauben-backs.de\/pl\/wp-json\/wp\/v2\/types\/product"}],"replies":[{"embeddable":true,"href":"https:\/\/www.tauben-backs.de\/pl\/wp-json\/wp\/v2\/comments?post=10752"}],"wp:featuredmedia":[{"embeddable":true,"href":"https:\/\/www.tauben-backs.de\/pl\/wp-json\/wp\/v2\/media\/8886"}],"wp:attachment":[{"href":"https:\/\/www.tauben-backs.de\/pl\/wp-json\/wp\/v2\/media?parent=10752"}],"wp:term":[{"taxonomy":"product_brand","embeddable":true,"href":"https:\/\/www.tauben-backs.de\/pl\/wp-json\/wp\/v2\/product_brand?post=10752"},{"taxonomy":"product_cat","embeddable":true,"href":"https:\/\/www.tauben-backs.de\/pl\/wp-json\/wp\/v2\/product_cat?post=10752"},{"taxonomy":"product_tag","embeddable":true,"href":"https:\/\/www.tauben-backs.de\/pl\/wp-json\/wp\/v2\/product_tag?post=10752"}],"curies":[{"name":"wp","href":"https:\/\/api.w.org\/{rel}","templated":true}]}}