{"id":10751,"date":"2020-02-10T09:27:20","date_gmt":"2020-02-10T08:27:20","guid":{"rendered":"https:\/\/www.tauben-backs.de\/bez-kategorii\/karmnik-dla-dzikich-ptakow\/"},"modified":"2020-02-10T09:27:20","modified_gmt":"2020-02-10T08:27:20","slug":"karmnik-dla-dzikich-ptakow","status":"publish","type":"product","link":"https:\/\/www.tauben-backs.de\/pl\/ogrod\/karmnik-dla-dzikich-ptakow\/","title":{"rendered":"Karmnik dla dzikich ptak\u00f3w"},"content":{"rendered":"","protected":false},"excerpt":{"rendered":"<p>Wysokiej jako\u015bci, starannie wykonana drewniana karmnik. Szeroki dach i wysokie \u015bcianki chroni\u0105 pokarm przed deszczem i wiatrem. Karmnik mo\u017cna swobodnie zawiesi\u0107 na do\u0142\u0105czonym sznurku, co zapobiega atakom drapie\u017cnik\u00f3w (np. kot\u00f3w) na ptaki. Lakier do drewna zapewnia odporno\u015b\u0107 na warunki atmosferyczne, a tym samym gwarantuje d\u0142ug\u0105 \u017cywotno\u015b\u0107 karmnika.<\/p>\n<p>D\u0142.\/szer.\/wys.: 30 x 28 x 26 cm<\/p>\n<p>Powierzchnia podstawy: 23 x 25 cm<\/p>\n","protected":false},"featured_media":8967,"comment_status":"open","ping_status":"closed","template":"","meta":[],"product_brand":[],"product_cat":[260],"product_tag":[597,594,595,592,591,596],"class_list":{"0":"post-10751","1":"product","2":"type-product","3":"status-publish","4":"has-post-thumbnail","6":"product_cat-ogrod","7":"product_tag-futterhaus","8":"product_tag-fuettern","9":"product_tag-fuetterung","10":"product_tag-garten","11":"product_tag-voegel","12":"product_tag-wildvoegel","14":"first","15":"instock","16":"shipping-taxable","17":"product-type-simple"},"_links":{"self":[{"href":"https:\/\/www.tauben-backs.de\/pl\/wp-json\/wp\/v2\/product\/10751","targetHints":{"allow":["GET"]}}],"collection":[{"href":"https:\/\/www.tauben-backs.de\/pl\/wp-json\/wp\/v2\/product"}],"about":[{"href":"https:\/\/www.tauben-backs.de\/pl\/wp-json\/wp\/v2\/types\/product"}],"replies":[{"embeddable":true,"href":"https:\/\/www.tauben-backs.de\/pl\/wp-json\/wp\/v2\/comments?post=10751"}],"wp:featuredmedia":[{"embeddable":true,"href":"https:\/\/www.tauben-backs.de\/pl\/wp-json\/wp\/v2\/media\/8967"}],"wp:attachment":[{"href":"https:\/\/www.tauben-backs.de\/pl\/wp-json\/wp\/v2\/media?parent=10751"}],"wp:term":[{"taxonomy":"product_brand","embeddable":true,"href":"https:\/\/www.tauben-backs.de\/pl\/wp-json\/wp\/v2\/product_brand?post=10751"},{"taxonomy":"product_cat","embeddable":true,"href":"https:\/\/www.tauben-backs.de\/pl\/wp-json\/wp\/v2\/product_cat?post=10751"},{"taxonomy":"product_tag","embeddable":true,"href":"https:\/\/www.tauben-backs.de\/pl\/wp-json\/wp\/v2\/product_tag?post=10751"}],"curies":[{"name":"wp","href":"https:\/\/api.w.org\/{rel}","templated":true}]}}