{"id":10747,"date":"2020-02-10T10:01:43","date_gmt":"2020-02-10T09:01:43","guid":{"rendered":"https:\/\/www.tauben-backs.de\/bez-kategorii\/budki-legowe-dla-roznych-gatunkow-ptakow\/"},"modified":"2020-02-10T10:01:43","modified_gmt":"2020-02-10T09:01:43","slug":"budki-legowe-dla-roznych-gatunkow-ptakow","status":"publish","type":"product","link":"https:\/\/www.tauben-backs.de\/pl\/ogrod\/budki-legowe-dla-roznych-gatunkow-ptakow\/","title":{"rendered":"Budki l\u0119gowe dla r\u00f3\u017cnych gatunk\u00f3w ptak\u00f3w"},"content":{"rendered":"","protected":false},"excerpt":{"rendered":"<p>Dzi\u0119ki otworom wej\u015bciowym o r\u00f3\u017cnej wielko\u015bci budki te s\u0105 zamieszkiwane przez r\u00f3\u017cne gatunki ptak\u00f3w. Doskonale nadaj\u0105 si\u0119 do zawieszenia w ogrodach, parkach, lasach i wsz\u0119dzie tam, gdzie rosn\u0105 stare drzewa.<br \/>\nBudki l\u0119gowe s\u0105 wyposa\u017cone w listw\u0119 do zawieszania. Otwierana przednia \u015bcianka u\u0142atwia czyszczenie. Dzi\u0119ki lakierowi do drewna budki s\u0105 odporne na warunki atmosferyczne. Grubo\u015b\u0107 desek wynosz\u0105ca 20 mm zapewnia wysok\u0105 stabilno\u015b\u0107.<br \/>\n\u015acianki s\u0105 \u0142\u0105czone za pomoc\u0105 zszywek o d\u0142ugo\u015bci 40 mm.<\/p>\n<p><strong>Typ dla sikorek<\/strong> \u2013 otw\u00f3r wej\u015bciowy \u00d8 28 cm<br \/>\nzamieszkuj\u0105 je g\u0142\u00f3wnie mucho\u0142\u00f3wki czarne, sikorki modraszki, rzadziej sikorki sosnowe i sikorki czubate.<br \/>\nWymiary wewn\u0119trzne dna: 11 x 11 cm<br \/>\nWysoko\u015b\u0107 od otworu wej\u015bciowego do dna: 17 cm<br \/>\nD\u0142. x szer. x wys.: 15 x 15 x 30 cm<br \/>\nCa\u0142kowita wysoko\u015b\u0107 37 cm<\/p>\n<p><strong>Typ wr\u00f3bel<\/strong> \u2013 otw\u00f3r wej\u015bciowy \u00d8 33 cm<br \/>\nzamieszkuj\u0105 go g\u0142\u00f3wnie sikorki bogatki, wr\u00f3ble polne, wr\u00f3ble domowe, mucho\u0142\u00f3wki czarne, sikorki modraszki, rudziki ogrodowe, rzadziej sikorki sosnowe i sikorki czubate.<br \/>\nWymiary wewn\u0119trzne dna: 11 x 11 cm<br \/>\nWysoko\u015b\u0107 od otworu wlotowego do dna: 17 cm<br \/>\nD\u0142. x szer. x wys.: 15 x 15 x 30 cm<br \/>\nCa\u0142kowita wysoko\u015b\u0107: 37 cm<\/p>\n<p><strong>Typ szpak<\/strong> \u2013 otw\u00f3r wlotowy \u00d8 45 cm<br \/>\nzamieszkuj\u0105 go g\u0142\u00f3wnie szpaki, kowaliki, pliszki \u017c\u00f3\u0142te i dudki.<br \/>\nWymiary wewn\u0119trzne dna: 13 x 13 cm<br \/>\nWysoko\u015b\u0107 od otworu wlotowego do dna: 24 cm<br \/>\nD\u0142. x szer. x wys.: 17 x 17 x 40 cm<br \/>\nWysoko\u015b\u0107 ca\u0142kowita: 53 cm<\/p>\n","protected":false},"featured_media":8963,"comment_status":"open","ping_status":"closed","template":"","meta":[],"product_brand":[],"product_cat":[260],"product_tag":[592,593,591],"class_list":{"0":"post-10747","1":"product","2":"type-product","3":"status-publish","4":"has-post-thumbnail","6":"product_cat-ogrod","7":"product_tag-garten","8":"product_tag-nistkaesten","9":"product_tag-voegel","10":"pa_variante-meise","11":"pa_variante-sperling","12":"pa_variante-star","14":"first","15":"instock","16":"shipping-taxable","17":"product-type-variable"},"_links":{"self":[{"href":"https:\/\/www.tauben-backs.de\/pl\/wp-json\/wp\/v2\/product\/10747","targetHints":{"allow":["GET"]}}],"collection":[{"href":"https:\/\/www.tauben-backs.de\/pl\/wp-json\/wp\/v2\/product"}],"about":[{"href":"https:\/\/www.tauben-backs.de\/pl\/wp-json\/wp\/v2\/types\/product"}],"replies":[{"embeddable":true,"href":"https:\/\/www.tauben-backs.de\/pl\/wp-json\/wp\/v2\/comments?post=10747"}],"wp:featuredmedia":[{"embeddable":true,"href":"https:\/\/www.tauben-backs.de\/pl\/wp-json\/wp\/v2\/media\/8963"}],"wp:attachment":[{"href":"https:\/\/www.tauben-backs.de\/pl\/wp-json\/wp\/v2\/media?parent=10747"}],"wp:term":[{"taxonomy":"product_brand","embeddable":true,"href":"https:\/\/www.tauben-backs.de\/pl\/wp-json\/wp\/v2\/product_brand?post=10747"},{"taxonomy":"product_cat","embeddable":true,"href":"https:\/\/www.tauben-backs.de\/pl\/wp-json\/wp\/v2\/product_cat?post=10747"},{"taxonomy":"product_tag","embeddable":true,"href":"https:\/\/www.tauben-backs.de\/pl\/wp-json\/wp\/v2\/product_tag?post=10747"}],"curies":[{"name":"wp","href":"https:\/\/api.w.org\/{rel}","templated":true}]}}