{"id":10744,"date":"2020-02-10T11:38:09","date_gmt":"2020-02-10T10:38:09","guid":{"rendered":"https:\/\/www.tauben-backs.de\/bez-kategorii\/stacja-z-zaneta\/"},"modified":"2020-02-10T11:38:09","modified_gmt":"2020-02-10T10:38:09","slug":"stacja-z-zaneta","status":"publish","type":"product","link":"https:\/\/www.tauben-backs.de\/pl\/drob-ozdobny\/dezynfekcja-i-pielegnacja\/stacja-z-zaneta\/","title":{"rendered":"Stacja z zan\u0119t\u0105"},"content":{"rendered":"","protected":false},"excerpt":{"rendered":"<p>Odporne na warunki atmosferyczne pude\u0142ko z tworzywa sztucznego, np. na granulki Interratox. Nale\u017cy ustawi\u0107 wzd\u0142u\u017c \u015bcie\u017cek, kt\u00f3rymi poruszaj\u0105 si\u0119 zwierz\u0119ta. Z mo\u017cliwo\u015bci\u0105 zamkni\u0119cia.<\/p>\n<p>dla szczur\u00f3w 30 x 25 x 16 cm<br \/>\ndla myszy 12,5 x 9,5 x 4,5 cm<\/p>\n","protected":false},"featured_media":8951,"comment_status":"open","ping_status":"closed","template":"","meta":[],"product_brand":[],"product_cat":[240,245,248,252],"product_tag":[462,585,587,586],"class_list":{"0":"post-10744","1":"product","2":"type-product","3":"status-publish","4":"has-post-thumbnail","6":"product_cat-golebie","7":"product_cat-desinfektcja-i-pielegnacja","8":"product_cat-drob-ozdobny","9":"product_cat-dezynfekcja-i-pielegnacja","10":"product_tag-desinfektion-pl","11":"product_tag-koeder","12":"product_tag-maeuse","13":"product_tag-ratten","14":"pa_variante-fuer-maeuse","15":"pa_variante-fuer-ratten","17":"first","18":"instock","19":"shipping-taxable","20":"product-type-variable"},"_links":{"self":[{"href":"https:\/\/www.tauben-backs.de\/pl\/wp-json\/wp\/v2\/product\/10744","targetHints":{"allow":["GET"]}}],"collection":[{"href":"https:\/\/www.tauben-backs.de\/pl\/wp-json\/wp\/v2\/product"}],"about":[{"href":"https:\/\/www.tauben-backs.de\/pl\/wp-json\/wp\/v2\/types\/product"}],"replies":[{"embeddable":true,"href":"https:\/\/www.tauben-backs.de\/pl\/wp-json\/wp\/v2\/comments?post=10744"}],"wp:featuredmedia":[{"embeddable":true,"href":"https:\/\/www.tauben-backs.de\/pl\/wp-json\/wp\/v2\/media\/8951"}],"wp:attachment":[{"href":"https:\/\/www.tauben-backs.de\/pl\/wp-json\/wp\/v2\/media?parent=10744"}],"wp:term":[{"taxonomy":"product_brand","embeddable":true,"href":"https:\/\/www.tauben-backs.de\/pl\/wp-json\/wp\/v2\/product_brand?post=10744"},{"taxonomy":"product_cat","embeddable":true,"href":"https:\/\/www.tauben-backs.de\/pl\/wp-json\/wp\/v2\/product_cat?post=10744"},{"taxonomy":"product_tag","embeddable":true,"href":"https:\/\/www.tauben-backs.de\/pl\/wp-json\/wp\/v2\/product_tag?post=10744"}],"curies":[{"name":"wp","href":"https:\/\/api.w.org\/{rel}","templated":true}]}}