{"id":10743,"date":"2020-02-10T12:05:59","date_gmt":"2020-02-10T11:05:59","guid":{"rendered":"https:\/\/www.tauben-backs.de\/bez-kategorii\/poidlo-z-podwojnym-cylindrem-clean-2\/"},"modified":"2020-02-10T12:05:59","modified_gmt":"2020-02-10T11:05:59","slug":"poidlo-z-podwojnym-cylindrem-clean-2","status":"publish","type":"product","link":"https:\/\/www.tauben-backs.de\/pl\/drob-ozdobny\/akcesoria-pl\/zielona-linia\/poidlo-z-podwojnym-cylindrem-clean-2\/","title":{"rendered":"Poid\u0142o z podw\u00f3jnym cylindrem CLEAN"},"content":{"rendered":"","protected":false},"excerpt":{"rendered":"<p>Nowatorski, zabezpieczony i umieszczony wewn\u0105trz zamkni\u0119cie umo\u017cliwia bardzo \u0142atwe czyszczenie. \u0141atwe nape\u0142nianie bez konieczno\u015bci wywracania. Bia\u0142a g\u00f3rna cz\u0119\u015b\u0107 ogranicza rozw\u00f3j glon\u00f3w w wodzie.<\/p>\n<p>Pojemno\u015b\u0107 3 litry<\/p>\n","protected":false},"featured_media":8939,"comment_status":"open","ping_status":"closed","template":"","meta":[],"product_brand":[],"product_cat":[248,253,329],"product_tag":[507,582,579],"class_list":{"0":"post-10743","1":"product","2":"type-product","3":"status-publish","4":"has-post-thumbnail","6":"product_cat-drob-ozdobny","7":"product_cat-akcesoria-pl","8":"product_cat-zielona-linia","9":"product_tag-gefluegel","10":"product_tag-traenke","11":"product_tag-zubehoer","13":"first","14":"instock","15":"shipping-taxable","16":"product-type-simple"},"_links":{"self":[{"href":"https:\/\/www.tauben-backs.de\/pl\/wp-json\/wp\/v2\/product\/10743","targetHints":{"allow":["GET"]}}],"collection":[{"href":"https:\/\/www.tauben-backs.de\/pl\/wp-json\/wp\/v2\/product"}],"about":[{"href":"https:\/\/www.tauben-backs.de\/pl\/wp-json\/wp\/v2\/types\/product"}],"replies":[{"embeddable":true,"href":"https:\/\/www.tauben-backs.de\/pl\/wp-json\/wp\/v2\/comments?post=10743"}],"wp:featuredmedia":[{"embeddable":true,"href":"https:\/\/www.tauben-backs.de\/pl\/wp-json\/wp\/v2\/media\/8939"}],"wp:attachment":[{"href":"https:\/\/www.tauben-backs.de\/pl\/wp-json\/wp\/v2\/media?parent=10743"}],"wp:term":[{"taxonomy":"product_brand","embeddable":true,"href":"https:\/\/www.tauben-backs.de\/pl\/wp-json\/wp\/v2\/product_brand?post=10743"},{"taxonomy":"product_cat","embeddable":true,"href":"https:\/\/www.tauben-backs.de\/pl\/wp-json\/wp\/v2\/product_cat?post=10743"},{"taxonomy":"product_tag","embeddable":true,"href":"https:\/\/www.tauben-backs.de\/pl\/wp-json\/wp\/v2\/product_tag?post=10743"}],"curies":[{"name":"wp","href":"https:\/\/api.w.org\/{rel}","templated":true}]}}