{"id":10741,"date":"2020-02-10T12:18:14","date_gmt":"2020-02-10T11:18:14","guid":{"rendered":"https:\/\/www.tauben-backs.de\/bez-kategorii\/automat-do-karmy-z-odchylana-pokrywa-seria-gruene-linie\/"},"modified":"2020-02-10T12:18:14","modified_gmt":"2020-02-10T11:18:14","slug":"automat-do-karmy-z-odchylana-pokrywa-seria-gruene-linie","status":"publish","type":"product","link":"https:\/\/www.tauben-backs.de\/pl\/drob-ozdobny\/akcesoria-pl\/zielona-linia\/automat-do-karmy-z-odchylana-pokrywa-seria-gruene-linie\/","title":{"rendered":"Automat do karmy z odchylan\u0105 pokryw\u0105, seria Gr\u00fcne Linie"},"content":{"rendered":"","protected":false},"excerpt":{"rendered":"<p>w komplecie z kratk\u0105<\/p>\n<p>Nowatorski otw\u00f3r do nape\u0142niania od g\u00f3ry bez konieczno\u015bci wywracania. Poziom nape\u0142nienia jest \u0142atwo widoczny z zewn\u0105trz. Nape\u0142nianie mo\u017cliwe jest r\u00f3wnie\u017c w stanie zawieszonym. Uzupe\u0142nianie bez utraty karmy. \u0141atwe do czyszczenia. W zestawie ruszt do karmy. N\u00f3\u017cki dost\u0119pne opcjonalnie.<\/p>\n<p>Pojemno\u015b\u0107 ok. 4 kg<\/p>\n","protected":false},"featured_media":8943,"comment_status":"open","ping_status":"closed","template":"","meta":[],"product_brand":[],"product_cat":[248,253,329],"product_tag":[580,504,507,581],"class_list":{"0":"post-10741","1":"product","2":"type-product","3":"status-publish","4":"has-post-thumbnail","6":"product_cat-drob-ozdobny","7":"product_cat-akcesoria-pl","8":"product_cat-zielona-linia","9":"product_tag-automat","10":"product_tag-futter","11":"product_tag-gefluegel","12":"product_tag-klappdeckel","14":"first","15":"instock","16":"shipping-taxable","17":"product-type-simple"},"_links":{"self":[{"href":"https:\/\/www.tauben-backs.de\/pl\/wp-json\/wp\/v2\/product\/10741","targetHints":{"allow":["GET"]}}],"collection":[{"href":"https:\/\/www.tauben-backs.de\/pl\/wp-json\/wp\/v2\/product"}],"about":[{"href":"https:\/\/www.tauben-backs.de\/pl\/wp-json\/wp\/v2\/types\/product"}],"replies":[{"embeddable":true,"href":"https:\/\/www.tauben-backs.de\/pl\/wp-json\/wp\/v2\/comments?post=10741"}],"wp:featuredmedia":[{"embeddable":true,"href":"https:\/\/www.tauben-backs.de\/pl\/wp-json\/wp\/v2\/media\/8943"}],"wp:attachment":[{"href":"https:\/\/www.tauben-backs.de\/pl\/wp-json\/wp\/v2\/media?parent=10741"}],"wp:term":[{"taxonomy":"product_brand","embeddable":true,"href":"https:\/\/www.tauben-backs.de\/pl\/wp-json\/wp\/v2\/product_brand?post=10741"},{"taxonomy":"product_cat","embeddable":true,"href":"https:\/\/www.tauben-backs.de\/pl\/wp-json\/wp\/v2\/product_cat?post=10741"},{"taxonomy":"product_tag","embeddable":true,"href":"https:\/\/www.tauben-backs.de\/pl\/wp-json\/wp\/v2\/product_tag?post=10741"}],"curies":[{"name":"wp","href":"https:\/\/api.w.org\/{rel}","templated":true}]}}