{"id":10740,"date":"2020-02-10T12:20:20","date_gmt":"2020-02-10T11:20:20","guid":{"rendered":"https:\/\/www.tauben-backs.de\/bez-kategorii\/automat-do-karmy-z-odchylana-pokrywa\/"},"modified":"2020-02-10T12:20:20","modified_gmt":"2020-02-10T11:20:20","slug":"automat-do-karmy-z-odchylana-pokrywa","status":"publish","type":"product","link":"https:\/\/www.tauben-backs.de\/pl\/drob-ozdobny\/akcesoria-pl\/automat-do-karmy-z-odchylana-pokrywa\/","title":{"rendered":"Automat do karmy z odchylan\u0105 pokryw\u0105"},"content":{"rendered":"","protected":false},"excerpt":{"rendered":"<p>w komplecie z kratk\u0105<\/p>\n<p>Nowatorski otw\u00f3r do nape\u0142niania od g\u00f3ry bez konieczno\u015bci wywracania. Poziom nape\u0142nienia jest \u0142atwo widoczny z zewn\u0105trz. Nape\u0142nianie mo\u017cliwe jest r\u00f3wnie\u017c w stanie zawieszonym. Uzupe\u0142nianie bez utraty karmy. \u0141atwe do czyszczenia. W zestawie ruszt do karmy. N\u00f3\u017cki dost\u0119pne opcjonalnie.<\/p>\n<p><strong>Pojemno\u015b\u0107 ok. 4 kg<\/strong><\/p>\n","protected":false},"featured_media":8931,"comment_status":"open","ping_status":"closed","template":"","meta":[],"product_brand":[],"product_cat":[578,248,253],"product_tag":[580,504,507,579],"class_list":{"0":"post-10740","1":"product","2":"type-product","3":"status-publish","4":"has-post-thumbnail","6":"product_cat-futterautomaten","7":"product_cat-drob-ozdobny","8":"product_cat-akcesoria-pl","9":"product_tag-automat","10":"product_tag-futter","11":"product_tag-gefluegel","12":"product_tag-zubehoer","14":"first","15":"instock","16":"shipping-taxable","17":"product-type-simple"},"_links":{"self":[{"href":"https:\/\/www.tauben-backs.de\/pl\/wp-json\/wp\/v2\/product\/10740","targetHints":{"allow":["GET"]}}],"collection":[{"href":"https:\/\/www.tauben-backs.de\/pl\/wp-json\/wp\/v2\/product"}],"about":[{"href":"https:\/\/www.tauben-backs.de\/pl\/wp-json\/wp\/v2\/types\/product"}],"replies":[{"embeddable":true,"href":"https:\/\/www.tauben-backs.de\/pl\/wp-json\/wp\/v2\/comments?post=10740"}],"wp:featuredmedia":[{"embeddable":true,"href":"https:\/\/www.tauben-backs.de\/pl\/wp-json\/wp\/v2\/media\/8931"}],"wp:attachment":[{"href":"https:\/\/www.tauben-backs.de\/pl\/wp-json\/wp\/v2\/media?parent=10740"}],"wp:term":[{"taxonomy":"product_brand","embeddable":true,"href":"https:\/\/www.tauben-backs.de\/pl\/wp-json\/wp\/v2\/product_brand?post=10740"},{"taxonomy":"product_cat","embeddable":true,"href":"https:\/\/www.tauben-backs.de\/pl\/wp-json\/wp\/v2\/product_cat?post=10740"},{"taxonomy":"product_tag","embeddable":true,"href":"https:\/\/www.tauben-backs.de\/pl\/wp-json\/wp\/v2\/product_tag?post=10740"}],"curies":[{"name":"wp","href":"https:\/\/api.w.org\/{rel}","templated":true}]}}