{"id":10738,"date":"2021-07-28T13:05:13","date_gmt":"2021-07-28T11:05:13","guid":{"rendered":"https:\/\/www.tauben-backs.de\/bez-kategorii\/klatka-dla-malych-i-srednich-kur-zestaw-4-sztuk\/"},"modified":"2021-07-28T13:05:13","modified_gmt":"2021-07-28T11:05:13","slug":"klatka-dla-malych-i-srednich-kur-zestaw-4-sztuk","status":"publish","type":"product","link":"https:\/\/www.tauben-backs.de\/pl\/drob-ozdobny\/akcesoria-pl\/klatka-dla-malych-i-srednich-kur-zestaw-4-sztuk\/","title":{"rendered":"Klatka dla ma\u0142ych i \u015brednich kur, zestaw 4 sztuk"},"content":{"rendered":"","protected":false},"excerpt":{"rendered":"<p>Solidny kosz z wyjmowanymi przegrodami i drzwiczkami w g\u00f3rnej cz\u0119\u015bci.<br \/>\nWymiary zewn\u0119trzne:<br \/>\n42,5 cm wysoko\u015bci<br \/>\n80 cm szeroko\u015bci<br \/>\n50 cm g\u0142\u0119boko\u015bci<br \/>\nWymiary poszczeg\u00f3lnych przegr\u00f3d:<br \/>\n37,5 cm wysoko\u015bci<br \/>\n19 cm szeroko\u015bci<br \/>\n47 cm g\u0142\u0119boko\u015bci<\/p>\n","protected":false},"featured_media":9928,"comment_status":"closed","ping_status":"closed","template":"","meta":[],"product_brand":[],"product_cat":[577,248,253],"product_tag":[],"class_list":{"0":"post-10738","1":"product","2":"type-product","3":"status-publish","4":"has-post-thumbnail","6":"product_cat-koerbe","7":"product_cat-drob-ozdobny","8":"product_cat-akcesoria-pl","10":"first","11":"instock","12":"shipping-taxable","13":"product-type-simple"},"_links":{"self":[{"href":"https:\/\/www.tauben-backs.de\/pl\/wp-json\/wp\/v2\/product\/10738","targetHints":{"allow":["GET"]}}],"collection":[{"href":"https:\/\/www.tauben-backs.de\/pl\/wp-json\/wp\/v2\/product"}],"about":[{"href":"https:\/\/www.tauben-backs.de\/pl\/wp-json\/wp\/v2\/types\/product"}],"replies":[{"embeddable":true,"href":"https:\/\/www.tauben-backs.de\/pl\/wp-json\/wp\/v2\/comments?post=10738"}],"wp:featuredmedia":[{"embeddable":true,"href":"https:\/\/www.tauben-backs.de\/pl\/wp-json\/wp\/v2\/media\/9928"}],"wp:attachment":[{"href":"https:\/\/www.tauben-backs.de\/pl\/wp-json\/wp\/v2\/media?parent=10738"}],"wp:term":[{"taxonomy":"product_brand","embeddable":true,"href":"https:\/\/www.tauben-backs.de\/pl\/wp-json\/wp\/v2\/product_brand?post=10738"},{"taxonomy":"product_cat","embeddable":true,"href":"https:\/\/www.tauben-backs.de\/pl\/wp-json\/wp\/v2\/product_cat?post=10738"},{"taxonomy":"product_tag","embeddable":true,"href":"https:\/\/www.tauben-backs.de\/pl\/wp-json\/wp\/v2\/product_tag?post=10738"}],"curies":[{"name":"wp","href":"https:\/\/api.w.org\/{rel}","templated":true}]}}