{"id":10737,"date":"2021-07-28T13:50:54","date_gmt":"2021-07-28T11:50:54","guid":{"rendered":"https:\/\/www.tauben-backs.de\/bez-kategorii\/kosz-dla-krolikow-zestaw-4-sztuk\/"},"modified":"2021-07-28T13:50:54","modified_gmt":"2021-07-28T11:50:54","slug":"kosz-dla-krolikow-zestaw-4-sztuk","status":"publish","type":"product","link":"https:\/\/www.tauben-backs.de\/pl\/gryzonie-i-kroliki\/kosz-dla-krolikow-zestaw-4-sztuk\/","title":{"rendered":"Kosz dla kr\u00f3lik\u00f3w, zestaw 4 sztuk"},"content":{"rendered":"","protected":false},"excerpt":{"rendered":"<p>Solidny kosz z wyjmowanymi przegrodami i drzwiczkami w g\u00f3rnej cz\u0119\u015bci.<br \/>\nWymiary zewn\u0119trzne:<br \/>\n34,5 cm wysoko\u015bci<br \/>\n105 cm szeroko\u015bci<br \/>\n37 cm g\u0142\u0119boko\u015bci<br \/>\nWymiary poszczeg\u00f3lnych przegr\u00f3d:<br \/>\n30 cm wysoko\u015bci<br \/>\n25 cm szeroko\u015bci<br \/>\n35 cm g\u0142\u0119boko\u015bci<\/p>\n","protected":false},"featured_media":9385,"comment_status":"closed","ping_status":"closed","template":"","meta":[],"product_brand":[],"product_cat":[254],"product_tag":[],"class_list":{"0":"post-10737","1":"product","2":"type-product","3":"status-publish","4":"has-post-thumbnail","6":"product_cat-gryzonie-i-kroliki","8":"first","9":"instock","10":"shipping-taxable","11":"product-type-simple"},"_links":{"self":[{"href":"https:\/\/www.tauben-backs.de\/pl\/wp-json\/wp\/v2\/product\/10737","targetHints":{"allow":["GET"]}}],"collection":[{"href":"https:\/\/www.tauben-backs.de\/pl\/wp-json\/wp\/v2\/product"}],"about":[{"href":"https:\/\/www.tauben-backs.de\/pl\/wp-json\/wp\/v2\/types\/product"}],"replies":[{"embeddable":true,"href":"https:\/\/www.tauben-backs.de\/pl\/wp-json\/wp\/v2\/comments?post=10737"}],"wp:featuredmedia":[{"embeddable":true,"href":"https:\/\/www.tauben-backs.de\/pl\/wp-json\/wp\/v2\/media\/9385"}],"wp:attachment":[{"href":"https:\/\/www.tauben-backs.de\/pl\/wp-json\/wp\/v2\/media?parent=10737"}],"wp:term":[{"taxonomy":"product_brand","embeddable":true,"href":"https:\/\/www.tauben-backs.de\/pl\/wp-json\/wp\/v2\/product_brand?post=10737"},{"taxonomy":"product_cat","embeddable":true,"href":"https:\/\/www.tauben-backs.de\/pl\/wp-json\/wp\/v2\/product_cat?post=10737"},{"taxonomy":"product_tag","embeddable":true,"href":"https:\/\/www.tauben-backs.de\/pl\/wp-json\/wp\/v2\/product_tag?post=10737"}],"curies":[{"name":"wp","href":"https:\/\/api.w.org\/{rel}","templated":true}]}}