{"id":10735,"date":"2022-06-27T14:24:26","date_gmt":"2022-06-27T12:24:26","guid":{"rendered":"https:\/\/www.tauben-backs.de\/bez-kategorii\/mr-backs-shrimps\/"},"modified":"2022-06-27T14:24:26","modified_gmt":"2022-06-27T12:24:26","slug":"mr-backs-shrimps","status":"publish","type":"product","link":"https:\/\/www.tauben-backs.de\/pl\/drob-ozdobny\/mr-backs-drob\/mr-backs-shrimps\/","title":{"rendered":"Mr. Backs Shrimps"},"content":{"rendered":"","protected":false},"excerpt":{"rendered":"<p>dla kur, przepi\u00f3rek i innych gatunk\u00f3w drobiu, a tak\u017ce ptak\u00f3w i gad\u00f3w.<br \/>\nKrewetki s\u0105 przysmakiem i zawieraj\u0105 wiele zdrowych sk\u0142adnik\u00f3w od\u017cywczych.<br \/>\nSuszone krewetki stanowi\u0105 bogate \u017ar\u00f3d\u0142o bia\u0142ka dla zwierz\u0105t domowych, dzikich ptak\u00f3w i gad\u00f3w.<\/p>\n<p><strong>Mr. Backs Krewetki<\/strong><br \/>\nKarma pojedyncza dla zwierz\u0105t domowych i zoologicznych, a tak\u017ce dzikich ptak\u00f3w<\/p>\n<p><strong>Sk\u0142ad:<\/strong> 100% krewetek<\/p>\n<p><strong>Sk\u0142adniki analityczne:<\/strong><br \/>\n62,5% surowego bia\u0142ka<br \/>\n4,3% surowego t\u0142uszczu<\/p>\n<p>Zalecenia \u017cywieniowe: 10 g krewetek wymiesza\u0107 z 1 kg karmy podstawowej. Nie wolno podawa\u0107 zwierz\u0119tom przeznaczonym do produkcji \u017cywno\u015bci.<\/p>\n<p><strong>Przechowywa\u0107 w ch\u0142odnym miejscu, chroni\u0105c przed \u015bwiat\u0142em!<\/strong><\/p>\n<p><strong>Masa netto: 250 g<\/strong><\/p>\n","protected":false},"featured_media":9513,"comment_status":"closed","ping_status":"closed","template":"","meta":[],"product_brand":[],"product_cat":[503],"product_tag":[],"class_list":{"0":"post-10735","1":"product","2":"type-product","3":"status-publish","4":"has-post-thumbnail","6":"product_cat-mr-backs-drob","8":"first","9":"instock","10":"shipping-taxable","11":"product-type-simple"},"_links":{"self":[{"href":"https:\/\/www.tauben-backs.de\/pl\/wp-json\/wp\/v2\/product\/10735","targetHints":{"allow":["GET"]}}],"collection":[{"href":"https:\/\/www.tauben-backs.de\/pl\/wp-json\/wp\/v2\/product"}],"about":[{"href":"https:\/\/www.tauben-backs.de\/pl\/wp-json\/wp\/v2\/types\/product"}],"replies":[{"embeddable":true,"href":"https:\/\/www.tauben-backs.de\/pl\/wp-json\/wp\/v2\/comments?post=10735"}],"wp:featuredmedia":[{"embeddable":true,"href":"https:\/\/www.tauben-backs.de\/pl\/wp-json\/wp\/v2\/media\/9513"}],"wp:attachment":[{"href":"https:\/\/www.tauben-backs.de\/pl\/wp-json\/wp\/v2\/media?parent=10735"}],"wp:term":[{"taxonomy":"product_brand","embeddable":true,"href":"https:\/\/www.tauben-backs.de\/pl\/wp-json\/wp\/v2\/product_brand?post=10735"},{"taxonomy":"product_cat","embeddable":true,"href":"https:\/\/www.tauben-backs.de\/pl\/wp-json\/wp\/v2\/product_cat?post=10735"},{"taxonomy":"product_tag","embeddable":true,"href":"https:\/\/www.tauben-backs.de\/pl\/wp-json\/wp\/v2\/product_tag?post=10735"}],"curies":[{"name":"wp","href":"https:\/\/api.w.org\/{rel}","templated":true}]}}