{"id":10734,"date":"2022-06-27T14:34:31","date_gmt":"2022-06-27T12:34:31","guid":{"rendered":"https:\/\/www.tauben-backs.de\/bez-kategorii\/mr-backs-gammarus\/"},"modified":"2022-06-27T14:34:31","modified_gmt":"2022-06-27T12:34:31","slug":"mr-backs-gammarus","status":"publish","type":"product","link":"https:\/\/www.tauben-backs.de\/pl\/drob-ozdobny\/mr-backs-drob\/mr-backs-gammarus\/","title":{"rendered":"Mr. Backs Gammarus"},"content":{"rendered":"","protected":false},"excerpt":{"rendered":"<p>dla kur, przepi\u00f3rek i innych gatunk\u00f3w drobiu, a tak\u017ce ptak\u00f3w i gad\u00f3w<br \/>\nGammarusy s\u0105 prawdziwym przysmakiem i zawieraj\u0105 wiele zdrowych sk\u0142adnik\u00f3w od\u017cywczych<\/p>\n<p>Suszone gammarusy stanowi\u0105 bogate \u017ar\u00f3d\u0142o bia\u0142ka dla zwierz\u0105t domowych, dzikich ptak\u00f3w i gad\u00f3w.<\/p>\n<p><strong>Mr. Backs Gammarus<\/strong><br \/>\nKarma pojedyncza dla zwierz\u0105t domowych i zoologicznych, a tak\u017ce dzikich ptak\u00f3w<\/p>\n<p><strong>Sk\u0142ad:<\/strong> 100% skoczogonki<\/p>\n<p><strong>Sk\u0142ad analityczny:<\/strong><br \/>\n48,2% surowego bia\u0142ka<br \/>\n6,2% surowego t\u0142uszczu<\/p>\n<p>Zalecenia \u017cywieniowe: 10 g skoczogonk\u00f3w zmiesza\u0107 z 1 kg karmy podstawowej. Nie wolno podawa\u0107 zwierz\u0119tom przeznaczonym do produkcji \u017cywno\u015bci.<\/p>\n<p><strong>Przechowywa\u0107 w ch\u0142odnym miejscu, chroni\u0105c przed \u015bwiat\u0142em!<\/strong><\/p>\n<p><strong>Masa netto: 250 g<\/strong><\/p>\n","protected":false},"featured_media":9509,"comment_status":"closed","ping_status":"closed","template":"","meta":[],"product_brand":[],"product_cat":[503],"product_tag":[],"class_list":{"0":"post-10734","1":"product","2":"type-product","3":"status-publish","4":"has-post-thumbnail","6":"product_cat-mr-backs-drob","8":"first","9":"instock","10":"shipping-taxable","11":"product-type-simple"},"_links":{"self":[{"href":"https:\/\/www.tauben-backs.de\/pl\/wp-json\/wp\/v2\/product\/10734","targetHints":{"allow":["GET"]}}],"collection":[{"href":"https:\/\/www.tauben-backs.de\/pl\/wp-json\/wp\/v2\/product"}],"about":[{"href":"https:\/\/www.tauben-backs.de\/pl\/wp-json\/wp\/v2\/types\/product"}],"replies":[{"embeddable":true,"href":"https:\/\/www.tauben-backs.de\/pl\/wp-json\/wp\/v2\/comments?post=10734"}],"wp:featuredmedia":[{"embeddable":true,"href":"https:\/\/www.tauben-backs.de\/pl\/wp-json\/wp\/v2\/media\/9509"}],"wp:attachment":[{"href":"https:\/\/www.tauben-backs.de\/pl\/wp-json\/wp\/v2\/media?parent=10734"}],"wp:term":[{"taxonomy":"product_brand","embeddable":true,"href":"https:\/\/www.tauben-backs.de\/pl\/wp-json\/wp\/v2\/product_brand?post=10734"},{"taxonomy":"product_cat","embeddable":true,"href":"https:\/\/www.tauben-backs.de\/pl\/wp-json\/wp\/v2\/product_cat?post=10734"},{"taxonomy":"product_tag","embeddable":true,"href":"https:\/\/www.tauben-backs.de\/pl\/wp-json\/wp\/v2\/product_tag?post=10734"}],"curies":[{"name":"wp","href":"https:\/\/api.w.org\/{rel}","templated":true}]}}