{"id":10733,"date":"2022-06-27T14:37:41","date_gmt":"2022-06-27T12:37:41","guid":{"rendered":"https:\/\/www.tauben-backs.de\/bez-kategorii\/mr-backs-legefreude-radosc-ukladania\/"},"modified":"2022-06-27T14:37:41","modified_gmt":"2022-06-27T12:37:41","slug":"mr-backs-legefreude-radosc-ukladania","status":"publish","type":"product","link":"https:\/\/www.tauben-backs.de\/pl\/drob-ozdobny\/mr-backs-drob\/mr-backs-legefreude-radosc-ukladania\/","title":{"rendered":"Mr. Backs Legefreude &#8211; rado\u015b\u0107 uk\u0142adania"},"content":{"rendered":"","protected":false},"excerpt":{"rendered":"<p>dla kur, przepi\u00f3rek i innych gatunk\u00f3w drobiu<br \/>\nWzmacnia uk\u0142ad odporno\u015bciowy i zwi\u0119ksza wydajno\u015b\u0107 nie\u015bn\u0105.<br \/>\nNaturalne sk\u0142adniki, delikatnie suszone.<\/p>\n<p><strong>Mr. Backs Legefreude<\/strong><br \/>\nPasza uzupe\u0142niaj\u0105ca dla drobiu<\/p>\n<p><strong>Sk\u0142ad:<\/strong> \u0142odygi pietruszki, li\u015bcie maliny, pokrzywa, babka lancetowata, mniszek lekarski, chaber r\u00f3\u017cowy i czerwony<\/p>\n<p><strong>Sk\u0142adniki analityczne:<\/strong><br \/>\n13,6 % popio\u0142u surowego<br \/>\n13,3% surowego bia\u0142ka<br \/>\n13,0% surowego b\u0142onnika<br \/>\n2,6% surowego t\u0142uszczu<br \/>\n0,52% lizyny<br \/>\n0,22% metioniny<br \/>\n0,43% sodu<\/p>\n<p>Zalecenia \u017cywieniowe: 5 g wymiesza\u0107 z 1 kg dziennej porcji pokarmu podstawowego.<\/p>\n<p><strong>Przechowywa\u0107 w ch\u0142odnym miejscu, chroni\u0105c przed \u015bwiat\u0142em!<\/strong><\/p>\n<p><strong>Masa netto: 250 g<\/strong><\/p>\n","protected":false},"featured_media":9533,"comment_status":"closed","ping_status":"closed","template":"","meta":[],"product_brand":[],"product_cat":[503],"product_tag":[],"class_list":{"0":"post-10733","1":"product","2":"type-product","3":"status-publish","4":"has-post-thumbnail","6":"product_cat-mr-backs-drob","8":"first","9":"instock","10":"shipping-taxable","11":"product-type-simple"},"_links":{"self":[{"href":"https:\/\/www.tauben-backs.de\/pl\/wp-json\/wp\/v2\/product\/10733","targetHints":{"allow":["GET"]}}],"collection":[{"href":"https:\/\/www.tauben-backs.de\/pl\/wp-json\/wp\/v2\/product"}],"about":[{"href":"https:\/\/www.tauben-backs.de\/pl\/wp-json\/wp\/v2\/types\/product"}],"replies":[{"embeddable":true,"href":"https:\/\/www.tauben-backs.de\/pl\/wp-json\/wp\/v2\/comments?post=10733"}],"wp:featuredmedia":[{"embeddable":true,"href":"https:\/\/www.tauben-backs.de\/pl\/wp-json\/wp\/v2\/media\/9533"}],"wp:attachment":[{"href":"https:\/\/www.tauben-backs.de\/pl\/wp-json\/wp\/v2\/media?parent=10733"}],"wp:term":[{"taxonomy":"product_brand","embeddable":true,"href":"https:\/\/www.tauben-backs.de\/pl\/wp-json\/wp\/v2\/product_brand?post=10733"},{"taxonomy":"product_cat","embeddable":true,"href":"https:\/\/www.tauben-backs.de\/pl\/wp-json\/wp\/v2\/product_cat?post=10733"},{"taxonomy":"product_tag","embeddable":true,"href":"https:\/\/www.tauben-backs.de\/pl\/wp-json\/wp\/v2\/product_tag?post=10733"}],"curies":[{"name":"wp","href":"https:\/\/api.w.org\/{rel}","templated":true}]}}