{"id":10732,"date":"2022-06-27T14:39:28","date_gmt":"2022-06-27T12:39:28","guid":{"rendered":"https:\/\/www.tauben-backs.de\/bez-kategorii\/mr-backs-dotterzauber-czarodziejskie-zoltka\/"},"modified":"2022-06-27T14:39:28","modified_gmt":"2022-06-27T12:39:28","slug":"mr-backs-dotterzauber-czarodziejskie-zoltka","status":"publish","type":"product","link":"https:\/\/www.tauben-backs.de\/pl\/drob-ozdobny\/mr-backs-drob\/mr-backs-dotterzauber-czarodziejskie-zoltka\/","title":{"rendered":"Mr. Backs Dotterzauber &#8211; czarodziejskie \u017c\u00f3\u0142tka"},"content":{"rendered":"","protected":false},"excerpt":{"rendered":"<p>dla kur, przepi\u00f3rek i innych gatunk\u00f3w drobiu<br \/>\nKwiaty i zio\u0142a zapewniaj\u0105ce naturalny, z\u0142ocisto\u017c\u00f3\u0142ty \u017c\u00f3\u0142tko.<br \/>\nNaturalne sk\u0142adniki, delikatnie suszone.<\/p>\n<p><strong>Mr. Backs Dotterzauber<\/strong><br \/>\nDodatek paszowy dla drobiu<\/p>\n<p><strong>Sk\u0142ad:<\/strong> lucerna, kwiaty nagietka, rumianek, p\u0142atki r\u00f3\u017cy, \u0142odygi pietruszki<\/p>\n<p><strong>Sk\u0142adniki analityczne:<\/strong><br \/>\n17,3 % bia\u0142ka surowego<br \/>\n8,4 % t\u0142uszczu surowego<br \/>\n7,1 % w\u0142\u00f3kna surowego<br \/>\n4,2 % popio\u0142u surowego<br \/>\n0,68% lizyny<br \/>\n0,28% metioniny<br \/>\n0,06% sodu<\/p>\n<p>Zalecenia \u017cywieniowe: 5 g wymiesza\u0107 z 1 kg codziennej karmy podstawowej.<\/p>\n<p><strong>Przechowywa\u0107 w ch\u0142odnym miejscu, chroni\u0105c przed \u015bwiat\u0142em!<\/strong><\/p>\n<p><strong>Masa netto: 250 g<\/strong><\/p>\n","protected":false},"featured_media":9541,"comment_status":"closed","ping_status":"closed","template":"","meta":[],"product_brand":[],"product_cat":[503],"product_tag":[],"class_list":{"0":"post-10732","1":"product","2":"type-product","3":"status-publish","4":"has-post-thumbnail","6":"product_cat-mr-backs-drob","8":"first","9":"instock","10":"shipping-taxable","11":"product-type-simple"},"_links":{"self":[{"href":"https:\/\/www.tauben-backs.de\/pl\/wp-json\/wp\/v2\/product\/10732","targetHints":{"allow":["GET"]}}],"collection":[{"href":"https:\/\/www.tauben-backs.de\/pl\/wp-json\/wp\/v2\/product"}],"about":[{"href":"https:\/\/www.tauben-backs.de\/pl\/wp-json\/wp\/v2\/types\/product"}],"replies":[{"embeddable":true,"href":"https:\/\/www.tauben-backs.de\/pl\/wp-json\/wp\/v2\/comments?post=10732"}],"wp:featuredmedia":[{"embeddable":true,"href":"https:\/\/www.tauben-backs.de\/pl\/wp-json\/wp\/v2\/media\/9541"}],"wp:attachment":[{"href":"https:\/\/www.tauben-backs.de\/pl\/wp-json\/wp\/v2\/media?parent=10732"}],"wp:term":[{"taxonomy":"product_brand","embeddable":true,"href":"https:\/\/www.tauben-backs.de\/pl\/wp-json\/wp\/v2\/product_brand?post=10732"},{"taxonomy":"product_cat","embeddable":true,"href":"https:\/\/www.tauben-backs.de\/pl\/wp-json\/wp\/v2\/product_cat?post=10732"},{"taxonomy":"product_tag","embeddable":true,"href":"https:\/\/www.tauben-backs.de\/pl\/wp-json\/wp\/v2\/product_tag?post=10732"}],"curies":[{"name":"wp","href":"https:\/\/api.w.org\/{rel}","templated":true}]}}