{"id":10731,"date":"2022-06-27T14:43:47","date_gmt":"2022-06-27T12:43:47","guid":{"rendered":"https:\/\/www.tauben-backs.de\/bez-kategorii\/mr-backs-gemuesegarten-ogrod-warzywny-2\/"},"modified":"2022-06-27T14:43:47","modified_gmt":"2022-06-27T12:43:47","slug":"mr-backs-gemuesegarten-ogrod-warzywny-2","status":"publish","type":"product","link":"https:\/\/www.tauben-backs.de\/pl\/drob-ozdobny\/mr-backs-drob\/mr-backs-gemuesegarten-ogrod-warzywny-2\/","title":{"rendered":"Mr. Backs Gem\u00fcsegarten &#8211; Ogr\u00f3d warzywny"},"content":{"rendered":"","protected":false},"excerpt":{"rendered":"<p>dla kur, przepi\u00f3rek i innych gatunk\u00f3w drobiu<\/p>\n<p>specjalne sk\u0142adniki zapewniaj\u0105ce zbilansowan\u0105 zawarto\u015b\u0107 witamin<\/p>\n<p>Naturalne sk\u0142adniki, delikatnie suszone.<\/p>\n<p>Ogr\u00f3d warzywny pana Backa<br \/>\nPasza uzupe\u0142niaj\u0105ca dla drobiu<\/p>\n<p><strong>Sk\u0142ad:<\/strong> li\u015bcie brzozy, lucerna, marchew, jab\u0142ko, cukinia, li\u015bcie maliny, babka lancetowata, \u0142odygi pietruszki, pomidory, og\u00f3rki, mniszek lekarski<\/p>\n<p><strong>Sk\u0142adniki analityczne:<\/strong><br \/>\n21,1% w\u0142\u00f3kna surowe<br \/>\n13,7% bia\u0142ko surowe<br \/>\n12,5% popi\u00f3\u0142 surowy<br \/>\n2,0% t\u0142uszcz surowy<br \/>\n0,54% lizyna<br \/>\n0,22% metioniny<br \/>\n0,05% sodu<\/p>\n<p>Zalecenia \u017cywieniowe: 5 g wymiesza\u0107 z codzienn\u0105 porcj\u0105 pokarmu g\u0142\u00f3wnego o wadze 1 kg.<\/p>\n<p><strong>Przechowywa\u0107 w ch\u0142odnym miejscu, chroni\u0105c przed \u015bwiat\u0142em!<\/strong><\/p>\n<p><strong>Waga netto: 250 g<\/strong><\/p>\n","protected":false},"featured_media":9537,"comment_status":"closed","ping_status":"closed","template":"","meta":[],"product_brand":[],"product_cat":[503],"product_tag":[],"class_list":{"0":"post-10731","1":"product","2":"type-product","3":"status-publish","4":"has-post-thumbnail","6":"product_cat-mr-backs-drob","8":"first","9":"instock","10":"shipping-taxable","11":"product-type-simple"},"_links":{"self":[{"href":"https:\/\/www.tauben-backs.de\/pl\/wp-json\/wp\/v2\/product\/10731","targetHints":{"allow":["GET"]}}],"collection":[{"href":"https:\/\/www.tauben-backs.de\/pl\/wp-json\/wp\/v2\/product"}],"about":[{"href":"https:\/\/www.tauben-backs.de\/pl\/wp-json\/wp\/v2\/types\/product"}],"replies":[{"embeddable":true,"href":"https:\/\/www.tauben-backs.de\/pl\/wp-json\/wp\/v2\/comments?post=10731"}],"wp:featuredmedia":[{"embeddable":true,"href":"https:\/\/www.tauben-backs.de\/pl\/wp-json\/wp\/v2\/media\/9537"}],"wp:attachment":[{"href":"https:\/\/www.tauben-backs.de\/pl\/wp-json\/wp\/v2\/media?parent=10731"}],"wp:term":[{"taxonomy":"product_brand","embeddable":true,"href":"https:\/\/www.tauben-backs.de\/pl\/wp-json\/wp\/v2\/product_brand?post=10731"},{"taxonomy":"product_cat","embeddable":true,"href":"https:\/\/www.tauben-backs.de\/pl\/wp-json\/wp\/v2\/product_cat?post=10731"},{"taxonomy":"product_tag","embeddable":true,"href":"https:\/\/www.tauben-backs.de\/pl\/wp-json\/wp\/v2\/product_tag?post=10731"}],"curies":[{"name":"wp","href":"https:\/\/api.w.org\/{rel}","templated":true}]}}