{"id":10625,"date":"2022-06-27T14:46:53","date_gmt":"2022-06-27T12:46:53","guid":{"rendered":"https:\/\/www.tauben-backs.de\/bez-kategorii\/mr-backs-darm-vital-witalnosc-jelit\/"},"modified":"2022-06-27T14:46:53","modified_gmt":"2022-06-27T12:46:53","slug":"mr-backs-darm-vital-witalnosc-jelit","status":"publish","type":"product","link":"https:\/\/www.tauben-backs.de\/pl\/drob-ozdobny\/mr-backs\/mr-backs-darm-vital-witalnosc-jelit\/","title":{"rendered":"Mr. Backs Darm Vital &#8211; Witalno\u015b\u0107 jelit"},"content":{"rendered":"","protected":false},"excerpt":{"rendered":"<p>dla kur, przepi\u00f3rek i innych gatunk\u00f3w drobiu<\/p>\n<p>Te zio\u0142a, kwiaty i warzywa maj\u0105 pozytywny wp\u0142yw na odporno\u015b\u0107 zwierz\u0105t. Zapewniaj\u0105 optymalne trawienie i s\u0105 bardzo lubiane przez dr\u00f3b.<\/p>\n<p><strong>Mr. Backs Darm-Vital &#8211; Witalno\u015b\u0107 jelit<\/strong><br \/>\nPasza uzupe\u0142niaj\u0105ca dla drobiu<\/p>\n<p><strong>Sk\u0142ad:<\/strong> lucerna, marchew, hibiskus, \u0142odygi pietruszki, nagietek,<br \/>\nplasterki og\u00f3rka<\/p>\n<p><strong>Sk\u0142adniki analityczne:<\/strong><br \/>\n23,8 % w\u0142\u00f3kna surowej<br \/>\n15,3 % bia\u0142ka surowego<br \/>\n9,2 % popio\u0142u surowego<br \/>\n2,5 % t\u0142uszczu surowego<br \/>\n0,6 % lizyny<br \/>\n0,25% metioniny<br \/>\n0,04% sodu<\/p>\n<p><strong>Zalecenia \u017cywieniowe:<\/strong> 5 g wymiesza\u0107 z 1 kg dziennej porcji pokarmu podstawowego.<\/p>\n<p><strong>Przechowywa\u0107 w ch\u0142odnym miejscu, chroni\u0105c przed \u015bwiat\u0142em!<\/strong><\/p>\n<p><strong>Masa netto: 250 g<\/strong><\/p>\n","protected":false},"featured_media":9525,"comment_status":"closed","ping_status":"closed","template":"","meta":[],"product_brand":[],"product_cat":[503],"product_tag":[],"class_list":{"0":"post-10625","1":"product","2":"type-product","3":"status-publish","4":"has-post-thumbnail","6":"product_cat-mr-backs","8":"first","9":"instock","10":"shipping-taxable","11":"product-type-simple"},"_links":{"self":[{"href":"https:\/\/www.tauben-backs.de\/pl\/wp-json\/wp\/v2\/product\/10625","targetHints":{"allow":["GET"]}}],"collection":[{"href":"https:\/\/www.tauben-backs.de\/pl\/wp-json\/wp\/v2\/product"}],"about":[{"href":"https:\/\/www.tauben-backs.de\/pl\/wp-json\/wp\/v2\/types\/product"}],"replies":[{"embeddable":true,"href":"https:\/\/www.tauben-backs.de\/pl\/wp-json\/wp\/v2\/comments?post=10625"}],"wp:featuredmedia":[{"embeddable":true,"href":"https:\/\/www.tauben-backs.de\/pl\/wp-json\/wp\/v2\/media\/9525"}],"wp:attachment":[{"href":"https:\/\/www.tauben-backs.de\/pl\/wp-json\/wp\/v2\/media?parent=10625"}],"wp:term":[{"taxonomy":"product_brand","embeddable":true,"href":"https:\/\/www.tauben-backs.de\/pl\/wp-json\/wp\/v2\/product_brand?post=10625"},{"taxonomy":"product_cat","embeddable":true,"href":"https:\/\/www.tauben-backs.de\/pl\/wp-json\/wp\/v2\/product_cat?post=10625"},{"taxonomy":"product_tag","embeddable":true,"href":"https:\/\/www.tauben-backs.de\/pl\/wp-json\/wp\/v2\/product_tag?post=10625"}],"curies":[{"name":"wp","href":"https:\/\/api.w.org\/{rel}","templated":true}]}}