{"id":10624,"date":"2022-06-27T14:48:12","date_gmt":"2022-06-27T12:48:12","guid":{"rendered":"https:\/\/www.tauben-backs.de\/bez-kategorii\/mr-backs-immun-aktiv\/"},"modified":"2022-06-27T14:48:12","modified_gmt":"2022-06-27T12:48:12","slug":"mr-backs-immun-aktiv","status":"publish","type":"product","link":"https:\/\/www.tauben-backs.de\/pl\/drob-ozdobny\/mr-backs\/mr-backs-immun-aktiv\/","title":{"rendered":"Mr. Backs Immun Aktiv"},"content":{"rendered":"","protected":false},"excerpt":{"rendered":"<p>dla kur, przepi\u00f3rek i innych gatunk\u00f3w drobiu<\/p>\n<p>Naturalne sk\u0142adniki delikatnie suszone. Te naturalne zio\u0142a maj\u0105 pozytywny wp\u0142yw na ca\u0142y uk\u0142ad odporno\u015bciowy oraz wspomagaj\u0105 drogi oddechowe i przew\u00f3d pokarmowy.<\/p>\n<p><strong>Mr. Backs Immun-Aktiv<\/strong><br \/>\nKarma uzupe\u0142niaj\u0105ca dla drobiu<\/p>\n<p><strong>Sk\u0142ad:<\/strong> \u0142odygi pietruszki, chaber, babka lancetowata, mniszek lekarski,<br \/>\npokrzywa, rumianek, chmiel<\/p>\n<p><strong>Sk\u0142adniki analityczne:<\/strong><br \/>\n19,5 % surowego b\u0142onnika<br \/>\n11,9 % surowego bia\u0142ka<br \/>\n9,4 % surowego popio\u0142u<br \/>\n3,8% t\u0142uszczu surowego<br \/>\n0,5% lizyny<br \/>\n0,2% metioniny<br \/>\n0,05% sodu<\/p>\n<p><strong>Zalecenia \u017cywieniowe:<\/strong> 5 g wymiesza\u0107 z 1 kg dziennej porcji pokarmu podstawowego.<\/p>\n<p><strong>Przechowywa\u0107 w ch\u0142odnym miejscu, chroni\u0105c przed \u015bwiat\u0142em!<\/strong><\/p>\n<p><strong>Masa netto: 250 g<\/strong><\/p>\n","protected":false},"featured_media":9521,"comment_status":"closed","ping_status":"closed","template":"","meta":[],"product_brand":[],"product_cat":[503],"product_tag":[],"class_list":{"0":"post-10624","1":"product","2":"type-product","3":"status-publish","4":"has-post-thumbnail","6":"product_cat-mr-backs","8":"first","9":"instock","10":"shipping-taxable","11":"product-type-simple"},"_links":{"self":[{"href":"https:\/\/www.tauben-backs.de\/pl\/wp-json\/wp\/v2\/product\/10624","targetHints":{"allow":["GET"]}}],"collection":[{"href":"https:\/\/www.tauben-backs.de\/pl\/wp-json\/wp\/v2\/product"}],"about":[{"href":"https:\/\/www.tauben-backs.de\/pl\/wp-json\/wp\/v2\/types\/product"}],"replies":[{"embeddable":true,"href":"https:\/\/www.tauben-backs.de\/pl\/wp-json\/wp\/v2\/comments?post=10624"}],"wp:featuredmedia":[{"embeddable":true,"href":"https:\/\/www.tauben-backs.de\/pl\/wp-json\/wp\/v2\/media\/9521"}],"wp:attachment":[{"href":"https:\/\/www.tauben-backs.de\/pl\/wp-json\/wp\/v2\/media?parent=10624"}],"wp:term":[{"taxonomy":"product_brand","embeddable":true,"href":"https:\/\/www.tauben-backs.de\/pl\/wp-json\/wp\/v2\/product_brand?post=10624"},{"taxonomy":"product_cat","embeddable":true,"href":"https:\/\/www.tauben-backs.de\/pl\/wp-json\/wp\/v2\/product_cat?post=10624"},{"taxonomy":"product_tag","embeddable":true,"href":"https:\/\/www.tauben-backs.de\/pl\/wp-json\/wp\/v2\/product_tag?post=10624"}],"curies":[{"name":"wp","href":"https:\/\/api.w.org\/{rel}","templated":true}]}}