{"id":10619,"date":"2022-06-27T14:49:39","date_gmt":"2022-06-27T12:49:39","guid":{"rendered":"https:\/\/www.tauben-backs.de\/bez-kategorii\/mr-backs-mehlwuermer-suszone-maczniki\/"},"modified":"2022-06-27T14:49:39","modified_gmt":"2022-06-27T12:49:39","slug":"mr-backs-mehlwuermer-suszone-maczniki","status":"publish","type":"product","link":"https:\/\/www.tauben-backs.de\/pl\/ptaki\/karmic\/mr-backs-mehlwuermer-suszone-maczniki\/","title":{"rendered":"Mr. Backs Mehlw\u00fcrmer &#8211;  Suszone m\u0105czniki"},"content":{"rendered":"","protected":false},"excerpt":{"rendered":"<p>dla kur, przepi\u00f3rek i innych gatunk\u00f3w drobiu, a tak\u017ce ptak\u00f3w i gad\u00f3w<br \/>\nM\u0105czniki s\u0105 przysmakiem i zawieraj\u0105 wiele zdrowych sk\u0142adnik\u00f3w od\u017cywczych<\/p>\n<p>Suszone m\u0105czniki stanowi\u0105 bogate \u017ar\u00f3d\u0142o bia\u0142ka dla zwierz\u0105t domowych, dzikich ptak\u00f3w i gad\u00f3w.<\/p>\n<p><strong>Mr. Backs Mehlw\u00fcrmer &#8211; Suszone m\u0105czniki<\/strong><br \/>\nKarma pojedyncza dla zwierz\u0105t domowych i zoologicznych, a tak\u017ce dzikich ptak\u00f3w<\/p>\n<p><strong>Sk\u0142ad:<\/strong> 100% m\u0105cznik\u00f3w<\/p>\n<p><strong>Sk\u0142adniki analityczne:<\/strong><br \/>\n54% bia\u0142ka surowego<br \/>\n31% t\u0142uszczu surowego<\/p>\n<p><strong>Zalecenia \u017cywieniowe:<\/strong> 10 g m\u0105cznik\u00f3w wymiesza\u0107 z 1 kg karmy podstawowej. Nie wolno podawa\u0107 zwierz\u0119tom przeznaczonym do produkcji \u017cywno\u015bci.<\/p>\n<p><strong>Przechowywa\u0107 w ch\u0142odnym miejscu, chroni\u0105c przed \u015bwiat\u0142em!<\/strong><\/p>\n<p><strong>Masa netto: 250 g, 500 g, 1000 g, 5000 g<\/strong><\/p>\n","protected":false},"featured_media":9517,"comment_status":"closed","ping_status":"closed","template":"","meta":[],"product_brand":[],"product_cat":[248,503,256,257,260],"product_tag":[],"class_list":{"0":"post-10619","1":"product","2":"type-product","3":"status-publish","4":"has-post-thumbnail","6":"product_cat-drob-ozdobny","7":"product_cat-mr-backs","8":"product_cat-ptaki","9":"product_cat-karmic","10":"product_cat-ogrod","11":"pa_variante-1000-g","12":"pa_variante-250-g","13":"pa_variante-500-g","14":"pa_variante-5000-g","16":"first","17":"instock","18":"shipping-taxable","19":"product-type-variable"},"_links":{"self":[{"href":"https:\/\/www.tauben-backs.de\/pl\/wp-json\/wp\/v2\/product\/10619","targetHints":{"allow":["GET"]}}],"collection":[{"href":"https:\/\/www.tauben-backs.de\/pl\/wp-json\/wp\/v2\/product"}],"about":[{"href":"https:\/\/www.tauben-backs.de\/pl\/wp-json\/wp\/v2\/types\/product"}],"replies":[{"embeddable":true,"href":"https:\/\/www.tauben-backs.de\/pl\/wp-json\/wp\/v2\/comments?post=10619"}],"wp:featuredmedia":[{"embeddable":true,"href":"https:\/\/www.tauben-backs.de\/pl\/wp-json\/wp\/v2\/media\/9517"}],"wp:attachment":[{"href":"https:\/\/www.tauben-backs.de\/pl\/wp-json\/wp\/v2\/media?parent=10619"}],"wp:term":[{"taxonomy":"product_brand","embeddable":true,"href":"https:\/\/www.tauben-backs.de\/pl\/wp-json\/wp\/v2\/product_brand?post=10619"},{"taxonomy":"product_cat","embeddable":true,"href":"https:\/\/www.tauben-backs.de\/pl\/wp-json\/wp\/v2\/product_cat?post=10619"},{"taxonomy":"product_tag","embeddable":true,"href":"https:\/\/www.tauben-backs.de\/pl\/wp-json\/wp\/v2\/product_tag?post=10619"}],"curies":[{"name":"wp","href":"https:\/\/api.w.org\/{rel}","templated":true}]}}