{"id":10618,"date":"2022-06-27T15:18:54","date_gmt":"2022-06-27T13:18:54","guid":{"rendered":"https:\/\/www.tauben-backs.de\/bez-kategorii\/mr-backs-blumenwiese-kwiatowa-laka\/"},"modified":"2022-06-27T15:18:54","modified_gmt":"2022-06-27T13:18:54","slug":"mr-backs-blumenwiese-kwiatowa-laka","status":"publish","type":"product","link":"https:\/\/www.tauben-backs.de\/pl\/mr-backs\/mr-backs-blumenwiese-kwiatowa-laka\/","title":{"rendered":"Mr. Backs Blumenwiese &#8211; Kwiatowa \u0142\u0105ka"},"content":{"rendered":"","protected":false},"excerpt":{"rendered":"<p>dla wszystkich gryzoni, takich jak kr\u00f3liki miniaturowe, \u015bwinki morskie, szynszyle, szczury, myszy i inne.<br \/>\n<strong>Mr. Backs Blumenwiese<\/strong> &#8211; Kwiatowa \u0142\u0105ka to pasza uzupe\u0142niaj\u0105ca dla gryzoni, sk\u0142adaj\u0105ca si\u0119 ze starannie wyselekcjonowanych zi\u00f3\u0142 i kwiat\u00f3w. Idealna jako dodatek do codziennej porcji siana.<br \/>\nNaturalne sk\u0142adniki delikatnie suszone.<\/p>\n<p><strong>Mr. Backs Blumenwiese &#8211; \u201eKwiatowa \u0142\u0105ka\u201d<\/strong><br \/>\nPokarm uzupe\u0142niaj\u0105cy dla wszystkich gryzoni, takich jak kr\u00f3liki miniaturowe, \u015bwinki morskie, szynszyle, szczury, myszy i inne.<\/p>\n<p><strong>Sk\u0142ad:<\/strong> lucerna, kwiaty nagietka, rumianek, p\u0142atki r\u00f3\u017cy, \u0142odygi pietruszki<\/p>\n<p><strong>Sk\u0142ad analityczny:<\/strong><br \/>\n17,3 % bia\u0142ka surowego<br \/>\n8,4 % t\u0142uszczu surowego<br \/>\n7,1 % w\u0142\u00f3kna surowego<br \/>\n4,2 % popio\u0142u surowego<\/p>\n<p><strong>Zalecenia \u017cywieniowe:<\/strong> Jako dodatek do codziennej porcji siana.<\/p>\n<p><strong>Przechowywa\u0107 w ch\u0142odnym miejscu, chroni\u0105c przed \u015bwiat\u0142em!<\/strong><\/p>\n<p><strong>Masa netto: 250 g<\/strong><\/p>\n","protected":false},"featured_media":9566,"comment_status":"closed","ping_status":"closed","template":"","meta":[],"product_brand":[],"product_cat":[516],"product_tag":[],"class_list":{"0":"post-10618","1":"product","2":"type-product","3":"status-publish","4":"has-post-thumbnail","6":"product_cat-mr-backs","8":"first","9":"instock","10":"shipping-taxable","11":"product-type-simple"},"_links":{"self":[{"href":"https:\/\/www.tauben-backs.de\/pl\/wp-json\/wp\/v2\/product\/10618","targetHints":{"allow":["GET"]}}],"collection":[{"href":"https:\/\/www.tauben-backs.de\/pl\/wp-json\/wp\/v2\/product"}],"about":[{"href":"https:\/\/www.tauben-backs.de\/pl\/wp-json\/wp\/v2\/types\/product"}],"replies":[{"embeddable":true,"href":"https:\/\/www.tauben-backs.de\/pl\/wp-json\/wp\/v2\/comments?post=10618"}],"wp:featuredmedia":[{"embeddable":true,"href":"https:\/\/www.tauben-backs.de\/pl\/wp-json\/wp\/v2\/media\/9566"}],"wp:attachment":[{"href":"https:\/\/www.tauben-backs.de\/pl\/wp-json\/wp\/v2\/media?parent=10618"}],"wp:term":[{"taxonomy":"product_brand","embeddable":true,"href":"https:\/\/www.tauben-backs.de\/pl\/wp-json\/wp\/v2\/product_brand?post=10618"},{"taxonomy":"product_cat","embeddable":true,"href":"https:\/\/www.tauben-backs.de\/pl\/wp-json\/wp\/v2\/product_cat?post=10618"},{"taxonomy":"product_tag","embeddable":true,"href":"https:\/\/www.tauben-backs.de\/pl\/wp-json\/wp\/v2\/product_tag?post=10618"}],"curies":[{"name":"wp","href":"https:\/\/api.w.org\/{rel}","templated":true}]}}