{"id":10617,"date":"2022-06-27T15:21:00","date_gmt":"2022-06-27T13:21:00","guid":{"rendered":"https:\/\/www.tauben-backs.de\/bez-kategorii\/mr-backs-johannisbrot-karob-chleb-swietojanski\/"},"modified":"2022-06-27T15:21:00","modified_gmt":"2022-06-27T13:21:00","slug":"mr-backs-johannisbrot-karob-chleb-swietojanski","status":"publish","type":"product","link":"https:\/\/www.tauben-backs.de\/pl\/gryzonie-i-kroliki\/mr-backs-gryzonie\/mr-backs-johannisbrot-karob-chleb-swietojanski\/","title":{"rendered":"Mr. Backs Johannisbrot &#8211; Karob chleb \u015bwi\u0119toja\u0144ski"},"content":{"rendered":"","protected":false},"excerpt":{"rendered":"<p>dla wszystkich gryzoni, takich jak kr\u00f3liki miniaturowe, \u015bwinki morskie, szynszyle, szczury, myszy i inne<br \/>\n<strong>Mr. Backs Johannisbrot<\/strong> &#8211; Karob chleb \u015bwi\u0119toja\u0144ski o niskiej zawarto\u015bci t\u0142uszczu oraz bogate w wap\u0144 i fosfor w naturalny spos\u00f3b wspomagaj\u0105 trawienie. Delikatnie suszone.<br \/>\nMr. Backs Johannesbrot &#8211; Karob chleb \u015bwi\u0119toja\u0144ski<br \/>\nKarma pojedyncza dla gryzoni<\/p>\n<p><strong>Sk\u0142ad<\/strong>: 100% chleb \u015bwi\u0119toja\u0144ski<\/p>\n<p><strong>Sk\u0142adniki analityczne:<\/strong><br \/>\n10% w\u0142\u00f3kna surowe<br \/>\n0,9% t\u0142uszcz surowy<\/p>\n<p><strong>Zalecenia \u017cywieniowe<\/strong>: Jako dodatek do codziennej porcji siana.<\/p>\n<p><strong>Przechowywa\u0107 w ch\u0142odnym miejscu, chroni\u0105c przed \u015bwiat\u0142em!<\/strong><\/p>\n<p><strong>Masa netto: 250 g<\/strong><\/p>\n","protected":false},"featured_media":9558,"comment_status":"closed","ping_status":"closed","template":"","meta":[],"product_brand":[],"product_cat":[516],"product_tag":[],"class_list":{"0":"post-10617","1":"product","2":"type-product","3":"status-publish","4":"has-post-thumbnail","6":"product_cat-mr-backs-gryzonie","8":"first","9":"instock","10":"shipping-taxable","11":"product-type-simple"},"_links":{"self":[{"href":"https:\/\/www.tauben-backs.de\/pl\/wp-json\/wp\/v2\/product\/10617","targetHints":{"allow":["GET"]}}],"collection":[{"href":"https:\/\/www.tauben-backs.de\/pl\/wp-json\/wp\/v2\/product"}],"about":[{"href":"https:\/\/www.tauben-backs.de\/pl\/wp-json\/wp\/v2\/types\/product"}],"replies":[{"embeddable":true,"href":"https:\/\/www.tauben-backs.de\/pl\/wp-json\/wp\/v2\/comments?post=10617"}],"wp:featuredmedia":[{"embeddable":true,"href":"https:\/\/www.tauben-backs.de\/pl\/wp-json\/wp\/v2\/media\/9558"}],"wp:attachment":[{"href":"https:\/\/www.tauben-backs.de\/pl\/wp-json\/wp\/v2\/media?parent=10617"}],"wp:term":[{"taxonomy":"product_brand","embeddable":true,"href":"https:\/\/www.tauben-backs.de\/pl\/wp-json\/wp\/v2\/product_brand?post=10617"},{"taxonomy":"product_cat","embeddable":true,"href":"https:\/\/www.tauben-backs.de\/pl\/wp-json\/wp\/v2\/product_cat?post=10617"},{"taxonomy":"product_tag","embeddable":true,"href":"https:\/\/www.tauben-backs.de\/pl\/wp-json\/wp\/v2\/product_tag?post=10617"}],"curies":[{"name":"wp","href":"https:\/\/api.w.org\/{rel}","templated":true}]}}