{"id":10616,"date":"2022-06-27T15:22:33","date_gmt":"2022-06-27T13:22:33","guid":{"rendered":"https:\/\/www.tauben-backs.de\/bez-kategorii\/mr-backs-bluetenzauber-czar-kwiatow\/"},"modified":"2026-04-02T14:46:41","modified_gmt":"2026-04-02T12:46:41","slug":"mr-backs-bluetenzauber-czar-kwiatow","status":"publish","type":"product","link":"https:\/\/www.tauben-backs.de\/pl\/gryzonie-i-kroliki\/mr-backs-gryzonie\/mr-backs-bluetenzauber-czar-kwiatow\/","title":{"rendered":"Mr. Backs Bl\u00fctenzauber &#8211; Czar kwiat\u00f3w"},"content":{"rendered":"","protected":false},"excerpt":{"rendered":"<p>dla wszystkich gryzoni, takich jak kr\u00f3liki miniaturowe, \u015bwinki morskie, szynszyle, szczury, myszy i inne.<br \/>\nMr. Backs Bl\u00fctenzauber to karma dla gryzoni, kt\u00f3ra w po\u0142\u0105czeniu z codzienn\u0105 porcj\u0105 siana zapewnia optymalne od\u017cywianie. Mieszank\u0119 uzupe\u0142niaj\u0105 zio\u0142a, takie jak mniszek lekarski i babka lancetowata.<br \/>\nNaturalne sk\u0142adniki delikatnie suszone.<\/p>\n<p><strong>Mr. Backs Bl\u00fctenzauber &#8211;\u00a0<\/strong><strong>Czar kwiat\u00f3w<\/strong><br \/>\nKarma uzupe\u0142niaj\u0105ca dla wszystkich gryzoni, takich jak kr\u00f3liki miniaturowe, \u015bwinki morskie, szynszyle, szczury, myszy i inne.<\/p>\n<p><strong>Sk\u0142ad:<\/strong> \u0142odygi pietruszki, li\u015bcie maliny, pokrzywa, babka lancetowata, mniszek lekarski, chaber r\u00f3\u017cowy i czerwony<\/p>\n<p><strong>Sk\u0142adniki analityczne:<\/strong><br \/>\n13,6 % popio\u0142u surowego<br \/>\n13,3 % bia\u0142ka surowego<br \/>\n13,0 % w\u0142\u00f3kna surowego<br \/>\n2,6 % t\u0142uszczu surowego<\/p>\n<p><strong>Zalecenia \u017cywieniowe:<\/strong> Jako dodatek do codziennej porcji siana.<\/p>\n<p><strong>Przechowywa\u0107 w ch\u0142odnym miejscu, chroni\u0105c przed \u015bwiat\u0142em!<\/strong><\/p>\n<p><strong>Masa netto: 250 g<\/strong><\/p>\n","protected":false},"featured_media":9485,"comment_status":"closed","ping_status":"closed","template":"","meta":[],"product_brand":[],"product_cat":[516],"product_tag":[],"class_list":{"0":"post-10616","1":"product","2":"type-product","3":"status-publish","4":"has-post-thumbnail","6":"product_cat-mr-backs-gryzonie","8":"first","9":"instock","10":"shipping-taxable","11":"product-type-simple"},"_links":{"self":[{"href":"https:\/\/www.tauben-backs.de\/pl\/wp-json\/wp\/v2\/product\/10616","targetHints":{"allow":["GET"]}}],"collection":[{"href":"https:\/\/www.tauben-backs.de\/pl\/wp-json\/wp\/v2\/product"}],"about":[{"href":"https:\/\/www.tauben-backs.de\/pl\/wp-json\/wp\/v2\/types\/product"}],"replies":[{"embeddable":true,"href":"https:\/\/www.tauben-backs.de\/pl\/wp-json\/wp\/v2\/comments?post=10616"}],"wp:featuredmedia":[{"embeddable":true,"href":"https:\/\/www.tauben-backs.de\/pl\/wp-json\/wp\/v2\/media\/9485"}],"wp:attachment":[{"href":"https:\/\/www.tauben-backs.de\/pl\/wp-json\/wp\/v2\/media?parent=10616"}],"wp:term":[{"taxonomy":"product_brand","embeddable":true,"href":"https:\/\/www.tauben-backs.de\/pl\/wp-json\/wp\/v2\/product_brand?post=10616"},{"taxonomy":"product_cat","embeddable":true,"href":"https:\/\/www.tauben-backs.de\/pl\/wp-json\/wp\/v2\/product_cat?post=10616"},{"taxonomy":"product_tag","embeddable":true,"href":"https:\/\/www.tauben-backs.de\/pl\/wp-json\/wp\/v2\/product_tag?post=10616"}],"curies":[{"name":"wp","href":"https:\/\/api.w.org\/{rel}","templated":true}]}}