{"id":10615,"date":"2022-06-27T15:23:48","date_gmt":"2022-06-27T13:23:48","guid":{"rendered":"https:\/\/www.tauben-backs.de\/bez-kategorii\/mr-backs-kraeutergarten-ogrod-ziolowy\/"},"modified":"2022-06-27T15:23:48","modified_gmt":"2022-06-27T13:23:48","slug":"mr-backs-kraeutergarten-ogrod-ziolowy","status":"publish","type":"product","link":"https:\/\/www.tauben-backs.de\/pl\/gryzonie-i-kroliki\/mr-backs-gryzonie\/mr-backs-kraeutergarten-ogrod-ziolowy\/","title":{"rendered":"Mr. Backs Kr\u00e4utergarten &#8211; Ogr\u00f3d zio\u0142owy"},"content":{"rendered":"","protected":false},"excerpt":{"rendered":"<p>dla wszystkich gryzoni, takich jak kr\u00f3liki miniaturowe, \u015bwinki morskie, szynszyle, szczury, myszy i inne.<\/p>\n<p>Mr. Backs Kr\u00e4utergarten to pasza uzupe\u0142niaj\u0105ca dla gryzoni, sk\u0142adaj\u0105ca si\u0119<br \/>\nze starannie wyselekcjonowanych zi\u00f3\u0142, li\u015bci i kwiat\u00f3w.<\/p>\n<p>Naturalne sk\u0142adniki delikatnie suszone.<\/p>\n<p><strong>Mr. Backs Kr\u00e4utergarten<\/strong><br \/>\nPokarm uzupe\u0142niaj\u0105cy dla wszystkich gryzoni, takich jak kr\u00f3liki miniaturowe, \u015bwinki morskie, szynszyle, szczury, myszy i inne.<\/p>\n<p><strong>Sk\u0142ad:<\/strong> \u0142odygi pietruszki, chaber, li\u015bcie maliny, li\u015bcie je\u017cyny,<br \/>\nje\u017c\u00f3wka, rumianek<\/p>\n<p><strong>Sk\u0142ad analityczny:<\/strong><br \/>\n18,7 % bia\u0142ka surowego<br \/>\n14,2 % popio\u0142u surowego<br \/>\n10,3 % w\u0142\u00f3kna surowego<br \/>\n2,7 % t\u0142uszczu surowego<\/p>\n<p><strong>Zalecenia \u017cywieniowe:<\/strong> Jako dodatek do codziennej porcji siana.<\/p>\n<p><strong>Przechowywa\u0107 w ch\u0142odnym miejscu, chroni\u0105c przed \u015bwiat\u0142em!<\/strong><\/p>\n<p><strong>Masa netto: 250 g<\/strong><\/p>\n","protected":false},"featured_media":9489,"comment_status":"closed","ping_status":"closed","template":"","meta":[],"product_brand":[],"product_cat":[516],"product_tag":[],"class_list":{"0":"post-10615","1":"product","2":"type-product","3":"status-publish","4":"has-post-thumbnail","6":"product_cat-mr-backs-gryzonie","8":"first","9":"instock","10":"shipping-taxable","11":"product-type-simple"},"_links":{"self":[{"href":"https:\/\/www.tauben-backs.de\/pl\/wp-json\/wp\/v2\/product\/10615","targetHints":{"allow":["GET"]}}],"collection":[{"href":"https:\/\/www.tauben-backs.de\/pl\/wp-json\/wp\/v2\/product"}],"about":[{"href":"https:\/\/www.tauben-backs.de\/pl\/wp-json\/wp\/v2\/types\/product"}],"replies":[{"embeddable":true,"href":"https:\/\/www.tauben-backs.de\/pl\/wp-json\/wp\/v2\/comments?post=10615"}],"wp:featuredmedia":[{"embeddable":true,"href":"https:\/\/www.tauben-backs.de\/pl\/wp-json\/wp\/v2\/media\/9489"}],"wp:attachment":[{"href":"https:\/\/www.tauben-backs.de\/pl\/wp-json\/wp\/v2\/media?parent=10615"}],"wp:term":[{"taxonomy":"product_brand","embeddable":true,"href":"https:\/\/www.tauben-backs.de\/pl\/wp-json\/wp\/v2\/product_brand?post=10615"},{"taxonomy":"product_cat","embeddable":true,"href":"https:\/\/www.tauben-backs.de\/pl\/wp-json\/wp\/v2\/product_cat?post=10615"},{"taxonomy":"product_tag","embeddable":true,"href":"https:\/\/www.tauben-backs.de\/pl\/wp-json\/wp\/v2\/product_tag?post=10615"}],"curies":[{"name":"wp","href":"https:\/\/api.w.org\/{rel}","templated":true}]}}