{"id":10614,"date":"2022-06-27T15:25:39","date_gmt":"2022-06-27T13:25:39","guid":{"rendered":"https:\/\/www.tauben-backs.de\/bez-kategorii\/mr-backs-sommerwiese-letnia-laka\/"},"modified":"2026-04-08T13:18:27","modified_gmt":"2026-04-08T11:18:27","slug":"mr-backs-sommerwiese-letnia-laka","status":"publish","type":"product","link":"https:\/\/www.tauben-backs.de\/pl\/gryzonie-i-kroliki\/mr-backs-gryzonie\/mr-backs-sommerwiese-letnia-laka\/","title":{"rendered":"Mr. Backs Sommerwiese &#8211; Letnia \u0142\u0105ka"},"content":{"rendered":"","protected":false},"excerpt":{"rendered":"<p>dla wszystkich gryzoni, takich jak kr\u00f3liki miniaturowe, \u015bwinki morskie, szynszyle, szczury, myszy i inne.<\/p>\n<p>Mr. Backs Sommerwiese &#8211; Letnia \u0141\u0105ka, dzi\u0119ki starannie dobranym sk\u0142adnikom,<br \/>\nwspomaga wzmocnienie uk\u0142adu odporno\u015bciowego. Przyczyniaj\u0105 si\u0119 do tego mi\u0119dzy<br \/>\ninnymi takie sk\u0142adniki, jak li\u015bcie mniszka lekarskiego, rumianek i chmiel.<\/p>\n<p>Naturalne sk\u0142adniki delikatnie suszone.<\/p>\n<p>Mr. Backs Sommerwiese &#8211; Letnia \u0141\u0105ka<br \/>\nKarma uzupe\u0142niaj\u0105ca dla wszystkich gryzoni, takich jak kr\u00f3liki miniaturowe, \u015bwinki morskie, szynszyle, szczury, myszy i inne.<\/p>\n<p><strong>Sk\u0142ad<\/strong>: \u0142odygi pietruszki, chaber, babka lancetowata, mniszek lekarski,<br \/>\npokrzywa, rumianek, chmiel<\/p>\n<p><strong>Sk\u0142adniki analityczne:<\/strong><br \/>\n18,7 % bia\u0142ka surowego<br \/>\n14,2 % popio\u0142u surowego<br \/>\n10,3 % w\u0142\u00f3kna surowego<br \/>\n2,7 % t\u0142uszczu surowego<\/p>\n<p><strong>Zalecenia \u017cywieniowe:<\/strong> Jako dodatek do codziennej porcji siana.<\/p>\n<p><strong>Przechowywa\u0107 w ch\u0142odnym miejscu, chroni\u0105c przed \u015bwiat\u0142em!<\/strong><\/p>\n<p><strong>Masa netto: 250 g<\/strong><\/p>\n","protected":false},"featured_media":9481,"comment_status":"closed","ping_status":"closed","template":"","meta":[],"product_brand":[],"product_cat":[516],"product_tag":[],"class_list":{"0":"post-10614","1":"product","2":"type-product","3":"status-publish","4":"has-post-thumbnail","6":"product_cat-mr-backs-gryzonie","8":"first","9":"instock","10":"shipping-taxable","11":"product-type-simple"},"_links":{"self":[{"href":"https:\/\/www.tauben-backs.de\/pl\/wp-json\/wp\/v2\/product\/10614","targetHints":{"allow":["GET"]}}],"collection":[{"href":"https:\/\/www.tauben-backs.de\/pl\/wp-json\/wp\/v2\/product"}],"about":[{"href":"https:\/\/www.tauben-backs.de\/pl\/wp-json\/wp\/v2\/types\/product"}],"replies":[{"embeddable":true,"href":"https:\/\/www.tauben-backs.de\/pl\/wp-json\/wp\/v2\/comments?post=10614"}],"wp:featuredmedia":[{"embeddable":true,"href":"https:\/\/www.tauben-backs.de\/pl\/wp-json\/wp\/v2\/media\/9481"}],"wp:attachment":[{"href":"https:\/\/www.tauben-backs.de\/pl\/wp-json\/wp\/v2\/media?parent=10614"}],"wp:term":[{"taxonomy":"product_brand","embeddable":true,"href":"https:\/\/www.tauben-backs.de\/pl\/wp-json\/wp\/v2\/product_brand?post=10614"},{"taxonomy":"product_cat","embeddable":true,"href":"https:\/\/www.tauben-backs.de\/pl\/wp-json\/wp\/v2\/product_cat?post=10614"},{"taxonomy":"product_tag","embeddable":true,"href":"https:\/\/www.tauben-backs.de\/pl\/wp-json\/wp\/v2\/product_tag?post=10614"}],"curies":[{"name":"wp","href":"https:\/\/api.w.org\/{rel}","templated":true}]}}