{"id":10613,"date":"2022-06-27T15:26:57","date_gmt":"2022-06-27T13:26:57","guid":{"rendered":"https:\/\/www.tauben-backs.de\/bez-kategorii\/mr-backs-gemuesegarten-ogrod-warzywny\/"},"modified":"2026-04-08T13:17:59","modified_gmt":"2026-04-08T11:17:59","slug":"mr-backs-gemuesegarten-ogrod-warzywny","status":"publish","type":"product","link":"https:\/\/www.tauben-backs.de\/pl\/gryzonie-i-kroliki\/mr-backs-gryzonie\/mr-backs-gemuesegarten-ogrod-warzywny\/","title":{"rendered":"Mr. Backs Gem\u00fcsegarten &#8211; Ogr\u00f3d warzywny"},"content":{"rendered":"","protected":false},"excerpt":{"rendered":"<p>dla wszystkich gryzoni, takich jak kr\u00f3liki miniaturowe, \u015bwinki morskie, szynszyle, szczury, myszy i inne.<br \/>\nOgr\u00f3d warzywny Mr. Backs, dzi\u0119ki zbilansowanej mieszance warzyw, owoc\u00f3w, li\u015bci i zi\u00f3\u0142, stanowi doskona\u0142e uzupe\u0142nienie i rozszerzenie codziennej porcji siana. Jest optymalnym \u017ar\u00f3d\u0142em witamin i minera\u0142\u00f3w.<br \/>\nNaturalne sk\u0142adniki delikatnie suszone.<\/p>\n<p><strong>Mr. Backs Gem\u00fcsegarten &#8211; Ogr\u00f3d warzywny<\/strong><br \/>\nKarma uzupe\u0142niaj\u0105ca dla wszystkich gryzoni, takich jak kr\u00f3liki miniaturowe, \u015bwinki morskie, szynszyle, szczury, myszy i inne.<\/p>\n<p><strong>Sk\u0142ad:<\/strong> li\u015bcie brzozy, lucerna, marchew, jab\u0142ko, cukinia, li\u015bcie maliny, babka lancetowata, \u0142odygi pietruszki, pomidory, og\u00f3rki, mniszek lekarski<\/p>\n<p><strong>Sk\u0142ad analityczny:<\/strong><br \/>\n21,1% w\u0142\u00f3kna surowej<br \/>\n13,7% bia\u0142ka surowego<br \/>\n12,5% popio\u0142u surowego<br \/>\n2,0% t\u0142uszczu surowego<\/p>\n<p><strong>Zalecenia \u017cywieniowe:<\/strong> Jako dodatek do codziennej porcji siana.<\/p>\n<p><strong>Przechowywa\u0107 w ch\u0142odnym miejscu, chroni\u0105c przed \u015bwiat\u0142em!<\/strong><\/p>\n<p><strong>Masa netto: 250 g<\/strong><\/p>\n","protected":false},"featured_media":9562,"comment_status":"closed","ping_status":"closed","template":"","meta":[],"product_brand":[],"product_cat":[516],"product_tag":[],"class_list":{"0":"post-10613","1":"product","2":"type-product","3":"status-publish","4":"has-post-thumbnail","6":"product_cat-mr-backs-gryzonie","8":"first","9":"instock","10":"shipping-taxable","11":"product-type-simple"},"_links":{"self":[{"href":"https:\/\/www.tauben-backs.de\/pl\/wp-json\/wp\/v2\/product\/10613","targetHints":{"allow":["GET"]}}],"collection":[{"href":"https:\/\/www.tauben-backs.de\/pl\/wp-json\/wp\/v2\/product"}],"about":[{"href":"https:\/\/www.tauben-backs.de\/pl\/wp-json\/wp\/v2\/types\/product"}],"replies":[{"embeddable":true,"href":"https:\/\/www.tauben-backs.de\/pl\/wp-json\/wp\/v2\/comments?post=10613"}],"wp:featuredmedia":[{"embeddable":true,"href":"https:\/\/www.tauben-backs.de\/pl\/wp-json\/wp\/v2\/media\/9562"}],"wp:attachment":[{"href":"https:\/\/www.tauben-backs.de\/pl\/wp-json\/wp\/v2\/media?parent=10613"}],"wp:term":[{"taxonomy":"product_brand","embeddable":true,"href":"https:\/\/www.tauben-backs.de\/pl\/wp-json\/wp\/v2\/product_brand?post=10613"},{"taxonomy":"product_cat","embeddable":true,"href":"https:\/\/www.tauben-backs.de\/pl\/wp-json\/wp\/v2\/product_cat?post=10613"},{"taxonomy":"product_tag","embeddable":true,"href":"https:\/\/www.tauben-backs.de\/pl\/wp-json\/wp\/v2\/product_tag?post=10613"}],"curies":[{"name":"wp","href":"https:\/\/api.w.org\/{rel}","templated":true}]}}