{"id":10612,"date":"2022-06-27T15:28:19","date_gmt":"2022-06-27T13:28:19","guid":{"rendered":"https:\/\/www.tauben-backs.de\/bez-kategorii\/mr-backs-feldfrucht-roslina-uprawna\/"},"modified":"2026-04-08T13:17:30","modified_gmt":"2026-04-08T11:17:30","slug":"mr-backs-feldfrucht-roslina-uprawna","status":"publish","type":"product","link":"https:\/\/www.tauben-backs.de\/pl\/gryzonie-i-kroliki\/mr-backs-gryzonie\/mr-backs-feldfrucht-roslina-uprawna\/","title":{"rendered":"Mr. Backs Feldfrucht &#8211; ro\u015blina uprawna"},"content":{"rendered":"","protected":false},"excerpt":{"rendered":"<p>dla wszystkich gryzoni, takich jak kr\u00f3liki miniaturowe, \u015bwinki morskie, szynszyle, szczury, myszy i inne.<br \/>\nMr. Backs Feldfrucht, dzi\u0119ki optymalnej mieszance zi\u00f3\u0142, kwiat\u00f3w i warzyw, wspomaga wzmocnienie odporno\u015bci i zapewnia prawid\u0142owe trawienie.<br \/>\nNaturalne sk\u0142adniki delikatnie suszone.<\/p>\n<p><strong>Mr. Backs Feldfrucht<\/strong><br \/>\nKarma uzupe\u0142niaj\u0105ca dla wszystkich gryzoni, takich jak kr\u00f3liki miniaturowe, \u015bwinki morskie, szynszyle, szczury, myszy i inne.<\/p>\n<p><strong>Sk\u0142ad:<\/strong> lucerna, marchew, hibiskus, \u0142odygi pietruszki, nagietek, plasterki og\u00f3rka<\/p>\n<p><strong>Sk\u0142ad analityczny:<\/strong><br \/>\n18,2% bia\u0142ka surowego<br \/>\n7,7% w\u0142\u00f3kna surowego<br \/>\n4,4% t\u0142uszczu surowego<br \/>\n4,3% popio\u0142u surowego<\/p>\n<p><strong>Zalecenia \u017cywieniowe:<\/strong> Jako dodatek do codziennej porcji siana.<\/p>\n<p><strong>Przechowywa\u0107 w ch\u0142odnym miejscu, chroni\u0105c przed \u015bwiat\u0142em!<\/strong><\/p>\n<p><strong>Masa netto: 250 g<\/strong><\/p>\n","protected":false},"featured_media":9554,"comment_status":"closed","ping_status":"closed","template":"","meta":[],"product_brand":[],"product_cat":[516],"product_tag":[],"class_list":{"0":"post-10612","1":"product","2":"type-product","3":"status-publish","4":"has-post-thumbnail","6":"product_cat-mr-backs-gryzonie","8":"first","9":"instock","10":"shipping-taxable","11":"product-type-simple"},"_links":{"self":[{"href":"https:\/\/www.tauben-backs.de\/pl\/wp-json\/wp\/v2\/product\/10612","targetHints":{"allow":["GET"]}}],"collection":[{"href":"https:\/\/www.tauben-backs.de\/pl\/wp-json\/wp\/v2\/product"}],"about":[{"href":"https:\/\/www.tauben-backs.de\/pl\/wp-json\/wp\/v2\/types\/product"}],"replies":[{"embeddable":true,"href":"https:\/\/www.tauben-backs.de\/pl\/wp-json\/wp\/v2\/comments?post=10612"}],"wp:featuredmedia":[{"embeddable":true,"href":"https:\/\/www.tauben-backs.de\/pl\/wp-json\/wp\/v2\/media\/9554"}],"wp:attachment":[{"href":"https:\/\/www.tauben-backs.de\/pl\/wp-json\/wp\/v2\/media?parent=10612"}],"wp:term":[{"taxonomy":"product_brand","embeddable":true,"href":"https:\/\/www.tauben-backs.de\/pl\/wp-json\/wp\/v2\/product_brand?post=10612"},{"taxonomy":"product_cat","embeddable":true,"href":"https:\/\/www.tauben-backs.de\/pl\/wp-json\/wp\/v2\/product_cat?post=10612"},{"taxonomy":"product_tag","embeddable":true,"href":"https:\/\/www.tauben-backs.de\/pl\/wp-json\/wp\/v2\/product_tag?post=10612"}],"curies":[{"name":"wp","href":"https:\/\/api.w.org\/{rel}","templated":true}]}}